{"id":7115,"date":"2022-02-09T15:42:58","date_gmt":"2022-02-09T14:42:58","guid":{"rendered":"https:\/\/ronbarcelo.com\/?page_id=7115"},"modified":"2022-02-10T15:15:43","modified_gmt":"2022-02-10T14:15:43","slug":"zertifizierungen","status":"publish","type":"page","link":"https:\/\/ronbarcelo.com\/de\/unser-unternehmen\/zertifizierungen\/","title":{"rendered":"Zertifizierungen"},"content":{"rendered":"<p>[vc_row][vc_column][vc_column_text]    <div class=\"gg-shop-style_1 certification-list\">\n        <ul class=\"products columns-3\">\n                            <li class=\"has_thumb product type-product post-12069 status-publish product_cat-white has-post-thumbnail\">\n    <div class=\"product-image-wrap\">\n        <img loading=\"lazy\" decoding=\"async\" width=\"281\" height=\"180\" src=\"https:\/\/ronbarcelo.com\/wp-content\/uploads\/2025\/04\/Cert-B-Corp-EN-TAG.png\" class=\"attachment-medium size-medium wp-post-image\" alt=\"\" srcset=\"https:\/\/ronbarcelo.com\/wp-content\/uploads\/2025\/04\/Cert-B-Corp-EN-TAG.png 281w, https:\/\/ronbarcelo.com\/wp-content\/uploads\/2025\/04\/Cert-B-Corp-EN-TAG-94x60.png 94w, https:\/\/ronbarcelo.com\/wp-content\/uploads\/2025\/04\/Cert-B-Corp-EN-TAG-141x90.png 141w\" sizes=\"auto, (max-width: 281px) 100vw, 281px\" \/>    <\/div>\n    <div class=\"product-meta-wrap\">\n        <div class=\"product-meta-wrap-inner\">\n            <h2 class=\"woocommerce-loop-product__title\">\n                B - Corp            <\/h2>\n            <hr\/>\n            <span class=\"cert-description\"><p>Ron Barcel\u00f3 ist Teil der Gemeinschaft der zertifizierten B Corporations, anerkannt f\u00fcr ihre hohen \u00fcberpr\u00fcften Standards in sozialer und \u00f6kologischer Leistung, Verantwortung und Transparenz.<\/p>\n<\/span>\n\n<!--        <hr \/>\n            <span class=\"related-description\"><\/span>-->\n        <\/div>\n    <\/div>\n<\/li>                            <li class=\"has_thumb product type-product post-7132 status-publish product_cat-white has-post-thumbnail\">\n    <div class=\"product-image-wrap\">\n        <img loading=\"lazy\" decoding=\"async\" width=\"280\" height=\"180\" src=\"https:\/\/ronbarcelo.com\/wp-content\/uploads\/2021\/04\/climateneutral_or.png\" class=\"attachment-medium size-medium wp-post-image\" alt=\"\" \/>    <\/div>\n    <div class=\"product-meta-wrap\">\n        <div class=\"product-meta-wrap-inner\">\n            <h2 class=\"woocommerce-loop-product__title\">\n                Climate Neutral Now            <\/h2>\n            <hr\/>\n            <span class=\"cert-description\"><p>Ron Barcel\u00f3 ist an der Initiative \u201eClimate Neutral Now\u201c der Vereinten Nationen beteiligt und vertritt das erste Destillat und den ersten Rum der Welt, die an diesem Programm teilnehmen. Diese von der UNO ins Leben gerufene Initiative unterst\u00fctzt die Umsetzung von Klimaschutzma\u00dfnahmen, die darauf abzielen, den Temperaturanstieg auf unter 1,5 \u00b0C zu begrenzen und bis Mitte des Jahrhunderts die globale CO2-Neutralit\u00e4t zu erreichen, wie es das \u00dcbereinkommen von Paris fordert.<\/p>\n<\/span>\n\n<!--        <hr \/>\n            <span class=\"related-description\"><\/span>-->\n        <\/div>\n    <\/div>\n<\/li>                            <li class=\"has_thumb product type-product post-7129 status-publish product_cat-white has-post-thumbnail\">\n    <div class=\"product-image-wrap\">\n        <img loading=\"lazy\" decoding=\"async\" width=\"280\" height=\"180\" src=\"https:\/\/ronbarcelo.com\/wp-content\/uploads\/2021\/04\/carribeanrum_or.png\" class=\"attachment-medium size-medium wp-post-image\" alt=\"\" \/>    <\/div>\n    <div class=\"product-meta-wrap\">\n        <div class=\"product-meta-wrap-inner\">\n            <h2 class=\"woocommerce-loop-product__title\">\n                Authentic Caribbean Rum            <\/h2>\n            <hr\/>\n            <span class=\"cert-description\"><p>Die Marke Aut\u00e9ntico Ron Caribe\u00f1o (ACR Marque) ist ein eingetragenes Warenzeichen der West Indies Rum &amp; Spirits Producers\u2019 Association, Inc (WIRSPA) das speziell dazu gegr\u00fcndet wurde, um Rumproduzenten in den karibischen Staaten der AKP-Gruppe zu f\u00f6rdern. Ron Barcel\u00f3 genie\u00dft das Siegel \u201eAuthentic Caribbean Rum\u201e [\u201eAuthentischer karibischer Rum\u201c], das die Herstellung von Rums von au\u00dfergew\u00f6hnlicher Qualit\u00e4t garantiert.<\/p>\n<\/span>\n\n<!--        <hr \/>\n            <span class=\"related-description\"><\/span>-->\n        <\/div>\n    <\/div>\n<\/li>                            <li class=\"has_thumb product type-product post-7126 status-publish product_cat-white has-post-thumbnail\">\n    <div class=\"product-image-wrap\">\n        <img loading=\"lazy\" decoding=\"async\" width=\"280\" height=\"180\" src=\"https:\/\/ronbarcelo.com\/wp-content\/uploads\/2021\/04\/ISO14067_or.png\" class=\"attachment-medium size-medium wp-post-image\" alt=\"\" \/>    <\/div>\n    <div class=\"product-meta-wrap\">\n        <div class=\"product-meta-wrap-inner\">\n            <h2 class=\"woocommerce-loop-product__title\">\n                ISO 14067            <\/h2>\n            <hr\/>\n            <span class=\"cert-description\"><p>Die Norm ISO 14067 konzentriert sich auf die Bestimmung der Menge an Treibhausgasen, die durch die Herstellung eines Produkts, einer Dienstleistung oder eines Ereignisses erzeugt werden, sowie auf die Erstellung eines Reduktionsplans, um zu versuchen, letztere zu reduzieren.<\/p>\n<\/span>\n\n<!--        <hr \/>\n            <span class=\"related-description\"><\/span>-->\n        <\/div>\n    <\/div>\n<\/li>                            <li class=\"has_thumb product type-product post-7123 status-publish product_cat-white has-post-thumbnail\">\n    <div class=\"product-image-wrap\">\n        <img loading=\"lazy\" decoding=\"async\" width=\"280\" height=\"180\" src=\"https:\/\/ronbarcelo.com\/wp-content\/uploads\/2021\/04\/iso14064_or.png\" class=\"attachment-medium size-medium wp-post-image\" alt=\"\" \/>    <\/div>\n    <div class=\"product-meta-wrap\">\n        <div class=\"product-meta-wrap-inner\">\n            <h2 class=\"woocommerce-loop-product__title\">\n                ISO 14064            <\/h2>\n            <hr\/>\n            <span class=\"cert-description\"><p>Die Norm ISO 14064-1 beschreibt im Detail die Grunds\u00e4tze und Anforderungen f\u00fcr das Design, die Entwicklung, das Management und die Berichterstattung \u00fcber die Verzeichnisse von Treibhausgasemissionen auf Organisationsebene.<br \/>\nSie enth\u00e4lt Anforderungen zur Bestimmung der Emissions- und Abbaugrenzen von Treibhausgasen, zur Quantifizierung der Emissionen und des Abbaus von Treibhausgasen einer Organisation und zur Identifizierung spezifischer Ma\u00dfnahmen oder Aktivit\u00e4ten des Unternehmens, die auf die Verbesserung des Treibhausgasmanagements abzielen.<\/p>\n<\/span>\n\n<!--        <hr \/>\n            <span class=\"related-description\"><\/span>-->\n        <\/div>\n    <\/div>\n<\/li>                            <li class=\"has_thumb product type-product post-7120 status-publish product_cat-white has-post-thumbnail\">\n    <div class=\"product-image-wrap\">\n        <img loading=\"lazy\" decoding=\"async\" width=\"280\" height=\"180\" src=\"https:\/\/ronbarcelo.com\/wp-content\/uploads\/2021\/04\/bc_or.png\" class=\"attachment-medium size-medium wp-post-image\" alt=\"\" \/>    <\/div>\n    <div class=\"product-meta-wrap\">\n        <div class=\"product-meta-wrap-inner\">\n            <h2 class=\"woocommerce-loop-product__title\">\n                Bilan Carbone            <\/h2>\n            <hr\/>\n            <span class=\"cert-description\"><p>Die\u00a0<strong>Bilan Carbone\u00ae<\/strong>-Methode, entwickelt von der Agentur f\u00fcr Umwelt und Energiekontrolle in Frankreich <strong>(ADEME)<\/strong>, ist ein methodisches\u00a0<strong>Instrument<\/strong>, das es erm\u00f6glicht, die Treibhausgasemissionen auf der Grundlage eines transparenten und offenen Berechnungsprinzips abzusch\u00e4tzen, die durch Aktivit\u00e4ten zur Produktion von Waren oder Dienstleistungen verursacht werden. Die Methode st\u00fctzt sich auf die\u00a0<strong>Norm ISO 14064-1<\/strong>\u00a0sowie auf die allgemeinen Grunds\u00e4tze des\u00a0<strong>GHG-Protokolls<\/strong>. Die offizielle Nutzung dieses Mittels unterliegt der Erlangung einer Jahreslizenz, die von der\u00a0<strong>Bilan Carbone Association (ABC)<\/strong>\u00a0in Frankreich verwaltet wird.<\/p>\n<\/span>\n\n<!--        <hr \/>\n            <span class=\"related-description\"><\/span>-->\n        <\/div>\n    <\/div>\n<\/li>                    <\/ul>\n    <\/div>\n[\/vc_column_text][\/vc_column][\/vc_row][vc_row][vc_column]\n\t<div class=\"gg-special-button-wrapper  special-button-align-center special-button-style-btn-primary\"><a class=\"btn btn-primary\" href=\"https:\/\/ronbarcelo.com\/de\/nachhaltigkeit\/\" title=\"Nachhaltigkeit\" target=\"_self\">Nachhaltigkeit<\/a><\/div>[\/vc_column][\/vc_row]<\/p>\n","protected":false},"excerpt":{"rendered":"<p>[vc_row][vc_column][vc_column_text][\/vc_column_text][\/vc_column][\/vc_row][vc_row][vc_column][\/vc_column][\/vc_row]<\/p>\n","protected":false},"author":1,"featured_media":5432,"parent":7100,"menu_order":0,"comment_status":"closed","ping_status":"closed","template":"","meta":{"footnotes":""},"class_list":["post-7115","page","type-page","status-publish","has-post-thumbnail","hentry","has_thumb"],"yoast_head":"<!-- This site is optimized with the Yoast SEO plugin v24.9 - https:\/\/yoast.com\/wordpress\/plugins\/seo\/ -->\n<title>Zertifizierungen - Ron Barcel\u00f3<\/title>\n<meta name=\"robots\" content=\"index, follow, max-snippet:-1, max-image-preview:large, max-video-preview:-1\" \/>\n<link rel=\"canonical\" href=\"https:\/\/ronbarcelo.com\/de\/unser-unternehmen\/zertifizierungen\/\" \/>\n<meta property=\"og:locale\" content=\"de_DE\" \/>\n<meta property=\"og:type\" content=\"article\" \/>\n<meta property=\"og:title\" content=\"Zertifizierungen - Ron Barcel\u00f3\" \/>\n<meta property=\"og:description\" content=\"[vc_row][vc_column][vc_column_text][\/vc_column_text][\/vc_column][\/vc_row][vc_row][vc_column][\/vc_column][\/vc_row]\" \/>\n<meta property=\"og:url\" content=\"https:\/\/ronbarcelo.com\/de\/unser-unternehmen\/zertifizierungen\/\" \/>\n<meta property=\"og:site_name\" content=\"Ron Barcel\u00f3\" \/>\n<meta property=\"article:modified_time\" content=\"2022-02-10T14:15:43+00:00\" \/>\n<meta property=\"og:image\" content=\"https:\/\/ronbarcelo.com\/wp-content\/uploads\/2021\/04\/certificaciones-main.jpg\" \/>\n\t<meta property=\"og:image:width\" content=\"1600\" \/>\n\t<meta property=\"og:image:height\" content=\"740\" \/>\n\t<meta property=\"og:image:type\" content=\"image\/jpeg\" \/>\n<meta name=\"twitter:card\" content=\"summary_large_image\" \/>\n<meta name=\"twitter:label1\" content=\"Gesch\u00e4tzte Lesezeit\" \/>\n\t<meta name=\"twitter:data1\" content=\"1\u00a0Minute\" \/>\n<script type=\"application\/ld+json\" class=\"yoast-schema-graph\">{\"@context\":\"https:\/\/schema.org\",\"@graph\":[{\"@type\":\"WebPage\",\"@id\":\"https:\/\/ronbarcelo.com\/de\/unser-unternehmen\/zertifizierungen\/\",\"url\":\"https:\/\/ronbarcelo.com\/de\/unser-unternehmen\/zertifizierungen\/\",\"name\":\"Zertifizierungen - Ron Barcel\u00f3\",\"isPartOf\":{\"@id\":\"https:\/\/ronbarcelo.com\/de\/#website\"},\"primaryImageOfPage\":{\"@id\":\"https:\/\/ronbarcelo.com\/de\/unser-unternehmen\/zertifizierungen\/#primaryimage\"},\"image\":{\"@id\":\"https:\/\/ronbarcelo.com\/de\/unser-unternehmen\/zertifizierungen\/#primaryimage\"},\"thumbnailUrl\":\"https:\/\/ronbarcelo.com\/wp-content\/uploads\/2021\/04\/certificaciones-main.jpg\",\"datePublished\":\"2022-02-09T14:42:58+00:00\",\"dateModified\":\"2022-02-10T14:15:43+00:00\",\"breadcrumb\":{\"@id\":\"https:\/\/ronbarcelo.com\/de\/unser-unternehmen\/zertifizierungen\/#breadcrumb\"},\"inLanguage\":\"de\",\"potentialAction\":[{\"@type\":\"ReadAction\",\"target\":[\"https:\/\/ronbarcelo.com\/de\/unser-unternehmen\/zertifizierungen\/\"]}]},{\"@type\":\"ImageObject\",\"inLanguage\":\"de\",\"@id\":\"https:\/\/ronbarcelo.com\/de\/unser-unternehmen\/zertifizierungen\/#primaryimage\",\"url\":\"https:\/\/ronbarcelo.com\/wp-content\/uploads\/2021\/04\/certificaciones-main.jpg\",\"contentUrl\":\"https:\/\/ronbarcelo.com\/wp-content\/uploads\/2021\/04\/certificaciones-main.jpg\",\"width\":1600,\"height\":740},{\"@type\":\"BreadcrumbList\",\"@id\":\"https:\/\/ronbarcelo.com\/de\/unser-unternehmen\/zertifizierungen\/#breadcrumb\",\"itemListElement\":[{\"@type\":\"ListItem\",\"position\":1,\"name\":\"Portada\",\"item\":\"https:\/\/ronbarcelo.com\/de\/\"},{\"@type\":\"ListItem\",\"position\":2,\"name\":\"Unser Unternehmen\",\"item\":\"https:\/\/ronbarcelo.com\/de\/unser-unternehmen\/\"},{\"@type\":\"ListItem\",\"position\":3,\"name\":\"Zertifizierungen\"}]},{\"@type\":\"WebSite\",\"@id\":\"https:\/\/ronbarcelo.com\/de\/#website\",\"url\":\"https:\/\/ronbarcelo.com\/de\/\",\"name\":\"Ron Barcel\u00f3\",\"description\":\"Ron Dominicano\",\"publisher\":{\"@id\":\"https:\/\/ronbarcelo.com\/de\/#organization\"},\"potentialAction\":[{\"@type\":\"SearchAction\",\"target\":{\"@type\":\"EntryPoint\",\"urlTemplate\":\"https:\/\/ronbarcelo.com\/de\/?s={search_term_string}\"},\"query-input\":{\"@type\":\"PropertyValueSpecification\",\"valueRequired\":true,\"valueName\":\"search_term_string\"}}],\"inLanguage\":\"de\"},{\"@type\":\"Organization\",\"@id\":\"https:\/\/ronbarcelo.com\/de\/#organization\",\"name\":\"Barcel\u00f3 - Ron Dominicano\",\"url\":\"https:\/\/ronbarcelo.com\/de\/\",\"logo\":{\"@type\":\"ImageObject\",\"inLanguage\":\"de\",\"@id\":\"https:\/\/ronbarcelo.com\/de\/#\/schema\/logo\/image\/\",\"url\":\"https:\/\/ronbarcelo.com\/wp-content\/uploads\/2021\/05\/logo-email.png\",\"contentUrl\":\"https:\/\/ronbarcelo.com\/wp-content\/uploads\/2021\/05\/logo-email.png\",\"width\":150,\"height\":109,\"caption\":\"Barcel\u00f3 - Ron Dominicano\"},\"image\":{\"@id\":\"https:\/\/ronbarcelo.com\/de\/#\/schema\/logo\/image\/\"},\"sameAs\":[\"https:\/\/www.linkedin.com\/company\/ronbarcelo\/\"]}]}<\/script>\n<!-- \/ Yoast SEO plugin. -->","yoast_head_json":{"title":"Zertifizierungen - Ron Barcel\u00f3","robots":{"index":"index","follow":"follow","max-snippet":"max-snippet:-1","max-image-preview":"max-image-preview:large","max-video-preview":"max-video-preview:-1"},"canonical":"https:\/\/ronbarcelo.com\/de\/unser-unternehmen\/zertifizierungen\/","og_locale":"de_DE","og_type":"article","og_title":"Zertifizierungen - Ron Barcel\u00f3","og_description":"[vc_row][vc_column][vc_column_text][\/vc_column_text][\/vc_column][\/vc_row][vc_row][vc_column][\/vc_column][\/vc_row]","og_url":"https:\/\/ronbarcelo.com\/de\/unser-unternehmen\/zertifizierungen\/","og_site_name":"Ron Barcel\u00f3","article_modified_time":"2022-02-10T14:15:43+00:00","og_image":[{"width":1600,"height":740,"url":"https:\/\/ronbarcelo.com\/wp-content\/uploads\/2021\/04\/certificaciones-main.jpg","type":"image\/jpeg"}],"twitter_card":"summary_large_image","twitter_misc":{"Gesch\u00e4tzte Lesezeit":"1\u00a0Minute"},"schema":{"@context":"https:\/\/schema.org","@graph":[{"@type":"WebPage","@id":"https:\/\/ronbarcelo.com\/de\/unser-unternehmen\/zertifizierungen\/","url":"https:\/\/ronbarcelo.com\/de\/unser-unternehmen\/zertifizierungen\/","name":"Zertifizierungen - Ron Barcel\u00f3","isPartOf":{"@id":"https:\/\/ronbarcelo.com\/de\/#website"},"primaryImageOfPage":{"@id":"https:\/\/ronbarcelo.com\/de\/unser-unternehmen\/zertifizierungen\/#primaryimage"},"image":{"@id":"https:\/\/ronbarcelo.com\/de\/unser-unternehmen\/zertifizierungen\/#primaryimage"},"thumbnailUrl":"https:\/\/ronbarcelo.com\/wp-content\/uploads\/2021\/04\/certificaciones-main.jpg","datePublished":"2022-02-09T14:42:58+00:00","dateModified":"2022-02-10T14:15:43+00:00","breadcrumb":{"@id":"https:\/\/ronbarcelo.com\/de\/unser-unternehmen\/zertifizierungen\/#breadcrumb"},"inLanguage":"de","potentialAction":[{"@type":"ReadAction","target":["https:\/\/ronbarcelo.com\/de\/unser-unternehmen\/zertifizierungen\/"]}]},{"@type":"ImageObject","inLanguage":"de","@id":"https:\/\/ronbarcelo.com\/de\/unser-unternehmen\/zertifizierungen\/#primaryimage","url":"https:\/\/ronbarcelo.com\/wp-content\/uploads\/2021\/04\/certificaciones-main.jpg","contentUrl":"https:\/\/ronbarcelo.com\/wp-content\/uploads\/2021\/04\/certificaciones-main.jpg","width":1600,"height":740},{"@type":"BreadcrumbList","@id":"https:\/\/ronbarcelo.com\/de\/unser-unternehmen\/zertifizierungen\/#breadcrumb","itemListElement":[{"@type":"ListItem","position":1,"name":"Portada","item":"https:\/\/ronbarcelo.com\/de\/"},{"@type":"ListItem","position":2,"name":"Unser Unternehmen","item":"https:\/\/ronbarcelo.com\/de\/unser-unternehmen\/"},{"@type":"ListItem","position":3,"name":"Zertifizierungen"}]},{"@type":"WebSite","@id":"https:\/\/ronbarcelo.com\/de\/#website","url":"https:\/\/ronbarcelo.com\/de\/","name":"Ron Barcel\u00f3","description":"Ron Dominicano","publisher":{"@id":"https:\/\/ronbarcelo.com\/de\/#organization"},"potentialAction":[{"@type":"SearchAction","target":{"@type":"EntryPoint","urlTemplate":"https:\/\/ronbarcelo.com\/de\/?s={search_term_string}"},"query-input":{"@type":"PropertyValueSpecification","valueRequired":true,"valueName":"search_term_string"}}],"inLanguage":"de"},{"@type":"Organization","@id":"https:\/\/ronbarcelo.com\/de\/#organization","name":"Barcel\u00f3 - Ron Dominicano","url":"https:\/\/ronbarcelo.com\/de\/","logo":{"@type":"ImageObject","inLanguage":"de","@id":"https:\/\/ronbarcelo.com\/de\/#\/schema\/logo\/image\/","url":"https:\/\/ronbarcelo.com\/wp-content\/uploads\/2021\/05\/logo-email.png","contentUrl":"https:\/\/ronbarcelo.com\/wp-content\/uploads\/2021\/05\/logo-email.png","width":150,"height":109,"caption":"Barcel\u00f3 - Ron Dominicano"},"image":{"@id":"https:\/\/ronbarcelo.com\/de\/#\/schema\/logo\/image\/"},"sameAs":["https:\/\/www.linkedin.com\/company\/ronbarcelo\/"]}]}},"_links":{"self":[{"href":"https:\/\/ronbarcelo.com\/de\/wp-json\/wp\/v2\/pages\/7115","targetHints":{"allow":["GET"]}}],"collection":[{"href":"https:\/\/ronbarcelo.com\/de\/wp-json\/wp\/v2\/pages"}],"about":[{"href":"https:\/\/ronbarcelo.com\/de\/wp-json\/wp\/v2\/types\/page"}],"author":[{"embeddable":true,"href":"https:\/\/ronbarcelo.com\/de\/wp-json\/wp\/v2\/users\/1"}],"replies":[{"embeddable":true,"href":"https:\/\/ronbarcelo.com\/de\/wp-json\/wp\/v2\/comments?post=7115"}],"version-history":[{"count":2,"href":"https:\/\/ronbarcelo.com\/de\/wp-json\/wp\/v2\/pages\/7115\/revisions"}],"predecessor-version":[{"id":7522,"href":"https:\/\/ronbarcelo.com\/de\/wp-json\/wp\/v2\/pages\/7115\/revisions\/7522"}],"up":[{"embeddable":true,"href":"https:\/\/ronbarcelo.com\/de\/wp-json\/wp\/v2\/pages\/7100"}],"wp:featuredmedia":[{"embeddable":true,"href":"https:\/\/ronbarcelo.com\/de\/wp-json\/wp\/v2\/media\/5432"}],"wp:attachment":[{"href":"https:\/\/ronbarcelo.com\/de\/wp-json\/wp\/v2\/media?parent=7115"}],"curies":[{"name":"wp","href":"https:\/\/api.w.org\/{rel}","templated":true}]}}