{"id":7135,"date":"2022-02-09T15:56:29","date_gmt":"2022-02-09T14:56:29","guid":{"rendered":"https:\/\/ronbarcelo.com\/?page_id=7135"},"modified":"2022-09-13T15:34:34","modified_gmt":"2022-09-13T13:34:34","slug":"identitaet","status":"publish","type":"page","link":"https:\/\/ronbarcelo.com\/de\/unser-unternehmen\/identitaet\/","title":{"rendered":"Identit\u00e4t"},"content":{"rendered":"<p>[vc_row equal_height=&#8220;yes&#8220; content_placement=&#8220;middle&#8220; css=&#8220;.vc_custom_1579620585382{margin-bottom: 0px !important;}&#8220;][vc_column width=&#8220;1\/2&#8243; css=&#8220;.vc_custom_1578209136628{padding-top: 15% !important;padding-right: 15% !important;padding-bottom: 15% !important;padding-left: 15% !important;background-color: #2c2c2c !important;}&#8220;]\n\t<div class=\"title-subtitle-box  \" style=\" text-align: center;\">\n\t\t<h2 style=\" color:#ffffff;  font-weight: normal;\" class=\"special-title\" >Mission und Vision<\/h2>\n\t\t<span class=\"gg-horizontal-line\"><\/span>\n\t\t<div class=\"box-description\"><p>Handwerker in der Herstellung von hochwertigem Rum zu sein, die Bedeutung von Prozessen zu maximieren, die Bed\u00fcrfnisse unserer Kunden zu befriedigen, die Leistung und Einhaltung des RB360- Nachhaltigkeitskodex sicherzustellen und uns als internationaler Bezugspunkt f\u00fcr den Sektor zu festigen.<\/p>\n<p>Die Rumherstellerfirma mit dem prestigetr\u00e4chtigsten internationalen Portfolio zu sein, die f\u00fcr seine Innovation und seinen RB360-Nachhaltigkeitskodex anerkannt ist.<\/p>\n<\/div>\n\t<\/div> [\/vc_column][vc_column width=&#8220;1\/2&#8243; add_reveal_effect=&#8220;yes&#8220; css=&#8220;.vc_custom_1616934967957{padding-top: 10% !important;padding-right: 10% !important;padding-bottom: 10% !important;padding-left: 10% !important;background-image: url(https:\/\/ronbarcelo.com\/wp-content\/uploads\/2021\/03\/identidad1.jpg?id=4636) !important;background-position: center !important;background-repeat: no-repeat !important;background-size: cover !important;}&#8220;][vc_empty_space height=&#8220;500px&#8220;][\/vc_column][\/vc_row][vc_row equal_height=&#8220;yes&#8220; content_placement=&#8220;middle&#8220; css=&#8220;.vc_custom_1621176351164{margin-top: 0px !important;margin-bottom: 0px !important;}&#8220; el_class=&#8220;mob-col-rev&#8220;][vc_column width=&#8220;1\/2&#8243; add_reveal_effect=&#8220;yes&#8220; css=&#8220;.vc_custom_1616934959908{padding-top: 10% !important;padding-right: 10% !important;padding-bottom: 10% !important;padding-left: 10% !important;background-image: url(https:\/\/ronbarcelo.com\/wp-content\/uploads\/2021\/03\/identidad2.jpg?id=4631) !important;background-position: center !important;background-repeat: no-repeat !important;background-size: cover !important;}&#8220;][vc_empty_space height=&#8220;500px&#8220;][\/vc_column][vc_column width=&#8220;1\/2&#8243; css=&#8220;.vc_custom_1578209163359{padding-top: 15% !important;padding-right: 15% !important;padding-bottom: 15% !important;padding-left: 15% !important;background-color: #2c2c2c !important;}&#8220;]\n\t<div class=\"title-subtitle-box  \" style=\" text-align: center;\">\n\t\t<h2 style=\" color:#ffffff;  font-weight: normal;\" class=\"special-title\" >Unsere Werte und Grundlagen<\/h2>\n\t\t<span class=\"gg-horizontal-line\"><\/span>\n\t\t<div class=\"box-description\"><p>Integrit\u00e4t \u2013 Transparenz \u2013 Verantwortung \u2013 Bescheidenheit \u2013 Respekt<\/p>\n<p>Umfassende Nachhaltigkeit &#8211; Effizienz und Effektivit\u00e4t von Prozessen &#8211; Kundenorientierung &#8211; Team aus kompetenten und engagierten Menschen &#8211; Gesch\u00e4ftliche Beweglichkeit<\/p>\n<\/div>\n\t<\/div> [\/vc_column][\/vc_row][vc_row equal_height=&#8220;yes&#8220; content_placement=&#8220;middle&#8220; css=&#8220;.vc_custom_1616780786033{margin-top: 0px !important;margin-bottom: 0px !important;}&#8220;][vc_column width=&#8220;1\/2&#8243; css=&#8220;.vc_custom_1578209136628{padding-top: 15% !important;padding-right: 15% !important;padding-bottom: 15% !important;padding-left: 15% !important;background-color: #2c2c2c !important;}&#8220;]\n\t<div class=\"title-subtitle-box  \" style=\" text-align: center;\">\n\t\t<h2 style=\" color:#ffffff;  font-weight: normal;\" class=\"special-title\" >F\u00e4higkeiten und integrierte Politik<\/h2>\n\t\t<span class=\"gg-horizontal-line\"><\/span>\n\t\t<div class=\"box-description\"><p>Kundenorientierung &#8211; Ergebnisorientierung &#8211; Qualit\u00e4tsorientierung &#8211; Teamausrichtung &#8211; Innovationsf\u00e4higkeit<\/p>\n<p>Das Engagement von Humankapital f\u00f6rdern, unter Ber\u00fccksichtigung einer effektiven und sicheren Ausf\u00fchrung der Prozesse zur Erreichung der Ziele. Produkte bereitzustellen, die den Kundenbed\u00fcrfnissen entsprechen und kriminelle Verhalten zu verhindern, die die Logistikkette beeintr\u00e4chtigen k\u00f6nnten. Eine kontinuierliche Verbesserung durch die F\u00f6rderung des RB360- Nachhaltigkeitskodex und durch Einhaltung der geltenden Gesetze zu garantieren.<\/p>\n<\/div>\n\t<\/div> [\/vc_column][vc_column width=&#8220;1\/2&#8243; add_reveal_effect=&#8220;yes&#8220; css=&#8220;.vc_custom_1616934979765{padding-top: 10% !important;padding-right: 10% !important;padding-bottom: 10% !important;padding-left: 10% !important;background-image: url(https:\/\/ronbarcelo.com\/wp-content\/uploads\/2021\/03\/identidad3.jpg?id=4640) !important;background-position: center !important;background-repeat: no-repeat !important;background-size: cover !important;}&#8220;][vc_empty_space height=&#8220;500px&#8220;][\/vc_column][\/vc_row][vc_row][vc_column]\n\t<div class=\"gg-special-button-wrapper  special-button-align-center special-button-style-btn-primary\"><a class=\"btn btn-primary\" href=\"https:\/\/ronbarcelo.com\/de\/unser-unternehmen\/\" title=\"Unser Unternehmen\" target=\"_self\">Unser Unternehmen<\/a><\/div>[\/vc_column][\/vc_row]<\/p>\n","protected":false},"excerpt":{"rendered":"<p>[vc_row equal_height=&#8220;yes&#8220; content_placement=&#8220;middle&#8220; css=&#8220;.vc_custom_1579620585382{margin-bottom: 0px !important;}&#8220;][vc_column width=&#8220;1\/2&#8243; css=&#8220;.vc_custom_1578209136628{padding-top: 15% !important;padding-right: 15% !important;padding-bottom: 15% !important;padding-left: 15% !important;background-color: #2c2c2c !important;}&#8220;][\/vc_column][vc_column width=&#8220;1\/2&#8243; add_reveal_effect=&#8220;yes&#8220; css=&#8220;.vc_custom_1616934967957{padding-top: 10% !important;padding-right: 10% !important;padding-bottom: 10% !important;padding-left: 10% !important;background-image: url(https:\/\/ronbarcelo.com\/wp-content\/uploads\/2021\/03\/identidad1.jpg?id=4636) !important;background-position: center !important;background-repeat: no-repeat !important;background-size: cover !important;}&#8220;][vc_empty_space height=&#8220;500px&#8220;][\/vc_column][\/vc_row][vc_row equal_height=&#8220;yes&#8220; content_placement=&#8220;middle&#8220; css=&#8220;.vc_custom_1621176351164{margin-top: 0px !important;margin-bottom: 0px !important;}&#8220; el_class=&#8220;mob-col-rev&#8220;][vc_column width=&#8220;1\/2&#8243; add_reveal_effect=&#8220;yes&#8220; css=&#8220;.vc_custom_1616934959908{padding-top: 10% !important;padding-right: 10% !important;padding-bottom: 10% !important;padding-left:<\/p>\n<p class=\"more-link-wrapper\"><a class=\"btn btn-primary\" href=\"https:\/\/ronbarcelo.com\/de\/unser-unternehmen\/identitaet\/\">Read More<\/a><\/p>\n","protected":false},"author":1,"featured_media":4628,"parent":7100,"menu_order":0,"comment_status":"closed","ping_status":"closed","template":"","meta":{"footnotes":""},"class_list":["post-7135","page","type-page","status-publish","has-post-thumbnail","hentry","has_thumb"],"yoast_head":"<!-- This site is optimized with the Yoast SEO plugin v24.9 - https:\/\/yoast.com\/wordpress\/plugins\/seo\/ -->\n<title>Identit\u00e4t - Ron Barcel\u00f3<\/title>\n<meta name=\"robots\" content=\"index, follow, max-snippet:-1, max-image-preview:large, max-video-preview:-1\" \/>\n<link rel=\"canonical\" href=\"https:\/\/ronbarcelo.com\/de\/unser-unternehmen\/identitaet\/\" \/>\n<meta property=\"og:locale\" content=\"de_DE\" \/>\n<meta property=\"og:type\" content=\"article\" \/>\n<meta property=\"og:title\" content=\"Identit\u00e4t - Ron Barcel\u00f3\" \/>\n<meta property=\"og:description\" content=\"[vc_row equal_height=&#8220;yes&#8220; content_placement=&#8220;middle&#8220; css=&#8220;.vc_custom_1579620585382{margin-bottom: 0px !important;}&#8220;][vc_column width=&#8220;1\/2&#8243; css=&#8220;.vc_custom_1578209136628{padding-top: 15% !important;padding-right: 15% !important;padding-bottom: 15% !important;padding-left: 15% !important;background-color: #2c2c2c !important;}&#8220;][\/vc_column][vc_column width=&#8220;1\/2&#8243; add_reveal_effect=&#8220;yes&#8220; css=&#8220;.vc_custom_1616934967957{padding-top: 10% !important;padding-right: 10% !important;padding-bottom: 10% !important;padding-left: 10% !important;background-image: url(https:\/\/ronbarcelo.com\/wp-content\/uploads\/2021\/03\/identidad1.jpg?id=4636) !important;background-position: center !important;background-repeat: no-repeat !important;background-size: cover !important;}&#8220;][vc_empty_space height=&#8220;500px&#8220;][\/vc_column][\/vc_row][vc_row equal_height=&#8220;yes&#8220; content_placement=&#8220;middle&#8220; css=&#8220;.vc_custom_1621176351164{margin-top: 0px !important;margin-bottom: 0px !important;}&#8220; el_class=&#8220;mob-col-rev&#8220;][vc_column width=&#8220;1\/2&#8243; add_reveal_effect=&#8220;yes&#8220; css=&#8220;.vc_custom_1616934959908{padding-top: 10% !important;padding-right: 10% !important;padding-bottom: 10% !important;padding-left:Read More\" \/>\n<meta property=\"og:url\" content=\"https:\/\/ronbarcelo.com\/de\/unser-unternehmen\/identitaet\/\" \/>\n<meta property=\"og:site_name\" content=\"Ron Barcel\u00f3\" \/>\n<meta property=\"article:modified_time\" content=\"2022-09-13T13:34:34+00:00\" \/>\n<meta property=\"og:image\" content=\"https:\/\/ronbarcelo.com\/wp-content\/uploads\/2021\/03\/identidad_main.jpg\" \/>\n\t<meta property=\"og:image:width\" content=\"1600\" \/>\n\t<meta property=\"og:image:height\" content=\"690\" \/>\n\t<meta property=\"og:image:type\" content=\"image\/jpeg\" \/>\n<meta name=\"twitter:card\" content=\"summary_large_image\" \/>\n<meta name=\"twitter:label1\" content=\"Gesch\u00e4tzte Lesezeit\" \/>\n\t<meta name=\"twitter:data1\" content=\"2\u00a0Minuten\" \/>\n<script type=\"application\/ld+json\" class=\"yoast-schema-graph\">{\"@context\":\"https:\/\/schema.org\",\"@graph\":[{\"@type\":\"WebPage\",\"@id\":\"https:\/\/ronbarcelo.com\/de\/unser-unternehmen\/identitaet\/\",\"url\":\"https:\/\/ronbarcelo.com\/de\/unser-unternehmen\/identitaet\/\",\"name\":\"Identit\u00e4t - Ron Barcel\u00f3\",\"isPartOf\":{\"@id\":\"https:\/\/ronbarcelo.com\/de\/#website\"},\"primaryImageOfPage\":{\"@id\":\"https:\/\/ronbarcelo.com\/de\/unser-unternehmen\/identitaet\/#primaryimage\"},\"image\":{\"@id\":\"https:\/\/ronbarcelo.com\/de\/unser-unternehmen\/identitaet\/#primaryimage\"},\"thumbnailUrl\":\"https:\/\/ronbarcelo.com\/wp-content\/uploads\/2021\/03\/identidad_main.jpg\",\"datePublished\":\"2022-02-09T14:56:29+00:00\",\"dateModified\":\"2022-09-13T13:34:34+00:00\",\"breadcrumb\":{\"@id\":\"https:\/\/ronbarcelo.com\/de\/unser-unternehmen\/identitaet\/#breadcrumb\"},\"inLanguage\":\"de\",\"potentialAction\":[{\"@type\":\"ReadAction\",\"target\":[\"https:\/\/ronbarcelo.com\/de\/unser-unternehmen\/identitaet\/\"]}]},{\"@type\":\"ImageObject\",\"inLanguage\":\"de\",\"@id\":\"https:\/\/ronbarcelo.com\/de\/unser-unternehmen\/identitaet\/#primaryimage\",\"url\":\"https:\/\/ronbarcelo.com\/wp-content\/uploads\/2021\/03\/identidad_main.jpg\",\"contentUrl\":\"https:\/\/ronbarcelo.com\/wp-content\/uploads\/2021\/03\/identidad_main.jpg\",\"width\":1600,\"height\":690,\"caption\":\"Maestro-ronero\"},{\"@type\":\"BreadcrumbList\",\"@id\":\"https:\/\/ronbarcelo.com\/de\/unser-unternehmen\/identitaet\/#breadcrumb\",\"itemListElement\":[{\"@type\":\"ListItem\",\"position\":1,\"name\":\"Portada\",\"item\":\"https:\/\/ronbarcelo.com\/de\/\"},{\"@type\":\"ListItem\",\"position\":2,\"name\":\"Unser Unternehmen\",\"item\":\"https:\/\/ronbarcelo.com\/de\/unser-unternehmen\/\"},{\"@type\":\"ListItem\",\"position\":3,\"name\":\"Identit\u00e4t\"}]},{\"@type\":\"WebSite\",\"@id\":\"https:\/\/ronbarcelo.com\/de\/#website\",\"url\":\"https:\/\/ronbarcelo.com\/de\/\",\"name\":\"Ron Barcel\u00f3\",\"description\":\"Ron Dominicano\",\"publisher\":{\"@id\":\"https:\/\/ronbarcelo.com\/de\/#organization\"},\"potentialAction\":[{\"@type\":\"SearchAction\",\"target\":{\"@type\":\"EntryPoint\",\"urlTemplate\":\"https:\/\/ronbarcelo.com\/de\/?s={search_term_string}\"},\"query-input\":{\"@type\":\"PropertyValueSpecification\",\"valueRequired\":true,\"valueName\":\"search_term_string\"}}],\"inLanguage\":\"de\"},{\"@type\":\"Organization\",\"@id\":\"https:\/\/ronbarcelo.com\/de\/#organization\",\"name\":\"Barcel\u00f3 - Ron Dominicano\",\"url\":\"https:\/\/ronbarcelo.com\/de\/\",\"logo\":{\"@type\":\"ImageObject\",\"inLanguage\":\"de\",\"@id\":\"https:\/\/ronbarcelo.com\/de\/#\/schema\/logo\/image\/\",\"url\":\"https:\/\/ronbarcelo.com\/wp-content\/uploads\/2021\/05\/logo-email.png\",\"contentUrl\":\"https:\/\/ronbarcelo.com\/wp-content\/uploads\/2021\/05\/logo-email.png\",\"width\":150,\"height\":109,\"caption\":\"Barcel\u00f3 - Ron Dominicano\"},\"image\":{\"@id\":\"https:\/\/ronbarcelo.com\/de\/#\/schema\/logo\/image\/\"},\"sameAs\":[\"https:\/\/www.linkedin.com\/company\/ronbarcelo\/\"]}]}<\/script>\n<!-- \/ Yoast SEO plugin. -->","yoast_head_json":{"title":"Identit\u00e4t - Ron Barcel\u00f3","robots":{"index":"index","follow":"follow","max-snippet":"max-snippet:-1","max-image-preview":"max-image-preview:large","max-video-preview":"max-video-preview:-1"},"canonical":"https:\/\/ronbarcelo.com\/de\/unser-unternehmen\/identitaet\/","og_locale":"de_DE","og_type":"article","og_title":"Identit\u00e4t - Ron Barcel\u00f3","og_description":"[vc_row equal_height=&#8220;yes&#8220; content_placement=&#8220;middle&#8220; css=&#8220;.vc_custom_1579620585382{margin-bottom: 0px !important;}&#8220;][vc_column width=&#8220;1\/2&#8243; css=&#8220;.vc_custom_1578209136628{padding-top: 15% !important;padding-right: 15% !important;padding-bottom: 15% !important;padding-left: 15% !important;background-color: #2c2c2c !important;}&#8220;][\/vc_column][vc_column width=&#8220;1\/2&#8243; add_reveal_effect=&#8220;yes&#8220; css=&#8220;.vc_custom_1616934967957{padding-top: 10% !important;padding-right: 10% !important;padding-bottom: 10% !important;padding-left: 10% !important;background-image: url(https:\/\/ronbarcelo.com\/wp-content\/uploads\/2021\/03\/identidad1.jpg?id=4636) !important;background-position: center !important;background-repeat: no-repeat !important;background-size: cover !important;}&#8220;][vc_empty_space height=&#8220;500px&#8220;][\/vc_column][\/vc_row][vc_row equal_height=&#8220;yes&#8220; content_placement=&#8220;middle&#8220; css=&#8220;.vc_custom_1621176351164{margin-top: 0px !important;margin-bottom: 0px !important;}&#8220; el_class=&#8220;mob-col-rev&#8220;][vc_column width=&#8220;1\/2&#8243; add_reveal_effect=&#8220;yes&#8220; css=&#8220;.vc_custom_1616934959908{padding-top: 10% !important;padding-right: 10% !important;padding-bottom: 10% !important;padding-left:Read More","og_url":"https:\/\/ronbarcelo.com\/de\/unser-unternehmen\/identitaet\/","og_site_name":"Ron Barcel\u00f3","article_modified_time":"2022-09-13T13:34:34+00:00","og_image":[{"width":1600,"height":690,"url":"https:\/\/ronbarcelo.com\/wp-content\/uploads\/2021\/03\/identidad_main.jpg","type":"image\/jpeg"}],"twitter_card":"summary_large_image","twitter_misc":{"Gesch\u00e4tzte Lesezeit":"2\u00a0Minuten"},"schema":{"@context":"https:\/\/schema.org","@graph":[{"@type":"WebPage","@id":"https:\/\/ronbarcelo.com\/de\/unser-unternehmen\/identitaet\/","url":"https:\/\/ronbarcelo.com\/de\/unser-unternehmen\/identitaet\/","name":"Identit\u00e4t - Ron Barcel\u00f3","isPartOf":{"@id":"https:\/\/ronbarcelo.com\/de\/#website"},"primaryImageOfPage":{"@id":"https:\/\/ronbarcelo.com\/de\/unser-unternehmen\/identitaet\/#primaryimage"},"image":{"@id":"https:\/\/ronbarcelo.com\/de\/unser-unternehmen\/identitaet\/#primaryimage"},"thumbnailUrl":"https:\/\/ronbarcelo.com\/wp-content\/uploads\/2021\/03\/identidad_main.jpg","datePublished":"2022-02-09T14:56:29+00:00","dateModified":"2022-09-13T13:34:34+00:00","breadcrumb":{"@id":"https:\/\/ronbarcelo.com\/de\/unser-unternehmen\/identitaet\/#breadcrumb"},"inLanguage":"de","potentialAction":[{"@type":"ReadAction","target":["https:\/\/ronbarcelo.com\/de\/unser-unternehmen\/identitaet\/"]}]},{"@type":"ImageObject","inLanguage":"de","@id":"https:\/\/ronbarcelo.com\/de\/unser-unternehmen\/identitaet\/#primaryimage","url":"https:\/\/ronbarcelo.com\/wp-content\/uploads\/2021\/03\/identidad_main.jpg","contentUrl":"https:\/\/ronbarcelo.com\/wp-content\/uploads\/2021\/03\/identidad_main.jpg","width":1600,"height":690,"caption":"Maestro-ronero"},{"@type":"BreadcrumbList","@id":"https:\/\/ronbarcelo.com\/de\/unser-unternehmen\/identitaet\/#breadcrumb","itemListElement":[{"@type":"ListItem","position":1,"name":"Portada","item":"https:\/\/ronbarcelo.com\/de\/"},{"@type":"ListItem","position":2,"name":"Unser Unternehmen","item":"https:\/\/ronbarcelo.com\/de\/unser-unternehmen\/"},{"@type":"ListItem","position":3,"name":"Identit\u00e4t"}]},{"@type":"WebSite","@id":"https:\/\/ronbarcelo.com\/de\/#website","url":"https:\/\/ronbarcelo.com\/de\/","name":"Ron Barcel\u00f3","description":"Ron Dominicano","publisher":{"@id":"https:\/\/ronbarcelo.com\/de\/#organization"},"potentialAction":[{"@type":"SearchAction","target":{"@type":"EntryPoint","urlTemplate":"https:\/\/ronbarcelo.com\/de\/?s={search_term_string}"},"query-input":{"@type":"PropertyValueSpecification","valueRequired":true,"valueName":"search_term_string"}}],"inLanguage":"de"},{"@type":"Organization","@id":"https:\/\/ronbarcelo.com\/de\/#organization","name":"Barcel\u00f3 - Ron Dominicano","url":"https:\/\/ronbarcelo.com\/de\/","logo":{"@type":"ImageObject","inLanguage":"de","@id":"https:\/\/ronbarcelo.com\/de\/#\/schema\/logo\/image\/","url":"https:\/\/ronbarcelo.com\/wp-content\/uploads\/2021\/05\/logo-email.png","contentUrl":"https:\/\/ronbarcelo.com\/wp-content\/uploads\/2021\/05\/logo-email.png","width":150,"height":109,"caption":"Barcel\u00f3 - Ron Dominicano"},"image":{"@id":"https:\/\/ronbarcelo.com\/de\/#\/schema\/logo\/image\/"},"sameAs":["https:\/\/www.linkedin.com\/company\/ronbarcelo\/"]}]}},"_links":{"self":[{"href":"https:\/\/ronbarcelo.com\/de\/wp-json\/wp\/v2\/pages\/7135","targetHints":{"allow":["GET"]}}],"collection":[{"href":"https:\/\/ronbarcelo.com\/de\/wp-json\/wp\/v2\/pages"}],"about":[{"href":"https:\/\/ronbarcelo.com\/de\/wp-json\/wp\/v2\/types\/page"}],"author":[{"embeddable":true,"href":"https:\/\/ronbarcelo.com\/de\/wp-json\/wp\/v2\/users\/1"}],"replies":[{"embeddable":true,"href":"https:\/\/ronbarcelo.com\/de\/wp-json\/wp\/v2\/comments?post=7135"}],"version-history":[{"count":5,"href":"https:\/\/ronbarcelo.com\/de\/wp-json\/wp\/v2\/pages\/7135\/revisions"}],"predecessor-version":[{"id":7721,"href":"https:\/\/ronbarcelo.com\/de\/wp-json\/wp\/v2\/pages\/7135\/revisions\/7721"}],"up":[{"embeddable":true,"href":"https:\/\/ronbarcelo.com\/de\/wp-json\/wp\/v2\/pages\/7100"}],"wp:featuredmedia":[{"embeddable":true,"href":"https:\/\/ronbarcelo.com\/de\/wp-json\/wp\/v2\/media\/4628"}],"wp:attachment":[{"href":"https:\/\/ronbarcelo.com\/de\/wp-json\/wp\/v2\/media?parent=7135"}],"curies":[{"name":"wp","href":"https:\/\/api.w.org\/{rel}","templated":true}]}}