{"id":7143,"date":"2022-02-09T16:00:49","date_gmt":"2022-02-09T15:00:49","guid":{"rendered":"https:\/\/ronbarcelo.com\/?page_id=7143"},"modified":"2023-03-28T19:43:12","modified_gmt":"2023-03-28T17:43:12","slug":"unsere-rums","status":"publish","type":"page","link":"https:\/\/ronbarcelo.com\/de\/unsere-rums\/","title":{"rendered":"Unsere Rums"},"content":{"rendered":"<p>[vc_row css=&#8220;.vc_custom_1616954110886{padding-right: 5% !important;padding-left: 5% !important;}&#8220;][vc_column]\n\t<blockquote  class=\"gg-vc-quote  remove_blockquotes font_size_small text-align-center \">\n\tBei uns geht Qualit\u00e4t noch einen Schritt weiter. Ron Barcel\u00f3 ist der einzige dominikanische Rum, der von unseren Plantagen zu 100% aus Zuckerrohrsaft hergestellt wird. Diese Exzellenzanspr\u00fcche \u00fcbertragen sich auf unsere Produkte und erm\u00f6glichen es, uns als ein internationaler Bezugspunkt in der Branche zu best\u00e4tigen. Wir sind in der lage eine Vielzahl von renommierten Rums anzubieten, die weltweit f\u00fcr ihre Innovationen anerkannt sind. Das Angebot von Qualit\u00e4tsprodukten ist unsere Mission.\n\t<\/blockquote>[\/vc_column][\/vc_row][vc_row][vc_column][vc_column_text]    <div class=\"gg-shop-style_1 rum-list\">\n        <ul class=\"products columns-3\">\n                            <li class=\"has_thumb product type-product post-7670 status-publish product_cat-white has-post-thumbnail\">\n    <div class=\"product-image-wrap\">\n        <a href=\"https:\/\/ronbarcelo.com\/de\/rum\/imperial-porto-cask\/\" class=\"woocommerce-LoopProduct-link woocommerce-loop-product__link\">\n            <img loading=\"lazy\" decoding=\"async\" width=\"550\" height=\"1024\" src=\"https:\/\/ronbarcelo.com\/wp-content\/uploads\/2022\/09\/PortoCask.png\" class=\"attachment-large size-large wp-post-image\" alt=\"\" srcset=\"https:\/\/ronbarcelo.com\/wp-content\/uploads\/2022\/09\/PortoCask.png 550w, https:\/\/ronbarcelo.com\/wp-content\/uploads\/2022\/09\/PortoCask-161x300.png 161w\" sizes=\"auto, (max-width: 550px) 100vw, 550px\" \/>        <\/a>\n    <\/div>\n    <div class=\"product-meta-wrap\">\n        <div class=\"product-meta-wrap-inner\">\n            <h2 class=\"woocommerce-loop-product__title\">\n                <a href=\"https:\/\/ronbarcelo.com\/de\/rum\/imperial-porto-cask\/\">Imperial Porto Cask<\/a>\n            <\/h2>\n<!--        <hr \/>\n            <span class=\"related-description\">DER LEICHTE UND GESCHMEIDIGE BARCEL\u00d3 IMPERIAL PORTO CASK IST EINE HARMONIE F\u00dcR DIE SINNE<\/span>-->\n            <a href=\"https:\/\/ronbarcelo.com\/de\/rum\/imperial-porto-cask\/\" class=\"button btn btn-primary\"><span>Kaufen<\/span><\/a>\n        <\/div>\n    <\/div>\n<\/li>                            <li class=\"has_thumb product type-product post-7169 status-publish product_cat-white has-post-thumbnail\">\n    <div class=\"product-image-wrap\">\n        <a href=\"https:\/\/ronbarcelo.com\/de\/rum\/imperial-onyx\/\" class=\"woocommerce-LoopProduct-link woocommerce-loop-product__link\">\n            <img loading=\"lazy\" decoding=\"async\" width=\"550\" height=\"1024\" src=\"https:\/\/ronbarcelo.com\/wp-content\/uploads\/2021\/03\/BarceloImperialOnyx.png\" class=\"attachment-large size-large wp-post-image\" alt=\"\" srcset=\"https:\/\/ronbarcelo.com\/wp-content\/uploads\/2021\/03\/BarceloImperialOnyx.png 550w, https:\/\/ronbarcelo.com\/wp-content\/uploads\/2021\/03\/BarceloImperialOnyx-161x300.png 161w\" sizes=\"auto, (max-width: 550px) 100vw, 550px\" \/>        <\/a>\n    <\/div>\n    <div class=\"product-meta-wrap\">\n        <div class=\"product-meta-wrap-inner\">\n            <h2 class=\"woocommerce-loop-product__title\">\n                <a href=\"https:\/\/ronbarcelo.com\/de\/rum\/imperial-onyx\/\">Imperial Onyx<\/a>\n            <\/h2>\n<!--        <hr \/>\n            <span class=\"related-description\">Feuergeschmiedeter Charakter und Eleganz<\/span>-->\n            <a href=\"https:\/\/ronbarcelo.com\/de\/rum\/imperial-onyx\/\" class=\"button btn btn-primary\"><span>Kaufen<\/span><\/a>\n        <\/div>\n    <\/div>\n<\/li>                            <li class=\"has_thumb product type-product post-7191 status-publish product_cat-white has-post-thumbnail\">\n    <div class=\"product-image-wrap\">\n        <a href=\"https:\/\/ronbarcelo.com\/de\/rum\/imperial\/\" class=\"woocommerce-LoopProduct-link woocommerce-loop-product__link\">\n            <img loading=\"lazy\" decoding=\"async\" width=\"550\" height=\"1024\" src=\"https:\/\/ronbarcelo.com\/wp-content\/uploads\/2021\/03\/BarceloImperial.png\" class=\"attachment-large size-large wp-post-image\" alt=\"\" srcset=\"https:\/\/ronbarcelo.com\/wp-content\/uploads\/2021\/03\/BarceloImperial.png 550w, https:\/\/ronbarcelo.com\/wp-content\/uploads\/2021\/03\/BarceloImperial-161x300.png 161w\" sizes=\"auto, (max-width: 550px) 100vw, 550px\" \/>        <\/a>\n    <\/div>\n    <div class=\"product-meta-wrap\">\n        <div class=\"product-meta-wrap-inner\">\n            <h2 class=\"woocommerce-loop-product__title\">\n                <a href=\"https:\/\/ronbarcelo.com\/de\/rum\/imperial\/\">Imperial<\/a>\n            <\/h2>\n<!--        <hr \/>\n            <span class=\"related-description\">Ein perfektes Synonym f\u00fcr den Respekt vor dem Lauf der Zeit und den Traditionen<\/span>-->\n            <a href=\"https:\/\/ronbarcelo.com\/de\/rum\/imperial\/\" class=\"button btn btn-primary\"><span>Kaufen<\/span><\/a>\n        <\/div>\n    <\/div>\n<\/li>                            <li class=\"has_thumb product type-product post-7224 status-publish product_cat-white has-post-thumbnail\">\n    <div class=\"product-image-wrap\">\n        <a href=\"https:\/\/ronbarcelo.com\/de\/rum\/gran-anejo\/\" class=\"woocommerce-LoopProduct-link woocommerce-loop-product__link\">\n            <img loading=\"lazy\" decoding=\"async\" width=\"550\" height=\"1024\" src=\"https:\/\/ronbarcelo.com\/wp-content\/uploads\/2021\/03\/GranAnejo.png\" class=\"attachment-large size-large wp-post-image\" alt=\"\" srcset=\"https:\/\/ronbarcelo.com\/wp-content\/uploads\/2021\/03\/GranAnejo.png 550w, https:\/\/ronbarcelo.com\/wp-content\/uploads\/2021\/03\/GranAnejo-161x300.png 161w\" sizes=\"auto, (max-width: 550px) 100vw, 550px\" \/>        <\/a>\n    <\/div>\n    <div class=\"product-meta-wrap\">\n        <div class=\"product-meta-wrap-inner\">\n            <h2 class=\"woocommerce-loop-product__title\">\n                <a href=\"https:\/\/ronbarcelo.com\/de\/rum\/gran-anejo\/\">Gran A\u00f1ejo<\/a>\n            <\/h2>\n<!--        <hr \/>\n            <span class=\"related-description\">Tauchen Sie in sein unvergleichliches Bouquet ein<\/span>-->\n            <a href=\"https:\/\/ronbarcelo.com\/de\/rum\/gran-anejo\/\" class=\"button btn btn-primary\"><span>Kaufen<\/span><\/a>\n        <\/div>\n    <\/div>\n<\/li>                            <li class=\"has_thumb product type-product post-7239 status-publish product_cat-white has-post-thumbnail\">\n    <div class=\"product-image-wrap\">\n        <a href=\"https:\/\/ronbarcelo.com\/de\/rum\/anejo\/\" class=\"woocommerce-LoopProduct-link woocommerce-loop-product__link\">\n            <img loading=\"lazy\" decoding=\"async\" width=\"550\" height=\"1024\" src=\"https:\/\/ronbarcelo.com\/wp-content\/uploads\/2021\/03\/BarceloAnejo.png\" class=\"attachment-large size-large wp-post-image\" alt=\"\" srcset=\"https:\/\/ronbarcelo.com\/wp-content\/uploads\/2021\/03\/BarceloAnejo.png 550w, https:\/\/ronbarcelo.com\/wp-content\/uploads\/2021\/03\/BarceloAnejo-161x300.png 161w\" sizes=\"auto, (max-width: 550px) 100vw, 550px\" \/>        <\/a>\n    <\/div>\n    <div class=\"product-meta-wrap\">\n        <div class=\"product-meta-wrap-inner\">\n            <h2 class=\"woocommerce-loop-product__title\">\n                <a href=\"https:\/\/ronbarcelo.com\/de\/rum\/anejo\/\">A\u00f1ejo<\/a>\n            <\/h2>\n<!--        <hr \/>\n            <span class=\"related-description\">Der meist exportierte rum der dominikanischen republik<\/span>-->\n            <a href=\"https:\/\/ronbarcelo.com\/de\/rum\/anejo\/\" class=\"button btn btn-primary\"><span>Kaufen<\/span><\/a>\n        <\/div>\n    <\/div>\n<\/li>                            <li class=\"has_thumb product type-product post-7252 status-publish product_cat-white has-post-thumbnail\">\n    <div class=\"product-image-wrap\">\n        <a href=\"https:\/\/ronbarcelo.com\/de\/rum\/dorado-anejado\/\" class=\"woocommerce-LoopProduct-link woocommerce-loop-product__link\">\n            <img loading=\"lazy\" decoding=\"async\" width=\"550\" height=\"1024\" src=\"https:\/\/ronbarcelo.com\/wp-content\/uploads\/2021\/03\/BarceloDorado.png\" class=\"attachment-large size-large wp-post-image\" alt=\"\" srcset=\"https:\/\/ronbarcelo.com\/wp-content\/uploads\/2021\/03\/BarceloDorado.png 550w, https:\/\/ronbarcelo.com\/wp-content\/uploads\/2021\/03\/BarceloDorado-161x300.png 161w\" sizes=\"auto, (max-width: 550px) 100vw, 550px\" \/>        <\/a>\n    <\/div>\n    <div class=\"product-meta-wrap\">\n        <div class=\"product-meta-wrap-inner\">\n            <h2 class=\"woocommerce-loop-product__title\">\n                <a href=\"https:\/\/ronbarcelo.com\/de\/rum\/dorado-anejado\/\">Dorado A\u00f1ejado<\/a>\n            <\/h2>\n<!--        <hr \/>\n            <span class=\"related-description\">Ein hauch von gold f\u00fcr ihre kombinationen<\/span>-->\n            <a href=\"https:\/\/ronbarcelo.com\/de\/rum\/dorado-anejado\/\" class=\"button btn btn-primary\"><span>Kaufen<\/span><\/a>\n        <\/div>\n    <\/div>\n<\/li>                            <li class=\"has_thumb product type-product post-7266 status-publish product_cat-white has-post-thumbnail\">\n    <div class=\"product-image-wrap\">\n        <a href=\"https:\/\/ronbarcelo.com\/de\/rum\/blanco-anejado\/\" class=\"woocommerce-LoopProduct-link woocommerce-loop-product__link\">\n            <img loading=\"lazy\" decoding=\"async\" width=\"550\" height=\"1024\" src=\"https:\/\/ronbarcelo.com\/wp-content\/uploads\/2021\/03\/BarceloBlanco.png\" class=\"attachment-large size-large wp-post-image\" alt=\"\" srcset=\"https:\/\/ronbarcelo.com\/wp-content\/uploads\/2021\/03\/BarceloBlanco.png 550w, https:\/\/ronbarcelo.com\/wp-content\/uploads\/2021\/03\/BarceloBlanco-161x300.png 161w\" sizes=\"auto, (max-width: 550px) 100vw, 550px\" \/>        <\/a>\n    <\/div>\n    <div class=\"product-meta-wrap\">\n        <div class=\"product-meta-wrap-inner\">\n            <h2 class=\"woocommerce-loop-product__title\">\n                <a href=\"https:\/\/ronbarcelo.com\/de\/rum\/blanco-anejado\/\">Blanco A\u00f1ejado<\/a>\n            <\/h2>\n<!--        <hr \/>\n            <span class=\"related-description\">Die tiefe seines aromas wird sie erobern<\/span>-->\n            <a href=\"https:\/\/ronbarcelo.com\/de\/rum\/blanco-anejado\/\" class=\"button btn btn-primary\"><span>Kaufen<\/span><\/a>\n        <\/div>\n    <\/div>\n<\/li>                    <\/ul>\n    <\/div>\n[\/vc_column_text][\/vc_column][\/vc_row][vc_row][vc_column]\n\t<div class=\"gg-special-button-wrapper  special-button-align-center special-button-style-btn-primary\"><a class=\"btn btn-primary\" href=\"https:\/\/ronbarcelo.com\/wp-content\/uploads\/2023\/03\/Base-Valores-Nutricionales-19-aprobado-1.pdf\" title=\"N\u00e4hrwertangaben\" target=\"_self\">N\u00e4hrwertangaben<\/a><\/div>[\/vc_column][\/vc_row]<\/p>\n","protected":false},"excerpt":{"rendered":"<p>[vc_row css=&#8220;.vc_custom_1616954110886{padding-right: 5% !important;padding-left: 5% !important;}&#8220;][vc_column][\/vc_column][\/vc_row][vc_row][vc_column][vc_column_text][\/vc_column_text][\/vc_column][\/vc_row][vc_row][vc_column][\/vc_column][\/vc_row]<\/p>\n","protected":false},"author":1,"featured_media":7146,"parent":0,"menu_order":0,"comment_status":"closed","ping_status":"closed","template":"","meta":{"footnotes":""},"class_list":["post-7143","page","type-page","status-publish","has-post-thumbnail","hentry","has_thumb"],"yoast_head":"<!-- This site is optimized with the Yoast SEO plugin v24.9 - https:\/\/yoast.com\/wordpress\/plugins\/seo\/ -->\n<title>Unsere Rums - Ron Barcel\u00f3<\/title>\n<meta name=\"robots\" content=\"index, follow, max-snippet:-1, max-image-preview:large, max-video-preview:-1\" \/>\n<link rel=\"canonical\" href=\"https:\/\/ronbarcelo.com\/de\/unsere-rums\/\" \/>\n<meta property=\"og:locale\" content=\"de_DE\" \/>\n<meta property=\"og:type\" content=\"article\" \/>\n<meta property=\"og:title\" content=\"Unsere Rums - Ron Barcel\u00f3\" \/>\n<meta property=\"og:description\" content=\"[vc_row css=&#8220;.vc_custom_1616954110886{padding-right: 5% !important;padding-left: 5% !important;}&#8220;][vc_column][\/vc_column][\/vc_row][vc_row][vc_column][vc_column_text][\/vc_column_text][\/vc_column][\/vc_row][vc_row][vc_column][\/vc_column][\/vc_row]\" \/>\n<meta property=\"og:url\" content=\"https:\/\/ronbarcelo.com\/de\/unsere-rums\/\" \/>\n<meta property=\"og:site_name\" content=\"Ron Barcel\u00f3\" \/>\n<meta property=\"article:modified_time\" content=\"2023-03-28T17:43:12+00:00\" \/>\n<meta property=\"og:image\" content=\"https:\/\/ronbarcelo.com\/wp-content\/uploads\/2021\/03\/our-rums-main.jpg\" \/>\n\t<meta property=\"og:image:width\" content=\"1600\" \/>\n\t<meta property=\"og:image:height\" content=\"690\" \/>\n\t<meta property=\"og:image:type\" content=\"image\/jpeg\" \/>\n<meta name=\"twitter:card\" content=\"summary_large_image\" \/>\n<meta name=\"twitter:label1\" content=\"Gesch\u00e4tzte Lesezeit\" \/>\n\t<meta name=\"twitter:data1\" content=\"1\u00a0Minute\" \/>\n<script type=\"application\/ld+json\" class=\"yoast-schema-graph\">{\"@context\":\"https:\/\/schema.org\",\"@graph\":[{\"@type\":\"WebPage\",\"@id\":\"https:\/\/ronbarcelo.com\/de\/unsere-rums\/\",\"url\":\"https:\/\/ronbarcelo.com\/de\/unsere-rums\/\",\"name\":\"Unsere Rums - Ron Barcel\u00f3\",\"isPartOf\":{\"@id\":\"https:\/\/ronbarcelo.com\/de\/#website\"},\"primaryImageOfPage\":{\"@id\":\"https:\/\/ronbarcelo.com\/de\/unsere-rums\/#primaryimage\"},\"image\":{\"@id\":\"https:\/\/ronbarcelo.com\/de\/unsere-rums\/#primaryimage\"},\"thumbnailUrl\":\"https:\/\/ronbarcelo.com\/wp-content\/uploads\/2021\/03\/our-rums-main.jpg\",\"datePublished\":\"2022-02-09T15:00:49+00:00\",\"dateModified\":\"2023-03-28T17:43:12+00:00\",\"breadcrumb\":{\"@id\":\"https:\/\/ronbarcelo.com\/de\/unsere-rums\/#breadcrumb\"},\"inLanguage\":\"de\",\"potentialAction\":[{\"@type\":\"ReadAction\",\"target\":[\"https:\/\/ronbarcelo.com\/de\/unsere-rums\/\"]}]},{\"@type\":\"ImageObject\",\"inLanguage\":\"de\",\"@id\":\"https:\/\/ronbarcelo.com\/de\/unsere-rums\/#primaryimage\",\"url\":\"https:\/\/ronbarcelo.com\/wp-content\/uploads\/2021\/03\/our-rums-main.jpg\",\"contentUrl\":\"https:\/\/ronbarcelo.com\/wp-content\/uploads\/2021\/03\/our-rums-main.jpg\",\"width\":1600,\"height\":690,\"caption\":\"our-rums\"},{\"@type\":\"BreadcrumbList\",\"@id\":\"https:\/\/ronbarcelo.com\/de\/unsere-rums\/#breadcrumb\",\"itemListElement\":[{\"@type\":\"ListItem\",\"position\":1,\"name\":\"Portada\",\"item\":\"https:\/\/ronbarcelo.com\/de\/\"},{\"@type\":\"ListItem\",\"position\":2,\"name\":\"Unsere Rums\"}]},{\"@type\":\"WebSite\",\"@id\":\"https:\/\/ronbarcelo.com\/de\/#website\",\"url\":\"https:\/\/ronbarcelo.com\/de\/\",\"name\":\"Ron Barcel\u00f3\",\"description\":\"Ron Dominicano\",\"publisher\":{\"@id\":\"https:\/\/ronbarcelo.com\/de\/#organization\"},\"potentialAction\":[{\"@type\":\"SearchAction\",\"target\":{\"@type\":\"EntryPoint\",\"urlTemplate\":\"https:\/\/ronbarcelo.com\/de\/?s={search_term_string}\"},\"query-input\":{\"@type\":\"PropertyValueSpecification\",\"valueRequired\":true,\"valueName\":\"search_term_string\"}}],\"inLanguage\":\"de\"},{\"@type\":\"Organization\",\"@id\":\"https:\/\/ronbarcelo.com\/de\/#organization\",\"name\":\"Barcel\u00f3 - Ron Dominicano\",\"url\":\"https:\/\/ronbarcelo.com\/de\/\",\"logo\":{\"@type\":\"ImageObject\",\"inLanguage\":\"de\",\"@id\":\"https:\/\/ronbarcelo.com\/de\/#\/schema\/logo\/image\/\",\"url\":\"https:\/\/ronbarcelo.com\/wp-content\/uploads\/2021\/05\/logo-email.png\",\"contentUrl\":\"https:\/\/ronbarcelo.com\/wp-content\/uploads\/2021\/05\/logo-email.png\",\"width\":150,\"height\":109,\"caption\":\"Barcel\u00f3 - Ron Dominicano\"},\"image\":{\"@id\":\"https:\/\/ronbarcelo.com\/de\/#\/schema\/logo\/image\/\"},\"sameAs\":[\"https:\/\/www.linkedin.com\/company\/ronbarcelo\/\"]}]}<\/script>\n<!-- \/ Yoast SEO plugin. -->","yoast_head_json":{"title":"Unsere Rums - Ron Barcel\u00f3","robots":{"index":"index","follow":"follow","max-snippet":"max-snippet:-1","max-image-preview":"max-image-preview:large","max-video-preview":"max-video-preview:-1"},"canonical":"https:\/\/ronbarcelo.com\/de\/unsere-rums\/","og_locale":"de_DE","og_type":"article","og_title":"Unsere Rums - Ron Barcel\u00f3","og_description":"[vc_row css=&#8220;.vc_custom_1616954110886{padding-right: 5% !important;padding-left: 5% !important;}&#8220;][vc_column][\/vc_column][\/vc_row][vc_row][vc_column][vc_column_text][\/vc_column_text][\/vc_column][\/vc_row][vc_row][vc_column][\/vc_column][\/vc_row]","og_url":"https:\/\/ronbarcelo.com\/de\/unsere-rums\/","og_site_name":"Ron Barcel\u00f3","article_modified_time":"2023-03-28T17:43:12+00:00","og_image":[{"width":1600,"height":690,"url":"https:\/\/ronbarcelo.com\/wp-content\/uploads\/2021\/03\/our-rums-main.jpg","type":"image\/jpeg"}],"twitter_card":"summary_large_image","twitter_misc":{"Gesch\u00e4tzte Lesezeit":"1\u00a0Minute"},"schema":{"@context":"https:\/\/schema.org","@graph":[{"@type":"WebPage","@id":"https:\/\/ronbarcelo.com\/de\/unsere-rums\/","url":"https:\/\/ronbarcelo.com\/de\/unsere-rums\/","name":"Unsere Rums - Ron Barcel\u00f3","isPartOf":{"@id":"https:\/\/ronbarcelo.com\/de\/#website"},"primaryImageOfPage":{"@id":"https:\/\/ronbarcelo.com\/de\/unsere-rums\/#primaryimage"},"image":{"@id":"https:\/\/ronbarcelo.com\/de\/unsere-rums\/#primaryimage"},"thumbnailUrl":"https:\/\/ronbarcelo.com\/wp-content\/uploads\/2021\/03\/our-rums-main.jpg","datePublished":"2022-02-09T15:00:49+00:00","dateModified":"2023-03-28T17:43:12+00:00","breadcrumb":{"@id":"https:\/\/ronbarcelo.com\/de\/unsere-rums\/#breadcrumb"},"inLanguage":"de","potentialAction":[{"@type":"ReadAction","target":["https:\/\/ronbarcelo.com\/de\/unsere-rums\/"]}]},{"@type":"ImageObject","inLanguage":"de","@id":"https:\/\/ronbarcelo.com\/de\/unsere-rums\/#primaryimage","url":"https:\/\/ronbarcelo.com\/wp-content\/uploads\/2021\/03\/our-rums-main.jpg","contentUrl":"https:\/\/ronbarcelo.com\/wp-content\/uploads\/2021\/03\/our-rums-main.jpg","width":1600,"height":690,"caption":"our-rums"},{"@type":"BreadcrumbList","@id":"https:\/\/ronbarcelo.com\/de\/unsere-rums\/#breadcrumb","itemListElement":[{"@type":"ListItem","position":1,"name":"Portada","item":"https:\/\/ronbarcelo.com\/de\/"},{"@type":"ListItem","position":2,"name":"Unsere Rums"}]},{"@type":"WebSite","@id":"https:\/\/ronbarcelo.com\/de\/#website","url":"https:\/\/ronbarcelo.com\/de\/","name":"Ron Barcel\u00f3","description":"Ron Dominicano","publisher":{"@id":"https:\/\/ronbarcelo.com\/de\/#organization"},"potentialAction":[{"@type":"SearchAction","target":{"@type":"EntryPoint","urlTemplate":"https:\/\/ronbarcelo.com\/de\/?s={search_term_string}"},"query-input":{"@type":"PropertyValueSpecification","valueRequired":true,"valueName":"search_term_string"}}],"inLanguage":"de"},{"@type":"Organization","@id":"https:\/\/ronbarcelo.com\/de\/#organization","name":"Barcel\u00f3 - Ron Dominicano","url":"https:\/\/ronbarcelo.com\/de\/","logo":{"@type":"ImageObject","inLanguage":"de","@id":"https:\/\/ronbarcelo.com\/de\/#\/schema\/logo\/image\/","url":"https:\/\/ronbarcelo.com\/wp-content\/uploads\/2021\/05\/logo-email.png","contentUrl":"https:\/\/ronbarcelo.com\/wp-content\/uploads\/2021\/05\/logo-email.png","width":150,"height":109,"caption":"Barcel\u00f3 - Ron Dominicano"},"image":{"@id":"https:\/\/ronbarcelo.com\/de\/#\/schema\/logo\/image\/"},"sameAs":["https:\/\/www.linkedin.com\/company\/ronbarcelo\/"]}]}},"_links":{"self":[{"href":"https:\/\/ronbarcelo.com\/de\/wp-json\/wp\/v2\/pages\/7143","targetHints":{"allow":["GET"]}}],"collection":[{"href":"https:\/\/ronbarcelo.com\/de\/wp-json\/wp\/v2\/pages"}],"about":[{"href":"https:\/\/ronbarcelo.com\/de\/wp-json\/wp\/v2\/types\/page"}],"author":[{"embeddable":true,"href":"https:\/\/ronbarcelo.com\/de\/wp-json\/wp\/v2\/users\/1"}],"replies":[{"embeddable":true,"href":"https:\/\/ronbarcelo.com\/de\/wp-json\/wp\/v2\/comments?post=7143"}],"version-history":[{"count":4,"href":"https:\/\/ronbarcelo.com\/de\/wp-json\/wp\/v2\/pages\/7143\/revisions"}],"predecessor-version":[{"id":8824,"href":"https:\/\/ronbarcelo.com\/de\/wp-json\/wp\/v2\/pages\/7143\/revisions\/8824"}],"wp:featuredmedia":[{"embeddable":true,"href":"https:\/\/ronbarcelo.com\/de\/wp-json\/wp\/v2\/media\/7146"}],"wp:attachment":[{"href":"https:\/\/ronbarcelo.com\/de\/wp-json\/wp\/v2\/media?parent=7143"}],"curies":[{"name":"wp","href":"https:\/\/api.w.org\/{rel}","templated":true}]}}