{"id":7440,"date":"2022-02-09T17:42:26","date_gmt":"2022-02-09T16:42:26","guid":{"rendered":"https:\/\/ronbarcelo.com\/?page_id=7440"},"modified":"2025-11-28T17:23:35","modified_gmt":"2025-11-28T21:23:35","slug":"fuehrungen-buchen","status":"publish","type":"page","link":"https:\/\/ronbarcelo.com\/de\/fuehrungen-buchen\/","title":{"rendered":"F\u00fchrungen Buchen"},"content":{"rendered":"<p>[vc_row][vc_column width=&#8220;1\/4&#8243;][\/vc_column][vc_column width=&#8220;1\/2&#8243;]\n\t<div class=\"title-subtitle-box  vc_custom_1644424826470\" style=\" text-align: center;\">\n\t\t<h1 style=\" font-weight: normal;\" class=\"special-title\" >\n\t\t<span class=\"toptitle\" style=\"\">F\u00dcHRUNGEN BUCHEN<\/span>Barcel\u00f2 Experience<\/h1>\n\t\t<div class=\"box-description\"><p>Tauchen Sie ein in das reiche Aroma unserer am l\u00e4ngsten gereiften Reserven und entdecken Sie die Prozesse und Lage unserer Barrique-F\u00e4sser.<\/p>\n<\/div>\n\t<\/div> [\/vc_column][vc_column width=&#8220;1\/4&#8243;][\/vc_column][\/vc_row][vc_row equal_height=&#8220;yes&#8220; css=&#8220;.vc_custom_1621014517044{padding-right: 0px !important;padding-left: 0px !important;}&#8220;][vc_column width=&#8220;1\/2&#8243; add_reveal_effect=&#8220;yes&#8220;]\n\t<div class=\"gg-clubbox \" style=\"text-align:left;\">\n\t\t<div class=\"club-image\"> <img decoding=\"async\" class=\"wp-post-image\" src=\" https:\/\/ronbarcelo.com\/wp-content\/uploads\/2021\/06\/Fondo-Ticket-Tour-BAN.jpg \" alt=\"Fondo-Ticket-Tour-BAN\" \/> <\/div>\n\t\t<div class=\"gg-clubbox-content gg-left\">\n\t\t<span class=\"club-top-title\" >Tour<\/span>\n\t\t<h3 class=\"club-title\" >A\u00f1ejo Experience<\/h3>\n\t\t<div class=\"club-description\" ><p>Eine interaktive Tour, bei der Sie erfahren, wie wir unseren Rum herstellen, und ein wenig \u00fcber unsere Geschichte lernen, w\u00e4hrend Sie einen Hauscocktail genie\u00dfen. Beenden Sie die Tour in unserer Bar mit einer Verkostung unserer A\u00f1ejo, Gran A\u00f1ejo und Gran A\u00f1ejo Dark Rums. Und vor allem vergessen Sie nicht, bei unserem Geschenke Shop eine Stippvisite zu machen!<\/p>\n<p>Dauer: 1 Stunde und 15 Minuten.<br \/>\nKapazit\u00e4t: maximal 30 Personen pro Tour.<\/p>\n<\/div>\n\t\t<p class=\"club-price\" >Preis: USD 20 \/ Person <span class=\"club-price-affix\" >Kinder unter 17 Jahren: freier Eintritt<\/span><\/p>\n\t<div class=\"clearfix\"><\/div><a class=\"club-link button btn-primary\" href=\"\/de\/prodotto\/anejo-experience\/\" title=\"Buchen jetzt\" target=\"_self\">Buchen jetzt<\/a>\n\t<\/div>\n\t<\/div>[\/vc_column][vc_column width=&#8220;1\/2&#8243; add_reveal_effect=&#8220;yes&#8220;]\n\t<div class=\"gg-clubbox \" style=\"text-align:left;\">\n\t\t<div class=\"club-image\"> <img decoding=\"async\" class=\"wp-post-image\" src=\" https:\/\/ronbarcelo.com\/wp-content\/uploads\/2021\/06\/Fondo-Ticket-Tour-Imperial.jpg \" alt=\"Fondo-Ticket-Tour-Imperial\" \/> <\/div>\n\t\t<div class=\"gg-clubbox-content gg-left\">\n\t\t<span class=\"club-top-title\" >Tour<\/span>\n\t\t<h3 class=\"club-title\" >Imperial Experience<\/h3>\n\t\t<div class=\"club-description\" ><p>Erleben Sie die gesamte Erfahrung der Anejo Experience Tour, indem Sie eine private Verkostung in einem unserer Keller hinzuf\u00fcgen, um unsere meist ausgezeichneten Rums zu genie\u00dfen: Imperial, Imperial Onyx und Premium Blend.<\/p>\n<p>Dauer: 1 Stunde und 45 Minuten.<br \/>\nKapazit\u00e4t: maximal 10 Personen pro Tour.<\/p>\n<\/div>\n\t\t<p class=\"club-price\" >Preis: USD 40 \/ Person <span class=\"club-price-affix\" >Kinder unter 17 Jahren: freier Eintritt<\/span><\/p>\n\t<div class=\"clearfix\"><\/div><a class=\"club-link button btn-primary\" href=\"\/de\/prodotto\/imperial-experience\/\" title=\"Buchen jetzt\" target=\"_self\">Buchen jetzt<\/a>\n\t<\/div>\n\t<\/div>[\/vc_column][\/vc_row][vc_row equal_height=&#8220;yes&#8220; css=&#8220;.vc_custom_1621014517044{padding-right: 0px !important;padding-left: 0px !important;}&#8220;][vc_column width=&#8220;1\/2&#8243; add_reveal_effect=&#8220;yes&#8220;]\n\t<div class=\"gg-clubbox \" style=\"text-align:left;\">\n\t\t<div class=\"club-image\"> <img decoding=\"async\" class=\"wp-post-image\" src=\" https:\/\/ronbarcelo.com\/wp-content\/uploads\/2023\/06\/Fondo-Ticket-Tour-BAN-PLUS.jpg \" alt=\"\" \/> <\/div>\n\t\t<div class=\"gg-clubbox-content gg-left\">\n\t\t<span class=\"club-top-title\" >Tour<\/span>\n\t\t<h3 class=\"club-title\" >A\u00f1ejo PLUS Experience<\/h3>\n\t\t<div class=\"club-description\" ><p>Erleben Sie die komplette A\u00f1ejo Experience Tour, bei der Sie zus\u00e4tzlich unsere Premium-Rumsorten Imperial und Imperial Onyx probieren k\u00f6nnen.<\/p>\n<p>Dauer: 1 Stunde und 15 Minuten.<br \/>\nKapazit\u00e4t: maximal 30 Personen pro Tour.<\/p>\n<\/div>\n\t\t<p class=\"club-price\" >Preis: USD 30 \/ Person <span class=\"club-price-affix\" >Kinder unter 17 Jahren: freier Eintritt<\/span><\/p>\n\t<div class=\"clearfix\"><\/div><a class=\"club-link button btn-primary\" href=\"\/de\/prodotto\/anejo-plus-experience\/\" title=\"Buchen jetzt\" target=\"_self\">Buchen jetzt<\/a>\n\t<\/div>\n\t<\/div>[\/vc_column][vc_column width=&#8220;1\/2&#8243; add_reveal_effect=&#8220;yes&#8220;]\n\t<div class=\"gg-clubbox \" style=\"text-align:left;\">\n\t\t<div class=\"club-image\"> <img decoding=\"async\" class=\"wp-post-image\" src=\" https:\/\/ronbarcelo.com\/wp-content\/uploads\/2023\/06\/Fondo-Ticket-Tour-Bartender.jpg \" alt=\"\" \/> <\/div>\n\t\t<div class=\"gg-clubbox-content gg-left\">\n\t\t<span class=\"club-top-title\" >Tour<\/span>\n\t\t<h3 class=\"club-title\" >Bartender Experience<\/h3>\n\t\t<div class=\"club-description\" ><p>Verbessern Sie Ihre Erfahrung mit der M\u00f6glichkeit, einen Tag lang Barkeeper zu sein! Erforschen Sie Ihre F\u00e4higkeit, einen Cocktail von Grund auf zuzubereiten.<\/p>\n<blockquote><p>\n<em>*Sie m\u00fcssen mindestens eines der oben genannten Erlebnisse w\u00e4hlen<\/em>\n<\/p><\/blockquote>\n<p>Dauer: 30 Minuten.<br \/>\nKapazit\u00e4t: maximal 6 Personen pro Tour.<\/p>\n<\/div>\n\t\t<p class=\"club-price\" >Preis: USD 51 \/ Person <span class=\"club-price-affix\" >Nur Erwachsene<\/span><\/p>\n\t<div class=\"clearfix\"><\/div><a class=\"club-link button btn-primary\" href=\"\/de\/prodotto\/bartender-experience\/\" title=\"Buchen jetzt\" target=\"_self\">Buchen jetzt<\/a>\n\t<\/div>\n\t<\/div>[\/vc_column][\/vc_row][vc_row equal_height=&#8220;yes&#8220; disable_element=&#8220;yes&#8220; css=&#8220;.vc_custom_1764365010162{padding-right: 0px !important;padding-left: 0px !important;}&#8220;][vc_column width=&#8220;1\/2&#8243; add_reveal_effect=&#8220;yes&#8220;]\n\t<div class=\"gg-clubbox \" style=\"text-align:left;\">\n\t\t<div class=\"club-image\"> <img decoding=\"async\" class=\"wp-post-image\" src=\" https:\/\/ronbarcelo.com\/wp-content\/uploads\/2025\/04\/WhatsApp-Image-2025-04-21-at-15.05.34.jpeg \" alt=\"Isla Ron barcel\u00f3\" \/> <\/div>\n\t\t<div class=\"gg-clubbox-content gg-left\">\n\t\t<span class=\"club-top-title\" >Tour<\/span>\n\t\t<h3 class=\"club-title\" >Isla Ron Barcel\u00f3<\/h3>\n\t\t<div class=\"club-description\" ><p>Begib dich auf ein einzigartiges Erlebnis auf der Isla Barcel\u00f3, einem unerforschten Paradies in der \u00f6stlichen Region der Dominikanischen Republik, wo das Wesen der Karibik unter der tropischen Sonne zum Leben erwacht.<\/p>\n<p>Dauer: 6 Stunden.<br \/>\nKapazit\u00e4t: maximal 30 Personen pro Tour.<\/p>\n<\/div>\n\t\t<p class=\"club-price\" >Preis: USD 30 \/ Person <span class=\"club-price-affix\" ><\/span><\/p>\n\t<div class=\"clearfix\"><\/div><a class=\"club-link button btn-primary\" href=\"https:\/\/islaronbarcelo.com\" title=\"Buchen jetzt\" target=\" _blank\">Buchen jetzt<\/a>\n\t<\/div>\n\t<\/div>[\/vc_column][vc_column width=&#8220;1\/2&#8243; add_reveal_effect=&#8220;yes&#8220;][\/vc_column][\/vc_row]<\/p>\n","protected":false},"excerpt":{"rendered":"<p>[vc_row][vc_column width=&#8220;1\/4&#8243;][\/vc_column][vc_column width=&#8220;1\/2&#8243;][\/vc_column][vc_column width=&#8220;1\/4&#8243;][\/vc_column][\/vc_row][vc_row equal_height=&#8220;yes&#8220; css=&#8220;.vc_custom_1621014517044{padding-right: 0px !important;padding-left: 0px !important;}&#8220;][vc_column width=&#8220;1\/2&#8243; add_reveal_effect=&#8220;yes&#8220;][\/vc_column][vc_column width=&#8220;1\/2&#8243; add_reveal_effect=&#8220;yes&#8220;][\/vc_column][\/vc_row][vc_row equal_height=&#8220;yes&#8220; css=&#8220;.vc_custom_1621014517044{padding-right: 0px !important;padding-left: 0px !important;}&#8220;][vc_column width=&#8220;1\/2&#8243; add_reveal_effect=&#8220;yes&#8220;][\/vc_column][vc_column width=&#8220;1\/2&#8243; add_reveal_effect=&#8220;yes&#8220;][\/vc_column][\/vc_row][vc_row equal_height=&#8220;yes&#8220; disable_element=&#8220;yes&#8220; css=&#8220;.vc_custom_1764365010162{padding-right: 0px !important;padding-left: 0px !important;}&#8220;][vc_column width=&#8220;1\/2&#8243; add_reveal_effect=&#8220;yes&#8220;][\/vc_column][vc_column width=&#8220;1\/2&#8243; add_reveal_effect=&#8220;yes&#8220;][\/vc_column][\/vc_row]<\/p>\n","protected":false},"author":1,"featured_media":7421,"parent":0,"menu_order":0,"comment_status":"closed","ping_status":"closed","template":"","meta":{"footnotes":""},"class_list":["post-7440","page","type-page","status-publish","has-post-thumbnail","hentry","has_thumb"],"yoast_head":"<!-- This site is optimized with the Yoast SEO plugin v24.9 - https:\/\/yoast.com\/wordpress\/plugins\/seo\/ -->\n<title>Rum-F\u00fchrung - Ron Barcel\u00f3<\/title>\n<meta name=\"description\" content=\"Buche deine Ron Tour von Ron Barcel\u00f3, um ein einzigartiges Erlebnis im Paradies der Dominikanischen Republik zu genie\u00dfen.\" \/>\n<meta name=\"robots\" content=\"index, follow, max-snippet:-1, max-image-preview:large, max-video-preview:-1\" \/>\n<link rel=\"canonical\" href=\"https:\/\/ronbarcelo.com\/de\/fuehrungen-buchen\/\" \/>\n<meta property=\"og:locale\" content=\"de_DE\" \/>\n<meta property=\"og:type\" content=\"article\" \/>\n<meta property=\"og:title\" content=\"Rum-F\u00fchrung - Ron Barcel\u00f3\" \/>\n<meta property=\"og:description\" content=\"Buche deine Ron Tour von Ron Barcel\u00f3, um ein einzigartiges Erlebnis im Paradies der Dominikanischen Republik zu genie\u00dfen.\" \/>\n<meta property=\"og:url\" content=\"https:\/\/ronbarcelo.com\/de\/fuehrungen-buchen\/\" \/>\n<meta property=\"og:site_name\" content=\"Ron Barcel\u00f3\" \/>\n<meta property=\"article:modified_time\" content=\"2025-11-28T21:23:35+00:00\" \/>\n<meta property=\"og:image\" content=\"https:\/\/ronbarcelo.com\/wp-content\/uploads\/2021\/03\/centro-historico_main.jpg\" \/>\n\t<meta property=\"og:image:width\" content=\"1600\" \/>\n\t<meta property=\"og:image:height\" content=\"690\" \/>\n\t<meta property=\"og:image:type\" content=\"image\/jpeg\" \/>\n<meta name=\"twitter:card\" content=\"summary_large_image\" \/>\n<meta name=\"twitter:label1\" content=\"Gesch\u00e4tzte Lesezeit\" \/>\n\t<meta name=\"twitter:data1\" content=\"2\u00a0Minuten\" \/>\n<script type=\"application\/ld+json\" class=\"yoast-schema-graph\">{\"@context\":\"https:\/\/schema.org\",\"@graph\":[{\"@type\":\"WebPage\",\"@id\":\"https:\/\/ronbarcelo.com\/de\/fuehrungen-buchen\/\",\"url\":\"https:\/\/ronbarcelo.com\/de\/fuehrungen-buchen\/\",\"name\":\"Rum-F\u00fchrung - Ron Barcel\u00f3\",\"isPartOf\":{\"@id\":\"https:\/\/ronbarcelo.com\/de\/#website\"},\"primaryImageOfPage\":{\"@id\":\"https:\/\/ronbarcelo.com\/de\/fuehrungen-buchen\/#primaryimage\"},\"image\":{\"@id\":\"https:\/\/ronbarcelo.com\/de\/fuehrungen-buchen\/#primaryimage\"},\"thumbnailUrl\":\"https:\/\/ronbarcelo.com\/wp-content\/uploads\/2021\/03\/centro-historico_main.jpg\",\"datePublished\":\"2022-02-09T16:42:26+00:00\",\"dateModified\":\"2025-11-28T21:23:35+00:00\",\"description\":\"Buche deine Ron Tour von Ron Barcel\u00f3, um ein einzigartiges Erlebnis im Paradies der Dominikanischen Republik zu genie\u00dfen.\",\"breadcrumb\":{\"@id\":\"https:\/\/ronbarcelo.com\/de\/fuehrungen-buchen\/#breadcrumb\"},\"inLanguage\":\"de\",\"potentialAction\":[{\"@type\":\"ReadAction\",\"target\":[\"https:\/\/ronbarcelo.com\/de\/fuehrungen-buchen\/\"]}]},{\"@type\":\"ImageObject\",\"inLanguage\":\"de\",\"@id\":\"https:\/\/ronbarcelo.com\/de\/fuehrungen-buchen\/#primaryimage\",\"url\":\"https:\/\/ronbarcelo.com\/wp-content\/uploads\/2021\/03\/centro-historico_main.jpg\",\"contentUrl\":\"https:\/\/ronbarcelo.com\/wp-content\/uploads\/2021\/03\/centro-historico_main.jpg\",\"width\":1600,\"height\":690,\"caption\":\"dominican republic rum tours\"},{\"@type\":\"BreadcrumbList\",\"@id\":\"https:\/\/ronbarcelo.com\/de\/fuehrungen-buchen\/#breadcrumb\",\"itemListElement\":[{\"@type\":\"ListItem\",\"position\":1,\"name\":\"Portada\",\"item\":\"https:\/\/ronbarcelo.com\/de\/\"},{\"@type\":\"ListItem\",\"position\":2,\"name\":\"F\u00fchrungen Buchen\"}]},{\"@type\":\"WebSite\",\"@id\":\"https:\/\/ronbarcelo.com\/de\/#website\",\"url\":\"https:\/\/ronbarcelo.com\/de\/\",\"name\":\"Ron Barcel\u00f3\",\"description\":\"Ron Dominicano\",\"publisher\":{\"@id\":\"https:\/\/ronbarcelo.com\/de\/#organization\"},\"potentialAction\":[{\"@type\":\"SearchAction\",\"target\":{\"@type\":\"EntryPoint\",\"urlTemplate\":\"https:\/\/ronbarcelo.com\/de\/?s={search_term_string}\"},\"query-input\":{\"@type\":\"PropertyValueSpecification\",\"valueRequired\":true,\"valueName\":\"search_term_string\"}}],\"inLanguage\":\"de\"},{\"@type\":\"Organization\",\"@id\":\"https:\/\/ronbarcelo.com\/de\/#organization\",\"name\":\"Barcel\u00f3 - Ron Dominicano\",\"url\":\"https:\/\/ronbarcelo.com\/de\/\",\"logo\":{\"@type\":\"ImageObject\",\"inLanguage\":\"de\",\"@id\":\"https:\/\/ronbarcelo.com\/de\/#\/schema\/logo\/image\/\",\"url\":\"https:\/\/ronbarcelo.com\/wp-content\/uploads\/2021\/05\/logo-email.png\",\"contentUrl\":\"https:\/\/ronbarcelo.com\/wp-content\/uploads\/2021\/05\/logo-email.png\",\"width\":150,\"height\":109,\"caption\":\"Barcel\u00f3 - Ron Dominicano\"},\"image\":{\"@id\":\"https:\/\/ronbarcelo.com\/de\/#\/schema\/logo\/image\/\"},\"sameAs\":[\"https:\/\/www.linkedin.com\/company\/ronbarcelo\/\"]}]}<\/script>\n<!-- \/ Yoast SEO plugin. -->","yoast_head_json":{"title":"Rum-F\u00fchrung - Ron Barcel\u00f3","description":"Buche deine Ron Tour von Ron Barcel\u00f3, um ein einzigartiges Erlebnis im Paradies der Dominikanischen Republik zu genie\u00dfen.","robots":{"index":"index","follow":"follow","max-snippet":"max-snippet:-1","max-image-preview":"max-image-preview:large","max-video-preview":"max-video-preview:-1"},"canonical":"https:\/\/ronbarcelo.com\/de\/fuehrungen-buchen\/","og_locale":"de_DE","og_type":"article","og_title":"Rum-F\u00fchrung - Ron Barcel\u00f3","og_description":"Buche deine Ron Tour von Ron Barcel\u00f3, um ein einzigartiges Erlebnis im Paradies der Dominikanischen Republik zu genie\u00dfen.","og_url":"https:\/\/ronbarcelo.com\/de\/fuehrungen-buchen\/","og_site_name":"Ron Barcel\u00f3","article_modified_time":"2025-11-28T21:23:35+00:00","og_image":[{"width":1600,"height":690,"url":"https:\/\/ronbarcelo.com\/wp-content\/uploads\/2021\/03\/centro-historico_main.jpg","type":"image\/jpeg"}],"twitter_card":"summary_large_image","twitter_misc":{"Gesch\u00e4tzte Lesezeit":"2\u00a0Minuten"},"schema":{"@context":"https:\/\/schema.org","@graph":[{"@type":"WebPage","@id":"https:\/\/ronbarcelo.com\/de\/fuehrungen-buchen\/","url":"https:\/\/ronbarcelo.com\/de\/fuehrungen-buchen\/","name":"Rum-F\u00fchrung - Ron Barcel\u00f3","isPartOf":{"@id":"https:\/\/ronbarcelo.com\/de\/#website"},"primaryImageOfPage":{"@id":"https:\/\/ronbarcelo.com\/de\/fuehrungen-buchen\/#primaryimage"},"image":{"@id":"https:\/\/ronbarcelo.com\/de\/fuehrungen-buchen\/#primaryimage"},"thumbnailUrl":"https:\/\/ronbarcelo.com\/wp-content\/uploads\/2021\/03\/centro-historico_main.jpg","datePublished":"2022-02-09T16:42:26+00:00","dateModified":"2025-11-28T21:23:35+00:00","description":"Buche deine Ron Tour von Ron Barcel\u00f3, um ein einzigartiges Erlebnis im Paradies der Dominikanischen Republik zu genie\u00dfen.","breadcrumb":{"@id":"https:\/\/ronbarcelo.com\/de\/fuehrungen-buchen\/#breadcrumb"},"inLanguage":"de","potentialAction":[{"@type":"ReadAction","target":["https:\/\/ronbarcelo.com\/de\/fuehrungen-buchen\/"]}]},{"@type":"ImageObject","inLanguage":"de","@id":"https:\/\/ronbarcelo.com\/de\/fuehrungen-buchen\/#primaryimage","url":"https:\/\/ronbarcelo.com\/wp-content\/uploads\/2021\/03\/centro-historico_main.jpg","contentUrl":"https:\/\/ronbarcelo.com\/wp-content\/uploads\/2021\/03\/centro-historico_main.jpg","width":1600,"height":690,"caption":"dominican republic rum tours"},{"@type":"BreadcrumbList","@id":"https:\/\/ronbarcelo.com\/de\/fuehrungen-buchen\/#breadcrumb","itemListElement":[{"@type":"ListItem","position":1,"name":"Portada","item":"https:\/\/ronbarcelo.com\/de\/"},{"@type":"ListItem","position":2,"name":"F\u00fchrungen Buchen"}]},{"@type":"WebSite","@id":"https:\/\/ronbarcelo.com\/de\/#website","url":"https:\/\/ronbarcelo.com\/de\/","name":"Ron Barcel\u00f3","description":"Ron Dominicano","publisher":{"@id":"https:\/\/ronbarcelo.com\/de\/#organization"},"potentialAction":[{"@type":"SearchAction","target":{"@type":"EntryPoint","urlTemplate":"https:\/\/ronbarcelo.com\/de\/?s={search_term_string}"},"query-input":{"@type":"PropertyValueSpecification","valueRequired":true,"valueName":"search_term_string"}}],"inLanguage":"de"},{"@type":"Organization","@id":"https:\/\/ronbarcelo.com\/de\/#organization","name":"Barcel\u00f3 - Ron Dominicano","url":"https:\/\/ronbarcelo.com\/de\/","logo":{"@type":"ImageObject","inLanguage":"de","@id":"https:\/\/ronbarcelo.com\/de\/#\/schema\/logo\/image\/","url":"https:\/\/ronbarcelo.com\/wp-content\/uploads\/2021\/05\/logo-email.png","contentUrl":"https:\/\/ronbarcelo.com\/wp-content\/uploads\/2021\/05\/logo-email.png","width":150,"height":109,"caption":"Barcel\u00f3 - Ron Dominicano"},"image":{"@id":"https:\/\/ronbarcelo.com\/de\/#\/schema\/logo\/image\/"},"sameAs":["https:\/\/www.linkedin.com\/company\/ronbarcelo\/"]}]}},"_links":{"self":[{"href":"https:\/\/ronbarcelo.com\/de\/wp-json\/wp\/v2\/pages\/7440","targetHints":{"allow":["GET"]}}],"collection":[{"href":"https:\/\/ronbarcelo.com\/de\/wp-json\/wp\/v2\/pages"}],"about":[{"href":"https:\/\/ronbarcelo.com\/de\/wp-json\/wp\/v2\/types\/page"}],"author":[{"embeddable":true,"href":"https:\/\/ronbarcelo.com\/de\/wp-json\/wp\/v2\/users\/1"}],"replies":[{"embeddable":true,"href":"https:\/\/ronbarcelo.com\/de\/wp-json\/wp\/v2\/comments?post=7440"}],"version-history":[{"count":11,"href":"https:\/\/ronbarcelo.com\/de\/wp-json\/wp\/v2\/pages\/7440\/revisions"}],"predecessor-version":[{"id":13188,"href":"https:\/\/ronbarcelo.com\/de\/wp-json\/wp\/v2\/pages\/7440\/revisions\/13188"}],"wp:featuredmedia":[{"embeddable":true,"href":"https:\/\/ronbarcelo.com\/de\/wp-json\/wp\/v2\/media\/7421"}],"wp:attachment":[{"href":"https:\/\/ronbarcelo.com\/de\/wp-json\/wp\/v2\/media?parent=7440"}],"curies":[{"name":"wp","href":"https:\/\/api.w.org\/{rel}","templated":true}]}}