{"id":7445,"date":"2022-02-09T17:49:56","date_gmt":"2022-02-09T16:49:56","guid":{"rendered":"https:\/\/ronbarcelo.com\/?page_id=7445"},"modified":"2022-09-15T18:17:19","modified_gmt":"2022-09-15T16:17:19","slug":"die-stiftung","status":"publish","type":"page","link":"https:\/\/ronbarcelo.com\/de\/die-stiftung\/","title":{"rendered":"Die Stiftung"},"content":{"rendered":"<p>[vc_row equal_height=&#8220;yes&#8220; content_placement=&#8220;middle&#8220; css=&#8220;.vc_custom_1616953978988{padding-right: 5% !important;padding-left: 5% !important;}&#8220;][vc_column][vc_single_image image=&#8220;7447&#8243; img_size=&#8220;300&#8243; alignment=&#8220;center&#8220; el_id=&#8220;afd-logo&#8220;]\n\t<blockquote  class=\"gg-vc-quote  remove_blockquotes font_size_small text-align-center vc_custom_1644425004203\">\n\tDie AFD Ron Barcel\u00f3 Stiftung ist eine gemeinn\u00fctzige Organisation, die sich der Entwicklung von Sozialprogrammen zugunsten der Gemeinschaften verschreibt, die an den Alcoholes Finos Dominicano und Ron Barcel\u00f3 Unternehmen angrenzen.\n\t<\/blockquote>[\/vc_column][\/vc_row][vc_row el_id=&#8220;our-values&#8220;][vc_column css=&#8220;.vc_custom_1617049100200{background-image: url(https:\/\/ronbarcelo.com\/wp-content\/uploads\/2021\/03\/afd-text-bg.jpg?id=4949) !important;background-position: center !important;background-repeat: no-repeat !important;background-size: cover !important;}&#8220;]\n\t<div class=\"values-grid-wrapper  vc_custom_1663258619689 columns-2 wow\">\n\t<div class=\"values-grid-bg\"><\/div>\n\t<div class=\"values-grid-content\">\n\t<div class=\"col-1\">\n\t<\/div>\n\t<div class=\"col-2\">\n\t<\/div>\n\t<div class=\"values-grid-area\"><ul class=\"values-grid\"><li data-bg=\"\"><h4>PHILOSOPHIE<\/h4><div class=\"description\">Gemeinn\u00fctzige Einrichtung, die sich der Umsetzung von Sozialprogrammen in den Gemeinden und sozial schw\u00e1chsten Gebieten in der N\u00e4he der Plantagen widmet. Die wertebasierte Erziehung erm\u00f6glicht es ihnen, ihr Potenzial f\u00fcr Selbstverwaltung und Teamarbeit zu entwickeln.<\/div><\/li><li data-bg=\"\"><h4>VISION<\/h4><div class=\"description\">Als eine Transzendenzgrundlage in der Dominikanischen Republik zu fungieren, die es erm\u00f6glicht, die Bed\u00fcrfnisse der Einwohner der Gemeinden im Einflussbereich zu erf\u00fcllen, um das Engagement und die Teilnahme ihrer Mitglieder zu f\u00f6rdern.<\/div><\/li><li data-bg=\"\"><h4>MISSION<\/h4><div class=\"description\">Zur sozio\u00f6konomischen Entwicklung und zur Verbesserung der Lebensqualit\u00e4t der Gemeinden im Einflussbereich der Stiftung beizutragen, durch die Umsetzung von Programmen und Projekten in grundlegenden Bereichen wie Gesundheit, Bildung, Ern\u00e4hrung, Ausbildung, Infrastruktur und Entwicklung.<\/div><\/li><li data-bg=\"\"><h4>Unsere Werte<\/h4><div class=\"description\"><span>Ehrlichkeit<\/span>: mit Transparenz, Treue und Ehrlichkeit zu handeln. Zu tun, was wir sagen, ohne anderen zu schaden. Das entgegengebrachte Vertrauen zu honorieren.<br\/>\n<span>Respekt<\/span>: \u200b\u200b die W\u00fcrde und Rechte aller anzuerkennen.<br\/>\n<span>Verantwortungsbewusstsein<\/span>: Verpflichtungen und Versprechen unverz\u00fcglich zu erf\u00fcllen und die Auswirkungen der erzielten Ergebnisse zu \u00fcbernehmen.<br\/>\n<span>Solidarit\u00e4t<\/span>: Gelegenheiten zu f\u00f6rdern, die es uns erm\u00f6glichen, unsere Ziele zu erreichen, ohne Unterschied von Rasse, Geschlecht, Nationalit\u00e4t oder Religion.<\/div><\/li><\/ul>\n\t<\/div>\n\t<\/div>\n\t<\/div>\n\t<div class=\"gg-special-button-wrapper  vc_custom_1644425044384 special-button-align-left special-button-style-btn-primary\"><a class=\"btn btn-primary\" href=\"http:\/\/fundacionafdronbarcelo.org\/\" title=\"ENTDECKEN\" target=\" _blank\">ENTDECKEN<\/a><\/div>[\/vc_column][\/vc_row][vc_row][vc_column css=&#8220;.vc_custom_1616947417578{padding-right: 0px !important;padding-left: 0px !important;}&#8220;]\n\t<div class=\"\">\n\t<div class=\"gg-media-carousel use_pagination use_navigation\">\n\t\t<div class=\"swiper-container\" data-uid=\"swiper-904113688\"  data-slidesperview =\"3\" data-slidespercolumn =\"1\" data-spacebetween =\"30\" data-initialslide =\"0\" data-direction =\"horizontal\" data-speed =\"300\" data-loop =\"true\" data-centeredslides =\"false\" data-effect =\"slide\" data-autoplay =\"\" data-paginationtype =\"bullets\"  >\n\t\t\t<div class=\"swiper-wrapper\"><div class=\"swiper-slide\"><img loading=\"lazy\" decoding=\"async\" width=\"1000\" height=\"898\" src=\"https:\/\/ronbarcelo.com\/wp-content\/uploads\/2021\/03\/afd3.jpg\" class=\"attachment-large\" alt=\"\" srcset=\"https:\/\/ronbarcelo.com\/wp-content\/uploads\/2021\/03\/afd3.jpg 1000w, https:\/\/ronbarcelo.com\/wp-content\/uploads\/2021\/03\/afd3-300x269.jpg 300w, https:\/\/ronbarcelo.com\/wp-content\/uploads\/2021\/03\/afd3-768x690.jpg 768w\" sizes=\"auto, (max-width: 1000px) 100vw, 1000px\" \/><\/div><div class=\"swiper-slide\"><img loading=\"lazy\" decoding=\"async\" width=\"1000\" height=\"901\" src=\"https:\/\/ronbarcelo.com\/wp-content\/uploads\/2021\/03\/afd2.jpg\" class=\"attachment-large\" alt=\"\" srcset=\"https:\/\/ronbarcelo.com\/wp-content\/uploads\/2021\/03\/afd2.jpg 1000w, https:\/\/ronbarcelo.com\/wp-content\/uploads\/2021\/03\/afd2-300x270.jpg 300w, https:\/\/ronbarcelo.com\/wp-content\/uploads\/2021\/03\/afd2-768x692.jpg 768w\" sizes=\"auto, (max-width: 1000px) 100vw, 1000px\" \/><\/div><div class=\"swiper-slide\"><img loading=\"lazy\" decoding=\"async\" width=\"1000\" height=\"901\" src=\"https:\/\/ronbarcelo.com\/wp-content\/uploads\/2021\/03\/afd4.jpg\" class=\"attachment-large\" alt=\"\" srcset=\"https:\/\/ronbarcelo.com\/wp-content\/uploads\/2021\/03\/afd4.jpg 1000w, https:\/\/ronbarcelo.com\/wp-content\/uploads\/2021\/03\/afd4-300x270.jpg 300w, https:\/\/ronbarcelo.com\/wp-content\/uploads\/2021\/03\/afd4-768x692.jpg 768w\" sizes=\"auto, (max-width: 1000px) 100vw, 1000px\" \/><\/div><div class=\"swiper-slide\"><img loading=\"lazy\" decoding=\"async\" width=\"1000\" height=\"900\" src=\"https:\/\/ronbarcelo.com\/wp-content\/uploads\/2021\/03\/afd5.jpg\" class=\"attachment-large\" alt=\"\" srcset=\"https:\/\/ronbarcelo.com\/wp-content\/uploads\/2021\/03\/afd5.jpg 1000w, https:\/\/ronbarcelo.com\/wp-content\/uploads\/2021\/03\/afd5-300x270.jpg 300w, https:\/\/ronbarcelo.com\/wp-content\/uploads\/2021\/03\/afd5-768x691.jpg 768w\" sizes=\"auto, (max-width: 1000px) 100vw, 1000px\" \/><\/div><div class=\"swiper-slide\"><img loading=\"lazy\" decoding=\"async\" width=\"1000\" height=\"899\" src=\"https:\/\/ronbarcelo.com\/wp-content\/uploads\/2021\/03\/afd6.jpg\" class=\"attachment-large\" alt=\"\" srcset=\"https:\/\/ronbarcelo.com\/wp-content\/uploads\/2021\/03\/afd6.jpg 1000w, https:\/\/ronbarcelo.com\/wp-content\/uploads\/2021\/03\/afd6-300x270.jpg 300w, https:\/\/ronbarcelo.com\/wp-content\/uploads\/2021\/03\/afd6-768x690.jpg 768w\" sizes=\"auto, (max-width: 1000px) 100vw, 1000px\" \/><\/div><div class=\"swiper-slide\"><img loading=\"lazy\" decoding=\"async\" width=\"1000\" height=\"899\" src=\"https:\/\/ronbarcelo.com\/wp-content\/uploads\/2021\/03\/afd7.jpg\" class=\"attachment-large\" alt=\"\" srcset=\"https:\/\/ronbarcelo.com\/wp-content\/uploads\/2021\/03\/afd7.jpg 1000w, https:\/\/ronbarcelo.com\/wp-content\/uploads\/2021\/03\/afd7-300x270.jpg 300w, https:\/\/ronbarcelo.com\/wp-content\/uploads\/2021\/03\/afd7-768x690.jpg 768w\" sizes=\"auto, (max-width: 1000px) 100vw, 1000px\" \/><\/div><div class=\"swiper-slide\"><img loading=\"lazy\" decoding=\"async\" width=\"1000\" height=\"899\" src=\"https:\/\/ronbarcelo.com\/wp-content\/uploads\/2021\/03\/afd8.jpg\" class=\"attachment-large\" alt=\"\" srcset=\"https:\/\/ronbarcelo.com\/wp-content\/uploads\/2021\/03\/afd8.jpg 1000w, https:\/\/ronbarcelo.com\/wp-content\/uploads\/2021\/03\/afd8-300x270.jpg 300w, https:\/\/ronbarcelo.com\/wp-content\/uploads\/2021\/03\/afd8-768x690.jpg 768w\" sizes=\"auto, (max-width: 1000px) 100vw, 1000px\" \/><\/div>\n\t\t\t<\/div>\n\t\t<\/div>\n\t\t<div id=\"pagination-swiper-904113688\" class=\"swiper-pagination\"><\/div>\n\t\t<div class=\"media-button-container swiper-nav-container\">\n\t\t<div id=\"btn-next-swiper-904113688\" class=\"swiper-nav-next\"><svg id=\"swiper-arrow-right\" viewBox=\"0 0 50 12\" width=\"100%\" height=\"100%\"><path fill-rule=\"evenodd\" d=\"M48.078 6.096H.008v.966h48.07l-4.254 4.255.683.683 5.541-5.538L44.507.924l-.683.683z\"><\/path><\/svg><\/div>\n\t\t<div id=\"btn-prev-swiper-904113688\" class=\"swiper-nav-prev\"><svg id=\"swiper-arrow-left\" viewBox=\"0 0 50 12\" width=\"100%\" height=\"100%\"><path fill-rule=\"evenodd\" d=\"M1.922 5.904h48.07v-.966H1.922L6.176.683 5.493 0-.048 5.538l5.541 5.538.683-.683z\"><\/path><\/svg><\/div>\n\t\t<\/div>\n\t<\/div>\n\t<\/div>[\/vc_column][\/vc_row][vc_row equal_height=&#8220;yes&#8220; content_placement=&#8220;middle&#8220; css=&#8220;.vc_custom_1616954003349{padding-right: 5% !important;padding-left: 5% !important;}&#8220;][vc_column]\n\t<div class=\"title-subtitle-box  \" style=\" text-align: center;\">\n\t\t<h4 style=\" font-size:30px; line-height:30px; color:#ffffff;  font-weight: normal;\" class=\"special-title\" >Besuchen Sie die Website der Stiftung<\/h4>\n\t\t<span class=\"gg-horizontal-line\"><\/span>\n\t\t<div class=\"box-description\"><h4><a href=\"http:\/\/fundacionafdronbarcelo.org\/\" target=\"_blank\" rel=\"noopener\">fundacionafdronbarcelo.org<\/a><\/h4>\n<\/div>\n\t<\/div> [\/vc_column][\/vc_row][vc_row equal_height=&#8220;yes&#8220; content_placement=&#8220;middle&#8220; css=&#8220;.vc_custom_1578650736162{margin-top: 0px !important;}&#8220;][vc_column width=&#8220;1\/2&#8243; css=&#8220;.vc_custom_1616952555825{padding-top: 15% !important;padding-right: 15% !important;padding-bottom: 15% !important;padding-left: 15% !important;background-color: #2c2c2c !important;}&#8220;][vc_row_inner css=&#8220;.vc_custom_1616952395655{border-top-width: 1px !important;border-right-width: 1px !important;border-bottom-width: 1px !important;border-left-width: 1px !important;padding-top: 5% !important;padding-right: 5% !important;padding-bottom: 5% !important;padding-left: 5% !important;border-left-color: #9d5135 !important;border-left-style: solid !important;border-right-color: #9d5135 !important;border-right-style: solid !important;border-top-color: #9d5135 !important;border-top-style: solid !important;border-bottom-color: #9d5135 !important;border-bottom-style: solid !important;}&#8220;][vc_column_inner el_id=&#8220;box-horarios&#8220;]\n\t<div class=\"title-subtitle-box  vc_custom_1644425376837\" style=\" text-align: center;\">\n\t\t<h5 style=\" font-size:25px; line-height:25px; font-weight: normal; text-transform: uppercase;\" class=\"special-title\" >Adresse<\/h5>\n\t\t<span class=\"gg-horizontal-line\"><\/span>\n\t\t<div class=\"box-description\"><p>Paraje Casualidado, Batey Consuelito, Municipio Consuelo, San Pedro de Macor\u00eds, Repubblica Dominicana<\/p>\n<\/div>\n\t<\/div> \n\t<div class=\"title-subtitle-box  vc_custom_1644425391119\" style=\" text-align: center;\">\n\t\t<h5 style=\" font-size:25px; line-height:25px; font-weight: normal; text-transform: uppercase;\" class=\"special-title\" >Kontaktangaben<\/h5>\n\t\t<span class=\"gg-horizontal-line\"><\/span>\n\t\t<div class=\"box-description\"><p>Telefono: +1.809.334.2000<br \/>\nFax: +1.809.221.8883<\/p>\n<\/div>\n\t<\/div> \n\t<div class=\"title-subtitle-box  vc_custom_1619731369369\" style=\" text-align: center;\">\n\t\t<h5 style=\" font-size:25px; line-height:25px; font-weight: normal; text-transform: uppercase;\" class=\"special-title\" >Email<\/h5>\n\t\t<span class=\"gg-horizontal-line\"><\/span>\n\t\t<div class=\"box-description\"><p>info@fundacionafdronbarcelo.org<\/p>\n<\/div>\n\t<\/div> [\/vc_column_inner][\/vc_row_inner][\/vc_column][vc_column width=&#8220;1\/2&#8243; add_reveal_effect=&#8220;yes&#8220; css=&#8220;.vc_custom_1617052027762{padding-top: 0px !important;padding-right: 0px !important;padding-bottom: 0px !important;padding-left: 0px !important;background: #2c2c2c url(https:\/\/ronbarcelo.com\/wp-content\/uploads\/2021\/03\/side-img.jpg?id=5012) !important;background-position: center !important;background-repeat: no-repeat !important;background-size: cover !important;}&#8220; el_class=&#8220;reveal-effect masker wow&#8220;][vc_empty_space height=&#8220;400px&#8220;][\/vc_column][\/vc_row]<\/p>\n","protected":false},"excerpt":{"rendered":"<p>[vc_row equal_height=&#8220;yes&#8220; content_placement=&#8220;middle&#8220; css=&#8220;.vc_custom_1616953978988{padding-right: 5% !important;padding-left: 5% !important;}&#8220;][vc_column][vc_single_image image=&#8220;7447&#8243; img_size=&#8220;300&#8243; alignment=&#8220;center&#8220; el_id=&#8220;afd-logo&#8220;][\/vc_column][\/vc_row][vc_row el_id=&#8220;our-values&#8220;][vc_column css=&#8220;.vc_custom_1617049100200{background-image: url(https:\/\/ronbarcelo.com\/wp-content\/uploads\/2021\/03\/afd-text-bg.jpg?id=4949) !important;background-position: center !important;background-repeat: no-repeat !important;background-size: cover !important;}&#8220;][\/vc_column][\/vc_row][vc_row][vc_column css=&#8220;.vc_custom_1616947417578{padding-right: 0px !important;padding-left: 0px !important;}&#8220;][\/vc_column][\/vc_row][vc_row equal_height=&#8220;yes&#8220; content_placement=&#8220;middle&#8220; css=&#8220;.vc_custom_1616954003349{padding-right: 5% !important;padding-left: 5% !important;}&#8220;][vc_column][\/vc_column][\/vc_row][vc_row equal_height=&#8220;yes&#8220; content_placement=&#8220;middle&#8220; css=&#8220;.vc_custom_1578650736162{margin-top: 0px !important;}&#8220;][vc_column width=&#8220;1\/2&#8243; css=&#8220;.vc_custom_1616952555825{padding-top: 15% !important;padding-right: 15% !important;padding-bottom: 15% !important;padding-left: 15% !important;background-color: #2c2c2c !important;}&#8220;][vc_row_inner css=&#8220;.vc_custom_1616952395655{border-top-width: 1px !important;border-right-width: 1px<\/p>\n<p class=\"more-link-wrapper\"><a class=\"btn btn-primary\" href=\"https:\/\/ronbarcelo.com\/de\/die-stiftung\/\">Read More<\/a><\/p>\n","protected":false},"author":1,"featured_media":7446,"parent":0,"menu_order":0,"comment_status":"closed","ping_status":"closed","template":"","meta":{"footnotes":""},"class_list":["post-7445","page","type-page","status-publish","has-post-thumbnail","hentry","has_thumb"],"yoast_head":"<!-- This site is optimized with the Yoast SEO plugin v24.9 - https:\/\/yoast.com\/wordpress\/plugins\/seo\/ -->\n<title>Die Stiftung - Ron Barcel\u00f3<\/title>\n<meta name=\"robots\" content=\"index, follow, max-snippet:-1, max-image-preview:large, max-video-preview:-1\" \/>\n<link rel=\"canonical\" href=\"https:\/\/ronbarcelo.com\/de\/die-stiftung\/\" \/>\n<meta property=\"og:locale\" content=\"de_DE\" \/>\n<meta property=\"og:type\" content=\"article\" \/>\n<meta property=\"og:title\" content=\"Die Stiftung - Ron Barcel\u00f3\" \/>\n<meta property=\"og:description\" content=\"[vc_row equal_height=&#8220;yes&#8220; content_placement=&#8220;middle&#8220; css=&#8220;.vc_custom_1616953978988{padding-right: 5% !important;padding-left: 5% !important;}&#8220;][vc_column][vc_single_image image=&#8220;7447&#8243; img_size=&#8220;300&#8243; alignment=&#8220;center&#8220; el_id=&#8220;afd-logo&#8220;][\/vc_column][\/vc_row][vc_row el_id=&#8220;our-values&#8220;][vc_column css=&#8220;.vc_custom_1617049100200{background-image: url(https:\/\/ronbarcelo.com\/wp-content\/uploads\/2021\/03\/afd-text-bg.jpg?id=4949) !important;background-position: center !important;background-repeat: no-repeat !important;background-size: cover !important;}&#8220;][\/vc_column][\/vc_row][vc_row][vc_column css=&#8220;.vc_custom_1616947417578{padding-right: 0px !important;padding-left: 0px !important;}&#8220;][\/vc_column][\/vc_row][vc_row equal_height=&#8220;yes&#8220; content_placement=&#8220;middle&#8220; css=&#8220;.vc_custom_1616954003349{padding-right: 5% !important;padding-left: 5% !important;}&#8220;][vc_column][\/vc_column][\/vc_row][vc_row equal_height=&#8220;yes&#8220; content_placement=&#8220;middle&#8220; css=&#8220;.vc_custom_1578650736162{margin-top: 0px !important;}&#8220;][vc_column width=&#8220;1\/2&#8243; css=&#8220;.vc_custom_1616952555825{padding-top: 15% !important;padding-right: 15% !important;padding-bottom: 15% !important;padding-left: 15% !important;background-color: #2c2c2c !important;}&#8220;][vc_row_inner css=&#8220;.vc_custom_1616952395655{border-top-width: 1px !important;border-right-width: 1pxRead More\" \/>\n<meta property=\"og:url\" content=\"https:\/\/ronbarcelo.com\/de\/die-stiftung\/\" \/>\n<meta property=\"og:site_name\" content=\"Ron Barcel\u00f3\" \/>\n<meta property=\"article:modified_time\" content=\"2022-09-15T16:17:19+00:00\" \/>\n<meta property=\"og:image\" content=\"https:\/\/ronbarcelo.com\/wp-content\/uploads\/2021\/03\/fundacionAFD_main.jpg\" \/>\n\t<meta property=\"og:image:width\" content=\"1600\" \/>\n\t<meta property=\"og:image:height\" content=\"689\" \/>\n\t<meta property=\"og:image:type\" content=\"image\/jpeg\" \/>\n<meta name=\"twitter:card\" content=\"summary_large_image\" \/>\n<meta name=\"twitter:label1\" content=\"Gesch\u00e4tzte Lesezeit\" \/>\n\t<meta name=\"twitter:data1\" content=\"2\u00a0Minuten\" \/>\n<script type=\"application\/ld+json\" class=\"yoast-schema-graph\">{\"@context\":\"https:\/\/schema.org\",\"@graph\":[{\"@type\":\"WebPage\",\"@id\":\"https:\/\/ronbarcelo.com\/de\/die-stiftung\/\",\"url\":\"https:\/\/ronbarcelo.com\/de\/die-stiftung\/\",\"name\":\"Die Stiftung - Ron Barcel\u00f3\",\"isPartOf\":{\"@id\":\"https:\/\/ronbarcelo.com\/de\/#website\"},\"primaryImageOfPage\":{\"@id\":\"https:\/\/ronbarcelo.com\/de\/die-stiftung\/#primaryimage\"},\"image\":{\"@id\":\"https:\/\/ronbarcelo.com\/de\/die-stiftung\/#primaryimage\"},\"thumbnailUrl\":\"https:\/\/ronbarcelo.com\/wp-content\/uploads\/2021\/03\/fundacionAFD_main.jpg\",\"datePublished\":\"2022-02-09T16:49:56+00:00\",\"dateModified\":\"2022-09-15T16:17:19+00:00\",\"breadcrumb\":{\"@id\":\"https:\/\/ronbarcelo.com\/de\/die-stiftung\/#breadcrumb\"},\"inLanguage\":\"de\",\"potentialAction\":[{\"@type\":\"ReadAction\",\"target\":[\"https:\/\/ronbarcelo.com\/de\/die-stiftung\/\"]}]},{\"@type\":\"ImageObject\",\"inLanguage\":\"de\",\"@id\":\"https:\/\/ronbarcelo.com\/de\/die-stiftung\/#primaryimage\",\"url\":\"https:\/\/ronbarcelo.com\/wp-content\/uploads\/2021\/03\/fundacionAFD_main.jpg\",\"contentUrl\":\"https:\/\/ronbarcelo.com\/wp-content\/uploads\/2021\/03\/fundacionAFD_main.jpg\",\"width\":1600,\"height\":689},{\"@type\":\"BreadcrumbList\",\"@id\":\"https:\/\/ronbarcelo.com\/de\/die-stiftung\/#breadcrumb\",\"itemListElement\":[{\"@type\":\"ListItem\",\"position\":1,\"name\":\"Portada\",\"item\":\"https:\/\/ronbarcelo.com\/de\/\"},{\"@type\":\"ListItem\",\"position\":2,\"name\":\"Die Stiftung\"}]},{\"@type\":\"WebSite\",\"@id\":\"https:\/\/ronbarcelo.com\/de\/#website\",\"url\":\"https:\/\/ronbarcelo.com\/de\/\",\"name\":\"Ron Barcel\u00f3\",\"description\":\"Ron Dominicano\",\"publisher\":{\"@id\":\"https:\/\/ronbarcelo.com\/de\/#organization\"},\"potentialAction\":[{\"@type\":\"SearchAction\",\"target\":{\"@type\":\"EntryPoint\",\"urlTemplate\":\"https:\/\/ronbarcelo.com\/de\/?s={search_term_string}\"},\"query-input\":{\"@type\":\"PropertyValueSpecification\",\"valueRequired\":true,\"valueName\":\"search_term_string\"}}],\"inLanguage\":\"de\"},{\"@type\":\"Organization\",\"@id\":\"https:\/\/ronbarcelo.com\/de\/#organization\",\"name\":\"Barcel\u00f3 - Ron Dominicano\",\"url\":\"https:\/\/ronbarcelo.com\/de\/\",\"logo\":{\"@type\":\"ImageObject\",\"inLanguage\":\"de\",\"@id\":\"https:\/\/ronbarcelo.com\/de\/#\/schema\/logo\/image\/\",\"url\":\"https:\/\/ronbarcelo.com\/wp-content\/uploads\/2021\/05\/logo-email.png\",\"contentUrl\":\"https:\/\/ronbarcelo.com\/wp-content\/uploads\/2021\/05\/logo-email.png\",\"width\":150,\"height\":109,\"caption\":\"Barcel\u00f3 - Ron Dominicano\"},\"image\":{\"@id\":\"https:\/\/ronbarcelo.com\/de\/#\/schema\/logo\/image\/\"},\"sameAs\":[\"https:\/\/www.linkedin.com\/company\/ronbarcelo\/\"]}]}<\/script>\n<!-- \/ Yoast SEO plugin. -->","yoast_head_json":{"title":"Die Stiftung - Ron Barcel\u00f3","robots":{"index":"index","follow":"follow","max-snippet":"max-snippet:-1","max-image-preview":"max-image-preview:large","max-video-preview":"max-video-preview:-1"},"canonical":"https:\/\/ronbarcelo.com\/de\/die-stiftung\/","og_locale":"de_DE","og_type":"article","og_title":"Die Stiftung - Ron Barcel\u00f3","og_description":"[vc_row equal_height=&#8220;yes&#8220; content_placement=&#8220;middle&#8220; css=&#8220;.vc_custom_1616953978988{padding-right: 5% !important;padding-left: 5% !important;}&#8220;][vc_column][vc_single_image image=&#8220;7447&#8243; img_size=&#8220;300&#8243; alignment=&#8220;center&#8220; el_id=&#8220;afd-logo&#8220;][\/vc_column][\/vc_row][vc_row el_id=&#8220;our-values&#8220;][vc_column css=&#8220;.vc_custom_1617049100200{background-image: url(https:\/\/ronbarcelo.com\/wp-content\/uploads\/2021\/03\/afd-text-bg.jpg?id=4949) !important;background-position: center !important;background-repeat: no-repeat !important;background-size: cover !important;}&#8220;][\/vc_column][\/vc_row][vc_row][vc_column css=&#8220;.vc_custom_1616947417578{padding-right: 0px !important;padding-left: 0px !important;}&#8220;][\/vc_column][\/vc_row][vc_row equal_height=&#8220;yes&#8220; content_placement=&#8220;middle&#8220; css=&#8220;.vc_custom_1616954003349{padding-right: 5% !important;padding-left: 5% !important;}&#8220;][vc_column][\/vc_column][\/vc_row][vc_row equal_height=&#8220;yes&#8220; content_placement=&#8220;middle&#8220; css=&#8220;.vc_custom_1578650736162{margin-top: 0px !important;}&#8220;][vc_column width=&#8220;1\/2&#8243; css=&#8220;.vc_custom_1616952555825{padding-top: 15% !important;padding-right: 15% !important;padding-bottom: 15% !important;padding-left: 15% !important;background-color: #2c2c2c !important;}&#8220;][vc_row_inner css=&#8220;.vc_custom_1616952395655{border-top-width: 1px !important;border-right-width: 1pxRead More","og_url":"https:\/\/ronbarcelo.com\/de\/die-stiftung\/","og_site_name":"Ron Barcel\u00f3","article_modified_time":"2022-09-15T16:17:19+00:00","og_image":[{"width":1600,"height":689,"url":"https:\/\/ronbarcelo.com\/wp-content\/uploads\/2021\/03\/fundacionAFD_main.jpg","type":"image\/jpeg"}],"twitter_card":"summary_large_image","twitter_misc":{"Gesch\u00e4tzte Lesezeit":"2\u00a0Minuten"},"schema":{"@context":"https:\/\/schema.org","@graph":[{"@type":"WebPage","@id":"https:\/\/ronbarcelo.com\/de\/die-stiftung\/","url":"https:\/\/ronbarcelo.com\/de\/die-stiftung\/","name":"Die Stiftung - Ron Barcel\u00f3","isPartOf":{"@id":"https:\/\/ronbarcelo.com\/de\/#website"},"primaryImageOfPage":{"@id":"https:\/\/ronbarcelo.com\/de\/die-stiftung\/#primaryimage"},"image":{"@id":"https:\/\/ronbarcelo.com\/de\/die-stiftung\/#primaryimage"},"thumbnailUrl":"https:\/\/ronbarcelo.com\/wp-content\/uploads\/2021\/03\/fundacionAFD_main.jpg","datePublished":"2022-02-09T16:49:56+00:00","dateModified":"2022-09-15T16:17:19+00:00","breadcrumb":{"@id":"https:\/\/ronbarcelo.com\/de\/die-stiftung\/#breadcrumb"},"inLanguage":"de","potentialAction":[{"@type":"ReadAction","target":["https:\/\/ronbarcelo.com\/de\/die-stiftung\/"]}]},{"@type":"ImageObject","inLanguage":"de","@id":"https:\/\/ronbarcelo.com\/de\/die-stiftung\/#primaryimage","url":"https:\/\/ronbarcelo.com\/wp-content\/uploads\/2021\/03\/fundacionAFD_main.jpg","contentUrl":"https:\/\/ronbarcelo.com\/wp-content\/uploads\/2021\/03\/fundacionAFD_main.jpg","width":1600,"height":689},{"@type":"BreadcrumbList","@id":"https:\/\/ronbarcelo.com\/de\/die-stiftung\/#breadcrumb","itemListElement":[{"@type":"ListItem","position":1,"name":"Portada","item":"https:\/\/ronbarcelo.com\/de\/"},{"@type":"ListItem","position":2,"name":"Die Stiftung"}]},{"@type":"WebSite","@id":"https:\/\/ronbarcelo.com\/de\/#website","url":"https:\/\/ronbarcelo.com\/de\/","name":"Ron Barcel\u00f3","description":"Ron Dominicano","publisher":{"@id":"https:\/\/ronbarcelo.com\/de\/#organization"},"potentialAction":[{"@type":"SearchAction","target":{"@type":"EntryPoint","urlTemplate":"https:\/\/ronbarcelo.com\/de\/?s={search_term_string}"},"query-input":{"@type":"PropertyValueSpecification","valueRequired":true,"valueName":"search_term_string"}}],"inLanguage":"de"},{"@type":"Organization","@id":"https:\/\/ronbarcelo.com\/de\/#organization","name":"Barcel\u00f3 - Ron Dominicano","url":"https:\/\/ronbarcelo.com\/de\/","logo":{"@type":"ImageObject","inLanguage":"de","@id":"https:\/\/ronbarcelo.com\/de\/#\/schema\/logo\/image\/","url":"https:\/\/ronbarcelo.com\/wp-content\/uploads\/2021\/05\/logo-email.png","contentUrl":"https:\/\/ronbarcelo.com\/wp-content\/uploads\/2021\/05\/logo-email.png","width":150,"height":109,"caption":"Barcel\u00f3 - Ron Dominicano"},"image":{"@id":"https:\/\/ronbarcelo.com\/de\/#\/schema\/logo\/image\/"},"sameAs":["https:\/\/www.linkedin.com\/company\/ronbarcelo\/"]}]}},"_links":{"self":[{"href":"https:\/\/ronbarcelo.com\/de\/wp-json\/wp\/v2\/pages\/7445","targetHints":{"allow":["GET"]}}],"collection":[{"href":"https:\/\/ronbarcelo.com\/de\/wp-json\/wp\/v2\/pages"}],"about":[{"href":"https:\/\/ronbarcelo.com\/de\/wp-json\/wp\/v2\/types\/page"}],"author":[{"embeddable":true,"href":"https:\/\/ronbarcelo.com\/de\/wp-json\/wp\/v2\/users\/1"}],"replies":[{"embeddable":true,"href":"https:\/\/ronbarcelo.com\/de\/wp-json\/wp\/v2\/comments?post=7445"}],"version-history":[{"count":3,"href":"https:\/\/ronbarcelo.com\/de\/wp-json\/wp\/v2\/pages\/7445\/revisions"}],"predecessor-version":[{"id":7736,"href":"https:\/\/ronbarcelo.com\/de\/wp-json\/wp\/v2\/pages\/7445\/revisions\/7736"}],"wp:featuredmedia":[{"embeddable":true,"href":"https:\/\/ronbarcelo.com\/de\/wp-json\/wp\/v2\/media\/7446"}],"wp:attachment":[{"href":"https:\/\/ronbarcelo.com\/de\/wp-json\/wp\/v2\/media?parent=7445"}],"curies":[{"name":"wp","href":"https:\/\/api.w.org\/{rel}","templated":true}]}}