{"id":6323,"date":"2021-06-13T18:53:02","date_gmt":"2021-06-13T16:53:02","guid":{"rendered":"https:\/\/ronbarcelo.com\/?page_id=6323"},"modified":"2021-06-14T13:15:23","modified_gmt":"2021-06-14T11:15:23","slug":"certifications","status":"publish","type":"page","link":"https:\/\/ronbarcelo.com\/en\/our-company\/certifications\/","title":{"rendered":"Certifications"},"content":{"rendered":"<p>[vc_row][vc_column][vc_column_text]    <div class=\"gg-shop-style_1 certification-list\">\n        <ul class=\"products columns-3\">\n                            <li class=\"has_thumb product type-product post-12067 status-publish product_cat-white has-post-thumbnail\">\n    <div class=\"product-image-wrap\">\n        <img loading=\"lazy\" decoding=\"async\" width=\"281\" height=\"180\" src=\"https:\/\/ronbarcelo.com\/wp-content\/uploads\/2025\/04\/Cert-B-Corp-EN-TAG.png\" class=\"attachment-medium size-medium wp-post-image\" alt=\"\" srcset=\"https:\/\/ronbarcelo.com\/wp-content\/uploads\/2025\/04\/Cert-B-Corp-EN-TAG.png 281w, https:\/\/ronbarcelo.com\/wp-content\/uploads\/2025\/04\/Cert-B-Corp-EN-TAG-94x60.png 94w, https:\/\/ronbarcelo.com\/wp-content\/uploads\/2025\/04\/Cert-B-Corp-EN-TAG-141x90.png 141w\" sizes=\"auto, (max-width: 281px) 100vw, 281px\" \/>    <\/div>\n    <div class=\"product-meta-wrap\">\n        <div class=\"product-meta-wrap-inner\">\n            <h2 class=\"woocommerce-loop-product__title\">\n                B - Corp            <\/h2>\n            <hr\/>\n            <span class=\"cert-description\"><p>Ron Barcel\u00f3 is part of the community of Certified B Corporations, recognized for its high verified standards of social and environmental performance, accountability, and transparency.<\/p>\n<\/span>\n\n<!--        <hr \/>\n            <span class=\"related-description\"><\/span>-->\n        <\/div>\n    <\/div>\n<\/li>                            <li class=\"has_thumb product type-product post-6320 status-publish product_cat-white has-post-thumbnail\">\n    <div class=\"product-image-wrap\">\n        <img loading=\"lazy\" decoding=\"async\" width=\"280\" height=\"180\" src=\"https:\/\/ronbarcelo.com\/wp-content\/uploads\/2021\/04\/climateneutral_or.png\" class=\"attachment-medium size-medium wp-post-image\" alt=\"\" \/>    <\/div>\n    <div class=\"product-meta-wrap\">\n        <div class=\"product-meta-wrap-inner\">\n            <h2 class=\"woocommerce-loop-product__title\">\n                Climate Neutral            <\/h2>\n            <hr\/>\n            <span class=\"cert-description\"><p>Ron Barcel\u00f3 agrees to the United Nations&#8217; \u201cClimate Neutral Now\u201d initiative, representing the first distillate and rum in the world to be part of this programme. This UN-launched initiative supports the implementation of climate-friendly measures aimed at limiting temperature rise below 1.5\u00b0 C and achieving global carbon neutrality by mid-century, as required by the Paris Agreement.<\/p>\n<\/span>\n\n<!--        <hr \/>\n            <span class=\"related-description\"><\/span>-->\n        <\/div>\n    <\/div>\n<\/li>                            <li class=\"has_thumb product type-product post-6318 status-publish product_cat-white has-post-thumbnail\">\n    <div class=\"product-image-wrap\">\n        <img loading=\"lazy\" decoding=\"async\" width=\"280\" height=\"180\" src=\"https:\/\/ronbarcelo.com\/wp-content\/uploads\/2021\/04\/carribeanrum_or.png\" class=\"attachment-medium size-medium wp-post-image\" alt=\"\" \/>    <\/div>\n    <div class=\"product-meta-wrap\">\n        <div class=\"product-meta-wrap-inner\">\n            <h2 class=\"woocommerce-loop-product__title\">\n                Authentic Caribbean Rum            <\/h2>\n            <hr\/>\n            <span class=\"cert-description\"><p>The Aut\u00e9ntico Ron Caribe\u00f1o (ACR Marque) brand is a registered trademark owned by the West Indies Rum &amp; Spirits Producers&#8217; Association, Inc. (WIRSPA) created to promote rum producers in the Caribbean ACP countries. Ron Barcel\u00f3 holds the Authentic Caribbean Rum seal, which guarantees the manufacture of rums of exceptional quality.<\/p>\n<\/span>\n\n<!--        <hr \/>\n            <span class=\"related-description\"><\/span>-->\n        <\/div>\n    <\/div>\n<\/li>                            <li class=\"has_thumb product type-product post-6316 status-publish product_cat-white has-post-thumbnail\">\n    <div class=\"product-image-wrap\">\n        <img loading=\"lazy\" decoding=\"async\" width=\"280\" height=\"180\" src=\"https:\/\/ronbarcelo.com\/wp-content\/uploads\/2021\/04\/ISO14067_or.png\" class=\"attachment-medium size-medium wp-post-image\" alt=\"\" \/>    <\/div>\n    <div class=\"product-meta-wrap\">\n        <div class=\"product-meta-wrap-inner\">\n            <h2 class=\"woocommerce-loop-product__title\">\n                ISO 14067            <\/h2>\n            <hr\/>\n            <span class=\"cert-description\"><p>The ISO 14067 Standard focuses on determining the amount of greenhouse gases generated by the manufacture of a product, service or event, as well as on generating a targeted plan to reduce them.<\/p>\n<\/span>\n\n<!--        <hr \/>\n            <span class=\"related-description\"><\/span>-->\n        <\/div>\n    <\/div>\n<\/li>                            <li class=\"has_thumb product type-product post-6314 status-publish product_cat-white has-post-thumbnail\">\n    <div class=\"product-image-wrap\">\n        <img loading=\"lazy\" decoding=\"async\" width=\"280\" height=\"180\" src=\"https:\/\/ronbarcelo.com\/wp-content\/uploads\/2021\/04\/iso14064_or.png\" class=\"attachment-medium size-medium wp-post-image\" alt=\"\" \/>    <\/div>\n    <div class=\"product-meta-wrap\">\n        <div class=\"product-meta-wrap-inner\">\n            <h2 class=\"woocommerce-loop-product__title\">\n                ISO 14064            <\/h2>\n            <hr\/>\n            <span class=\"cert-description\"><p>La Norma\u00a0ISO\u00a014064-1\u00a0detalla los principios y requisitos para el dise\u00f1o, desarrollo, gesti\u00f3n e informe de los inventarios de GEI a nivel de la organizaci\u00f3n.<br \/>\nThe ISO 14064-1 Standard describes in detail the principles and requirements for the design, development, management and reporting on the inventories of greenhouse gas emissions at the organization level.<br \/>\nIt includes requirements for determining GHG emission and removal limits, quantifying GHG emissions and removals of an organization and identifying specific corporate actions or activities aimed at improving greenhouse gas management.<\/p>\n<\/span>\n\n<!--        <hr \/>\n            <span class=\"related-description\"><\/span>-->\n        <\/div>\n    <\/div>\n<\/li>                            <li class=\"has_thumb product type-product post-6312 status-publish product_cat-white has-post-thumbnail\">\n    <div class=\"product-image-wrap\">\n        <img loading=\"lazy\" decoding=\"async\" width=\"280\" height=\"180\" src=\"https:\/\/ronbarcelo.com\/wp-content\/uploads\/2021\/04\/bc_or.png\" class=\"attachment-medium size-medium wp-post-image\" alt=\"\" \/>    <\/div>\n    <div class=\"product-meta-wrap\">\n        <div class=\"product-meta-wrap-inner\">\n            <h2 class=\"woocommerce-loop-product__title\">\n                Bilan Carbone            <\/h2>\n            <hr\/>\n            <span class=\"cert-description\"><p>The <strong>Bilan Carbone<sup>\u00ae<\/sup><\/strong>\u00a0method, developed by the French Environment and Energy Management Agency (<strong>ADEME<\/strong>), is a methodological <strong>tool<\/strong> that allows <strong>estimating<\/strong> the greenhouse gas <strong>emissions<\/strong> generated by activities related to the production of goods or services based on a transparent and open calculation principle. The method is based on the <strong>ISO14064-1 Standard<\/strong> and on the general principles of the <strong>GHG Protocol<\/strong>.<br \/>\nThe official use of this tool is subject to the prior obtainment of an <strong>annual Licence<\/strong> managed by the French <strong>Bilan Carbone Association (ABC)<\/strong>.<\/p>\n<\/span>\n\n<!--        <hr \/>\n            <span class=\"related-description\"><\/span>-->\n        <\/div>\n    <\/div>\n<\/li>                    <\/ul>\n    <\/div>\n[\/vc_column_text][\/vc_column][\/vc_row][vc_row][vc_column]\n\t<div class=\"gg-special-button-wrapper  special-button-align-center special-button-style-btn-primary\"><a class=\"btn btn-primary\" href=\"https:\/\/ronbarcelo.com\/en\/sustainability\/\" title=\"Sustainability\" target=\"_self\">Sustainability<\/a><\/div>[\/vc_column][\/vc_row]<\/p>\n","protected":false},"excerpt":{"rendered":"<p>[vc_row][vc_column][vc_column_text][\/vc_column_text][\/vc_column][\/vc_row][vc_row][vc_column][\/vc_column][\/vc_row]<\/p>\n","protected":false},"author":1,"featured_media":5430,"parent":6366,"menu_order":0,"comment_status":"closed","ping_status":"closed","template":"","meta":{"footnotes":""},"class_list":["post-6323","page","type-page","status-publish","has-post-thumbnail","hentry","has_thumb"],"yoast_head":"<!-- This site is optimized with the Yoast SEO plugin v24.9 - https:\/\/yoast.com\/wordpress\/plugins\/seo\/ -->\n<title>Certifications - Ron Barcel\u00f3<\/title>\n<meta name=\"robots\" content=\"index, follow, max-snippet:-1, max-image-preview:large, max-video-preview:-1\" \/>\n<link rel=\"canonical\" href=\"https:\/\/ronbarcelo.com\/en\/our-company\/certifications\/\" \/>\n<meta property=\"og:locale\" content=\"en_US\" \/>\n<meta property=\"og:type\" content=\"article\" \/>\n<meta property=\"og:title\" content=\"Certifications - Ron Barcel\u00f3\" \/>\n<meta property=\"og:description\" content=\"[vc_row][vc_column][vc_column_text][\/vc_column_text][\/vc_column][\/vc_row][vc_row][vc_column][\/vc_column][\/vc_row]\" \/>\n<meta property=\"og:url\" content=\"https:\/\/ronbarcelo.com\/en\/our-company\/certifications\/\" \/>\n<meta property=\"og:site_name\" content=\"Ron Barcel\u00f3\" \/>\n<meta property=\"article:modified_time\" content=\"2021-06-14T11:15:23+00:00\" \/>\n<meta property=\"og:image\" content=\"https:\/\/ronbarcelo.com\/wp-content\/uploads\/2021\/04\/certificaciones-main.jpg\" \/>\n\t<meta property=\"og:image:width\" content=\"1600\" \/>\n\t<meta property=\"og:image:height\" content=\"740\" \/>\n\t<meta property=\"og:image:type\" content=\"image\/jpeg\" \/>\n<meta name=\"twitter:card\" content=\"summary_large_image\" \/>\n<meta name=\"twitter:label1\" content=\"Est. reading time\" \/>\n\t<meta name=\"twitter:data1\" content=\"1 minute\" \/>\n<script type=\"application\/ld+json\" class=\"yoast-schema-graph\">{\"@context\":\"https:\/\/schema.org\",\"@graph\":[{\"@type\":\"WebPage\",\"@id\":\"https:\/\/ronbarcelo.com\/en\/our-company\/certifications\/\",\"url\":\"https:\/\/ronbarcelo.com\/en\/our-company\/certifications\/\",\"name\":\"Certifications - Ron Barcel\u00f3\",\"isPartOf\":{\"@id\":\"https:\/\/ronbarcelo.com\/en\/#website\"},\"primaryImageOfPage\":{\"@id\":\"https:\/\/ronbarcelo.com\/en\/our-company\/certifications\/#primaryimage\"},\"image\":{\"@id\":\"https:\/\/ronbarcelo.com\/en\/our-company\/certifications\/#primaryimage\"},\"thumbnailUrl\":\"https:\/\/ronbarcelo.com\/wp-content\/uploads\/2021\/04\/certificaciones-main.jpg\",\"datePublished\":\"2021-06-13T16:53:02+00:00\",\"dateModified\":\"2021-06-14T11:15:23+00:00\",\"breadcrumb\":{\"@id\":\"https:\/\/ronbarcelo.com\/en\/our-company\/certifications\/#breadcrumb\"},\"inLanguage\":\"en-US\",\"potentialAction\":[{\"@type\":\"ReadAction\",\"target\":[\"https:\/\/ronbarcelo.com\/en\/our-company\/certifications\/\"]}]},{\"@type\":\"ImageObject\",\"inLanguage\":\"en-US\",\"@id\":\"https:\/\/ronbarcelo.com\/en\/our-company\/certifications\/#primaryimage\",\"url\":\"https:\/\/ronbarcelo.com\/wp-content\/uploads\/2021\/04\/certificaciones-main.jpg\",\"contentUrl\":\"https:\/\/ronbarcelo.com\/wp-content\/uploads\/2021\/04\/certificaciones-main.jpg\",\"width\":1600,\"height\":740},{\"@type\":\"BreadcrumbList\",\"@id\":\"https:\/\/ronbarcelo.com\/en\/our-company\/certifications\/#breadcrumb\",\"itemListElement\":[{\"@type\":\"ListItem\",\"position\":1,\"name\":\"Portada\",\"item\":\"https:\/\/ronbarcelo.com\/en\/\"},{\"@type\":\"ListItem\",\"position\":2,\"name\":\"Our Company\",\"item\":\"https:\/\/ronbarcelo.com\/en\/our-company\/\"},{\"@type\":\"ListItem\",\"position\":3,\"name\":\"Certifications\"}]},{\"@type\":\"WebSite\",\"@id\":\"https:\/\/ronbarcelo.com\/en\/#website\",\"url\":\"https:\/\/ronbarcelo.com\/en\/\",\"name\":\"Ron Barcel\u00f3\",\"description\":\"Ron Dominicano\",\"publisher\":{\"@id\":\"https:\/\/ronbarcelo.com\/en\/#organization\"},\"potentialAction\":[{\"@type\":\"SearchAction\",\"target\":{\"@type\":\"EntryPoint\",\"urlTemplate\":\"https:\/\/ronbarcelo.com\/en\/?s={search_term_string}\"},\"query-input\":{\"@type\":\"PropertyValueSpecification\",\"valueRequired\":true,\"valueName\":\"search_term_string\"}}],\"inLanguage\":\"en-US\"},{\"@type\":\"Organization\",\"@id\":\"https:\/\/ronbarcelo.com\/en\/#organization\",\"name\":\"Barcel\u00f3 - Ron Dominicano\",\"url\":\"https:\/\/ronbarcelo.com\/en\/\",\"logo\":{\"@type\":\"ImageObject\",\"inLanguage\":\"en-US\",\"@id\":\"https:\/\/ronbarcelo.com\/en\/#\/schema\/logo\/image\/\",\"url\":\"https:\/\/ronbarcelo.com\/wp-content\/uploads\/2021\/05\/logo-email.png\",\"contentUrl\":\"https:\/\/ronbarcelo.com\/wp-content\/uploads\/2021\/05\/logo-email.png\",\"width\":150,\"height\":109,\"caption\":\"Barcel\u00f3 - Ron Dominicano\"},\"image\":{\"@id\":\"https:\/\/ronbarcelo.com\/en\/#\/schema\/logo\/image\/\"},\"sameAs\":[\"https:\/\/www.linkedin.com\/company\/ronbarcelo\/\"]}]}<\/script>\n<!-- \/ Yoast SEO plugin. -->","yoast_head_json":{"title":"Certifications - Ron Barcel\u00f3","robots":{"index":"index","follow":"follow","max-snippet":"max-snippet:-1","max-image-preview":"max-image-preview:large","max-video-preview":"max-video-preview:-1"},"canonical":"https:\/\/ronbarcelo.com\/en\/our-company\/certifications\/","og_locale":"en_US","og_type":"article","og_title":"Certifications - Ron Barcel\u00f3","og_description":"[vc_row][vc_column][vc_column_text][\/vc_column_text][\/vc_column][\/vc_row][vc_row][vc_column][\/vc_column][\/vc_row]","og_url":"https:\/\/ronbarcelo.com\/en\/our-company\/certifications\/","og_site_name":"Ron Barcel\u00f3","article_modified_time":"2021-06-14T11:15:23+00:00","og_image":[{"width":1600,"height":740,"url":"https:\/\/ronbarcelo.com\/wp-content\/uploads\/2021\/04\/certificaciones-main.jpg","type":"image\/jpeg"}],"twitter_card":"summary_large_image","twitter_misc":{"Est. reading time":"1 minute"},"schema":{"@context":"https:\/\/schema.org","@graph":[{"@type":"WebPage","@id":"https:\/\/ronbarcelo.com\/en\/our-company\/certifications\/","url":"https:\/\/ronbarcelo.com\/en\/our-company\/certifications\/","name":"Certifications - Ron Barcel\u00f3","isPartOf":{"@id":"https:\/\/ronbarcelo.com\/en\/#website"},"primaryImageOfPage":{"@id":"https:\/\/ronbarcelo.com\/en\/our-company\/certifications\/#primaryimage"},"image":{"@id":"https:\/\/ronbarcelo.com\/en\/our-company\/certifications\/#primaryimage"},"thumbnailUrl":"https:\/\/ronbarcelo.com\/wp-content\/uploads\/2021\/04\/certificaciones-main.jpg","datePublished":"2021-06-13T16:53:02+00:00","dateModified":"2021-06-14T11:15:23+00:00","breadcrumb":{"@id":"https:\/\/ronbarcelo.com\/en\/our-company\/certifications\/#breadcrumb"},"inLanguage":"en-US","potentialAction":[{"@type":"ReadAction","target":["https:\/\/ronbarcelo.com\/en\/our-company\/certifications\/"]}]},{"@type":"ImageObject","inLanguage":"en-US","@id":"https:\/\/ronbarcelo.com\/en\/our-company\/certifications\/#primaryimage","url":"https:\/\/ronbarcelo.com\/wp-content\/uploads\/2021\/04\/certificaciones-main.jpg","contentUrl":"https:\/\/ronbarcelo.com\/wp-content\/uploads\/2021\/04\/certificaciones-main.jpg","width":1600,"height":740},{"@type":"BreadcrumbList","@id":"https:\/\/ronbarcelo.com\/en\/our-company\/certifications\/#breadcrumb","itemListElement":[{"@type":"ListItem","position":1,"name":"Portada","item":"https:\/\/ronbarcelo.com\/en\/"},{"@type":"ListItem","position":2,"name":"Our Company","item":"https:\/\/ronbarcelo.com\/en\/our-company\/"},{"@type":"ListItem","position":3,"name":"Certifications"}]},{"@type":"WebSite","@id":"https:\/\/ronbarcelo.com\/en\/#website","url":"https:\/\/ronbarcelo.com\/en\/","name":"Ron Barcel\u00f3","description":"Ron Dominicano","publisher":{"@id":"https:\/\/ronbarcelo.com\/en\/#organization"},"potentialAction":[{"@type":"SearchAction","target":{"@type":"EntryPoint","urlTemplate":"https:\/\/ronbarcelo.com\/en\/?s={search_term_string}"},"query-input":{"@type":"PropertyValueSpecification","valueRequired":true,"valueName":"search_term_string"}}],"inLanguage":"en-US"},{"@type":"Organization","@id":"https:\/\/ronbarcelo.com\/en\/#organization","name":"Barcel\u00f3 - Ron Dominicano","url":"https:\/\/ronbarcelo.com\/en\/","logo":{"@type":"ImageObject","inLanguage":"en-US","@id":"https:\/\/ronbarcelo.com\/en\/#\/schema\/logo\/image\/","url":"https:\/\/ronbarcelo.com\/wp-content\/uploads\/2021\/05\/logo-email.png","contentUrl":"https:\/\/ronbarcelo.com\/wp-content\/uploads\/2021\/05\/logo-email.png","width":150,"height":109,"caption":"Barcel\u00f3 - Ron Dominicano"},"image":{"@id":"https:\/\/ronbarcelo.com\/en\/#\/schema\/logo\/image\/"},"sameAs":["https:\/\/www.linkedin.com\/company\/ronbarcelo\/"]}]}},"_links":{"self":[{"href":"https:\/\/ronbarcelo.com\/en\/wp-json\/wp\/v2\/pages\/6323","targetHints":{"allow":["GET"]}}],"collection":[{"href":"https:\/\/ronbarcelo.com\/en\/wp-json\/wp\/v2\/pages"}],"about":[{"href":"https:\/\/ronbarcelo.com\/en\/wp-json\/wp\/v2\/types\/page"}],"author":[{"embeddable":true,"href":"https:\/\/ronbarcelo.com\/en\/wp-json\/wp\/v2\/users\/1"}],"replies":[{"embeddable":true,"href":"https:\/\/ronbarcelo.com\/en\/wp-json\/wp\/v2\/comments?post=6323"}],"version-history":[{"count":4,"href":"https:\/\/ronbarcelo.com\/en\/wp-json\/wp\/v2\/pages\/6323\/revisions"}],"predecessor-version":[{"id":6465,"href":"https:\/\/ronbarcelo.com\/en\/wp-json\/wp\/v2\/pages\/6323\/revisions\/6465"}],"up":[{"embeddable":true,"href":"https:\/\/ronbarcelo.com\/en\/wp-json\/wp\/v2\/pages\/6366"}],"wp:featuredmedia":[{"embeddable":true,"href":"https:\/\/ronbarcelo.com\/en\/wp-json\/wp\/v2\/media\/5430"}],"wp:attachment":[{"href":"https:\/\/ronbarcelo.com\/en\/wp-json\/wp\/v2\/media?parent=6323"}],"curies":[{"name":"wp","href":"https:\/\/api.w.org\/{rel}","templated":true}]}}