{"id":6341,"date":"2021-06-13T19:09:25","date_gmt":"2021-06-13T17:09:25","guid":{"rendered":"https:\/\/ronbarcelo.com\/?page_id=6341"},"modified":"2025-11-28T17:21:22","modified_gmt":"2025-11-28T21:21:22","slug":"tours","status":"publish","type":"page","link":"https:\/\/ronbarcelo.com\/en\/tours\/","title":{"rendered":"Tours"},"content":{"rendered":"<p>[vc_row][vc_column width=&#8221;1\/4&#8243;][\/vc_column][vc_column width=&#8221;1\/2&#8243;]\n\t<div class=\"title-subtitle-box  vc_custom_1711042285966\" style=\" text-align: center;\">\n\t\t<h1 style=\" font-weight: normal;\" class=\"special-title\" >\n\t\t<span class=\"toptitle\" style=\"\">TOUR &amp; BOOKINGS<\/span>Barcel\u00f2 Experience<\/h1>\n\t\t<span class=\"subtitle\" style=\"\">Dominican Republic Rum Tours<\/span>\n\t\t<div class=\"box-description\"><p>Immerse yourself in the rich aroma of our most aged reserves and discover the processes and location of our barriques.<\/p>\n<\/div>\n\t<\/div> [\/vc_column][vc_column width=&#8221;1\/4&#8243;][\/vc_column][\/vc_row][vc_row equal_height=&#8221;yes&#8221; css=&#8221;.vc_custom_1621014517044{padding-right: 0px !important;padding-left: 0px !important;}&#8221;][vc_column width=&#8221;1\/2&#8243; add_reveal_effect=&#8221;yes&#8221;]\n\t<div class=\"gg-clubbox \" style=\"text-align:left;\">\n\t\t<div class=\"club-image\"> <img decoding=\"async\" class=\"wp-post-image\" src=\" https:\/\/ronbarcelo.com\/wp-content\/uploads\/2021\/06\/Fondo-Ticket-Tour-BAN.jpg \" alt=\"Fondo-Ticket-Tour-BAN\" \/> <\/div>\n\t\t<div class=\"gg-clubbox-content gg-left\">\n\t\t<span class=\"club-top-title\" >Tour<\/span>\n\t\t<h3 class=\"club-title\" >A\u00f1ejo Experience<\/h3>\n\t\t<div class=\"club-description\" ><p class=\"p1\">Interactive Dominican Republic rum tour where you can learn how we create our rum and a bit of our history while enjoying a delicious house cocktail. Wrap up the tour at our bar, tasting our A\u00f1ejo, Gran A\u00f1ejo, and <a href=\"https:\/\/ronbarcelo.com\/en\/rum\/gran-anejo-dark\/\">Gran A\u00f1ejo Dark rums<\/a>, and don&#8217;t forget to stop in our gift store!<\/p>\n<p>Duration: 1 hour and 15 m.<br \/>\nCapacity: maximum 30 people per tour.<\/p>\n<\/div>\n\t\t<p class=\"club-price\" >Price: 20 USD\/person <span class=\"club-price-affix\" >Free admission for children under 17<\/span><\/p>\n\t<div class=\"clearfix\"><\/div><a class=\"club-link button btn-primary\" href=\"\/en\/prodotto\/anejo-experience\/\" title=\"Book Now\" target=\"_self\">Book Now<\/a>\n\t<\/div>\n\t<\/div>[\/vc_column][vc_column width=&#8221;1\/2&#8243; add_reveal_effect=&#8221;yes&#8221;]\n\t<div class=\"gg-clubbox \" style=\"text-align:left;\">\n\t\t<div class=\"club-image\"> <img decoding=\"async\" class=\"wp-post-image\" src=\" https:\/\/ronbarcelo.com\/wp-content\/uploads\/2021\/06\/Fondo-Ticket-Tour-Imperial.jpg \" alt=\"Fondo-Ticket-Tour-Imperial\" \/> <\/div>\n\t\t<div class=\"gg-clubbox-content gg-left\">\n\t\t<span class=\"club-top-title\" >Tour<\/span>\n\t\t<h3 class=\"club-title\" >Imperial Experience<\/h3>\n\t\t<div class=\"club-description\" ><p class=\"p1\">The exclusive Dominican Republic Rum Tour.<\/p>\n<p class=\"p1\">Immerse yourself in the aging cellars with an exclusive tasting of our most awarded premium rums of the Imperial line, including our exquisite Premium Imperial, Imperial Onyx, and Imperial Porto Cask rums.<\/p>\n<p>Duration: 1 hour and 45 m.<br \/>\nCapacity: maximum 10 people per tour.<\/p>\n<\/div>\n\t\t<p class=\"club-price\" >Price: 40 USD\/person <span class=\"club-price-affix\" >Free admission for children under 17<\/span><\/p>\n\t<div class=\"clearfix\"><\/div><a class=\"club-link button btn-primary\" href=\"\/en\/prodotto\/imperial-experience\/\" title=\"Book Now\" target=\"_self\">Book Now<\/a>\n\t<\/div>\n\t<\/div>[\/vc_column][\/vc_row][vc_row equal_height=&#8221;yes&#8221; css=&#8221;.vc_custom_1621014517044{padding-right: 0px !important;padding-left: 0px !important;}&#8221;][vc_column width=&#8221;1\/2&#8243; add_reveal_effect=&#8221;yes&#8221;]\n\t<div class=\"gg-clubbox \" style=\"text-align:left;\">\n\t\t<div class=\"club-image\"> <img decoding=\"async\" class=\"wp-post-image\" src=\" https:\/\/ronbarcelo.com\/wp-content\/uploads\/2023\/06\/Fondo-Ticket-Tour-BAN-PLUS.jpg \" alt=\"\" \/> <\/div>\n\t\t<div class=\"gg-clubbox-content gg-left\">\n\t\t<span class=\"club-top-title\" >Tour<\/span>\n\t\t<h3 class=\"club-title\" >A\u00f1ejo PLUS Experience<\/h3>\n\t\t<div class=\"club-description\" ><p class=\"p1\">Live the full A\u00f1ejo Experience Tour, with the addition of our premium <a href=\"https:\/\/ronbarcelo.com\/en\/our-rums\/\">rums<\/a> Imperial and Imperial Onyx to your tasting.<\/p>\n<p>Duration: 1 hour and 15 m.<br \/>\nCapacity: maximum 30 people per tour.<\/p>\n<\/div>\n\t\t<p class=\"club-price\" >Price: 30 USD\/person <span class=\"club-price-affix\" >Free admission for children under 17<\/span><\/p>\n\t<div class=\"clearfix\"><\/div><a class=\"club-link button btn-primary\" href=\"\/en\/prodotto\/anejo-plus-experience\/\" title=\"Book Now\" target=\"_self\">Book Now<\/a>\n\t<\/div>\n\t<\/div>[\/vc_column][vc_column width=&#8221;1\/2&#8243; add_reveal_effect=&#8221;yes&#8221;]\n\t<div class=\"gg-clubbox \" style=\"text-align:left;\">\n\t\t<div class=\"club-image\"> <img decoding=\"async\" class=\"wp-post-image\" src=\" https:\/\/ronbarcelo.com\/wp-content\/uploads\/2023\/06\/Fondo-Ticket-Tour-Bartender.jpg \" alt=\"\" \/> <\/div>\n\t\t<div class=\"gg-clubbox-content gg-left\">\n\t\t<span class=\"club-top-title\" >Tour<\/span>\n\t\t<h3 class=\"club-title\" >Bartender Experience<\/h3>\n\t\t<div class=\"club-description\" ><p class=\"p1\">Agrega a tu Experiencia la oportunidad de ser Bartender por un d\u00eda! Aqu\u00ed podr\u00e1s explorar tu capacidad de elaborar un coctel desde cero.<\/p>\n<blockquote><p>\n<em>*You must select one of the above 3 experiences to go along with this tour.<\/em>\n<\/p><\/blockquote>\n<p>Duration: 30 m.<br \/>\nCapacity: maximum 6 people per tour.<\/p>\n<\/div>\n\t\t<p class=\"club-price\" >Price: 15 USD\/person <span class=\"club-price-affix\" >Only Adults<\/span><\/p>\n\t<div class=\"clearfix\"><\/div><a class=\"club-link button btn-primary\" href=\"\/en\/prodotto\/bartender-experience\/\" title=\"Book Now\" target=\"_self\">Book Now<\/a>\n\t<\/div>\n\t<\/div>[\/vc_column][\/vc_row][vc_row equal_height=&#8221;yes&#8221; disable_element=&#8221;yes&#8221; css=&#8221;.vc_custom_1764364876646{padding-right: 0px !important;padding-left: 0px !important;}&#8221;][vc_column width=&#8221;1\/2&#8243; add_reveal_effect=&#8221;yes&#8221;]\n\t<div class=\"gg-clubbox \" style=\"text-align:left;\">\n\t\t<div class=\"club-image\"> <img decoding=\"async\" class=\"wp-post-image\" src=\" https:\/\/ronbarcelo.com\/wp-content\/uploads\/2025\/04\/WhatsApp-Image-2025-04-21-at-15.05.34.jpeg \" alt=\"Isla Ron barcel\u00f3\" \/> <\/div>\n\t\t<div class=\"gg-clubbox-content gg-left\">\n\t\t<span class=\"club-top-title\" >Tour<\/span>\n\t\t<h3 class=\"club-title\" >Isla Ron Bracel\u00f3 Experience<\/h3>\n\t\t<div class=\"club-description\" ><p class=\"p1\">Embark on a unique experience on Isla Barcel\u00f3, an uncharted paradise in the eastern region of the Dominican Republic, where the essence of the Caribbean comes to life under the tropical sun.<\/p>\n<p>Duration: 6 hours.<br \/>\nCapacity: maximum 30 people per tour.<\/p>\n<\/div>\n\t\t<p class=\"club-price\" >Price: From 55 USD\/person <span class=\"club-price-affix\" ><\/span><\/p>\n\t<div class=\"clearfix\"><\/div><a class=\"club-link button btn-primary\" href=\"https:\/\/islaronbarcelo.com\" title=\"Book Now\" target=\"_self\">Book Now<\/a>\n\t<\/div>\n\t<\/div>[\/vc_column][vc_column width=&#8221;1\/2&#8243; add_reveal_effect=&#8221;yes&#8221;][\/vc_column][\/vc_row]<\/p>\n","protected":false},"excerpt":{"rendered":"<p>[vc_row][vc_column width=&#8221;1\/4&#8243;][\/vc_column][vc_column width=&#8221;1\/2&#8243;][\/vc_column][vc_column width=&#8221;1\/4&#8243;][\/vc_column][\/vc_row][vc_row equal_height=&#8221;yes&#8221; css=&#8221;.vc_custom_1621014517044{padding-right: 0px !important;padding-left: 0px !important;}&#8221;][vc_column width=&#8221;1\/2&#8243; add_reveal_effect=&#8221;yes&#8221;][\/vc_column][vc_column width=&#8221;1\/2&#8243; add_reveal_effect=&#8221;yes&#8221;][\/vc_column][\/vc_row][vc_row equal_height=&#8221;yes&#8221; css=&#8221;.vc_custom_1621014517044{padding-right: 0px !important;padding-left: 0px !important;}&#8221;][vc_column width=&#8221;1\/2&#8243; add_reveal_effect=&#8221;yes&#8221;][\/vc_column][vc_column width=&#8221;1\/2&#8243; add_reveal_effect=&#8221;yes&#8221;][\/vc_column][\/vc_row][vc_row equal_height=&#8221;yes&#8221; disable_element=&#8221;yes&#8221; css=&#8221;.vc_custom_1764364876646{padding-right: 0px !important;padding-left: 0px !important;}&#8221;][vc_column width=&#8221;1\/2&#8243; add_reveal_effect=&#8221;yes&#8221;][\/vc_column][vc_column width=&#8221;1\/2&#8243; add_reveal_effect=&#8221;yes&#8221;][\/vc_column][\/vc_row]<\/p>\n","protected":false},"author":1,"featured_media":4739,"parent":0,"menu_order":0,"comment_status":"closed","ping_status":"closed","template":"","meta":{"footnotes":""},"class_list":["post-6341","page","type-page","status-publish","has-post-thumbnail","hentry","has_thumb"],"yoast_head":"<!-- This site is optimized with the Yoast SEO plugin v24.9 - https:\/\/yoast.com\/wordpress\/plugins\/seo\/ -->\n<title>Dominican Republic Tours - Ron Barcel\u00f3<\/title>\n<meta name=\"description\" content=\"Dominican Republic Rum Tour to learn about our rum and a bit of our history while enjoying a delicious house cocktail.\" \/>\n<meta name=\"robots\" content=\"index, follow, max-snippet:-1, max-image-preview:large, max-video-preview:-1\" \/>\n<link rel=\"canonical\" href=\"https:\/\/ronbarcelo.com\/en\/tours\/\" \/>\n<meta property=\"og:locale\" content=\"en_US\" \/>\n<meta property=\"og:type\" content=\"article\" \/>\n<meta property=\"og:title\" content=\"Dominican Republic Tours - Ron Barcel\u00f3\" \/>\n<meta property=\"og:description\" content=\"Dominican Republic Rum Tour to learn about our rum and a bit of our history while enjoying a delicious house cocktail.\" \/>\n<meta property=\"og:url\" content=\"https:\/\/ronbarcelo.com\/en\/tours\/\" \/>\n<meta property=\"og:site_name\" content=\"Ron Barcel\u00f3\" \/>\n<meta property=\"article:modified_time\" content=\"2025-11-28T21:21:22+00:00\" \/>\n<meta property=\"og:image\" content=\"https:\/\/ronbarcelo.com\/wp-content\/uploads\/2021\/03\/centro-historico_main.jpg\" \/>\n\t<meta property=\"og:image:width\" content=\"1600\" \/>\n\t<meta property=\"og:image:height\" content=\"690\" \/>\n\t<meta property=\"og:image:type\" content=\"image\/jpeg\" \/>\n<meta name=\"twitter:card\" content=\"summary_large_image\" \/>\n<meta name=\"twitter:label1\" content=\"Est. reading time\" \/>\n\t<meta name=\"twitter:data1\" content=\"2 minutes\" \/>\n<script type=\"application\/ld+json\" class=\"yoast-schema-graph\">{\"@context\":\"https:\/\/schema.org\",\"@graph\":[{\"@type\":\"WebPage\",\"@id\":\"https:\/\/ronbarcelo.com\/en\/tours\/\",\"url\":\"https:\/\/ronbarcelo.com\/en\/tours\/\",\"name\":\"Dominican Republic Tours - Ron Barcel\u00f3\",\"isPartOf\":{\"@id\":\"https:\/\/ronbarcelo.com\/en\/#website\"},\"primaryImageOfPage\":{\"@id\":\"https:\/\/ronbarcelo.com\/en\/tours\/#primaryimage\"},\"image\":{\"@id\":\"https:\/\/ronbarcelo.com\/en\/tours\/#primaryimage\"},\"thumbnailUrl\":\"https:\/\/ronbarcelo.com\/wp-content\/uploads\/2021\/03\/centro-historico_main.jpg\",\"datePublished\":\"2021-06-13T17:09:25+00:00\",\"dateModified\":\"2025-11-28T21:21:22+00:00\",\"description\":\"Dominican Republic Rum Tour to learn about our rum and a bit of our history while enjoying a delicious house cocktail.\",\"breadcrumb\":{\"@id\":\"https:\/\/ronbarcelo.com\/en\/tours\/#breadcrumb\"},\"inLanguage\":\"en-US\",\"potentialAction\":[{\"@type\":\"ReadAction\",\"target\":[\"https:\/\/ronbarcelo.com\/en\/tours\/\"]}]},{\"@type\":\"ImageObject\",\"inLanguage\":\"en-US\",\"@id\":\"https:\/\/ronbarcelo.com\/en\/tours\/#primaryimage\",\"url\":\"https:\/\/ronbarcelo.com\/wp-content\/uploads\/2021\/03\/centro-historico_main.jpg\",\"contentUrl\":\"https:\/\/ronbarcelo.com\/wp-content\/uploads\/2021\/03\/centro-historico_main.jpg\",\"width\":1600,\"height\":690,\"caption\":\"dominican republic rum tours\"},{\"@type\":\"BreadcrumbList\",\"@id\":\"https:\/\/ronbarcelo.com\/en\/tours\/#breadcrumb\",\"itemListElement\":[{\"@type\":\"ListItem\",\"position\":1,\"name\":\"Portada\",\"item\":\"https:\/\/ronbarcelo.com\/en\/\"},{\"@type\":\"ListItem\",\"position\":2,\"name\":\"Tours\"}]},{\"@type\":\"WebSite\",\"@id\":\"https:\/\/ronbarcelo.com\/en\/#website\",\"url\":\"https:\/\/ronbarcelo.com\/en\/\",\"name\":\"Ron Barcel\u00f3\",\"description\":\"Ron Dominicano\",\"publisher\":{\"@id\":\"https:\/\/ronbarcelo.com\/en\/#organization\"},\"potentialAction\":[{\"@type\":\"SearchAction\",\"target\":{\"@type\":\"EntryPoint\",\"urlTemplate\":\"https:\/\/ronbarcelo.com\/en\/?s={search_term_string}\"},\"query-input\":{\"@type\":\"PropertyValueSpecification\",\"valueRequired\":true,\"valueName\":\"search_term_string\"}}],\"inLanguage\":\"en-US\"},{\"@type\":\"Organization\",\"@id\":\"https:\/\/ronbarcelo.com\/en\/#organization\",\"name\":\"Barcel\u00f3 - Ron Dominicano\",\"url\":\"https:\/\/ronbarcelo.com\/en\/\",\"logo\":{\"@type\":\"ImageObject\",\"inLanguage\":\"en-US\",\"@id\":\"https:\/\/ronbarcelo.com\/en\/#\/schema\/logo\/image\/\",\"url\":\"https:\/\/ronbarcelo.com\/wp-content\/uploads\/2021\/05\/logo-email.png\",\"contentUrl\":\"https:\/\/ronbarcelo.com\/wp-content\/uploads\/2021\/05\/logo-email.png\",\"width\":150,\"height\":109,\"caption\":\"Barcel\u00f3 - Ron Dominicano\"},\"image\":{\"@id\":\"https:\/\/ronbarcelo.com\/en\/#\/schema\/logo\/image\/\"},\"sameAs\":[\"https:\/\/www.linkedin.com\/company\/ronbarcelo\/\"]}]}<\/script>\n<!-- \/ Yoast SEO plugin. -->","yoast_head_json":{"title":"Dominican Republic Tours - Ron Barcel\u00f3","description":"Dominican Republic Rum Tour to learn about our rum and a bit of our history while enjoying a delicious house cocktail.","robots":{"index":"index","follow":"follow","max-snippet":"max-snippet:-1","max-image-preview":"max-image-preview:large","max-video-preview":"max-video-preview:-1"},"canonical":"https:\/\/ronbarcelo.com\/en\/tours\/","og_locale":"en_US","og_type":"article","og_title":"Dominican Republic Tours - Ron Barcel\u00f3","og_description":"Dominican Republic Rum Tour to learn about our rum and a bit of our history while enjoying a delicious house cocktail.","og_url":"https:\/\/ronbarcelo.com\/en\/tours\/","og_site_name":"Ron Barcel\u00f3","article_modified_time":"2025-11-28T21:21:22+00:00","og_image":[{"width":1600,"height":690,"url":"https:\/\/ronbarcelo.com\/wp-content\/uploads\/2021\/03\/centro-historico_main.jpg","type":"image\/jpeg"}],"twitter_card":"summary_large_image","twitter_misc":{"Est. reading time":"2 minutes"},"schema":{"@context":"https:\/\/schema.org","@graph":[{"@type":"WebPage","@id":"https:\/\/ronbarcelo.com\/en\/tours\/","url":"https:\/\/ronbarcelo.com\/en\/tours\/","name":"Dominican Republic Tours - Ron Barcel\u00f3","isPartOf":{"@id":"https:\/\/ronbarcelo.com\/en\/#website"},"primaryImageOfPage":{"@id":"https:\/\/ronbarcelo.com\/en\/tours\/#primaryimage"},"image":{"@id":"https:\/\/ronbarcelo.com\/en\/tours\/#primaryimage"},"thumbnailUrl":"https:\/\/ronbarcelo.com\/wp-content\/uploads\/2021\/03\/centro-historico_main.jpg","datePublished":"2021-06-13T17:09:25+00:00","dateModified":"2025-11-28T21:21:22+00:00","description":"Dominican Republic Rum Tour to learn about our rum and a bit of our history while enjoying a delicious house cocktail.","breadcrumb":{"@id":"https:\/\/ronbarcelo.com\/en\/tours\/#breadcrumb"},"inLanguage":"en-US","potentialAction":[{"@type":"ReadAction","target":["https:\/\/ronbarcelo.com\/en\/tours\/"]}]},{"@type":"ImageObject","inLanguage":"en-US","@id":"https:\/\/ronbarcelo.com\/en\/tours\/#primaryimage","url":"https:\/\/ronbarcelo.com\/wp-content\/uploads\/2021\/03\/centro-historico_main.jpg","contentUrl":"https:\/\/ronbarcelo.com\/wp-content\/uploads\/2021\/03\/centro-historico_main.jpg","width":1600,"height":690,"caption":"dominican republic rum tours"},{"@type":"BreadcrumbList","@id":"https:\/\/ronbarcelo.com\/en\/tours\/#breadcrumb","itemListElement":[{"@type":"ListItem","position":1,"name":"Portada","item":"https:\/\/ronbarcelo.com\/en\/"},{"@type":"ListItem","position":2,"name":"Tours"}]},{"@type":"WebSite","@id":"https:\/\/ronbarcelo.com\/en\/#website","url":"https:\/\/ronbarcelo.com\/en\/","name":"Ron Barcel\u00f3","description":"Ron Dominicano","publisher":{"@id":"https:\/\/ronbarcelo.com\/en\/#organization"},"potentialAction":[{"@type":"SearchAction","target":{"@type":"EntryPoint","urlTemplate":"https:\/\/ronbarcelo.com\/en\/?s={search_term_string}"},"query-input":{"@type":"PropertyValueSpecification","valueRequired":true,"valueName":"search_term_string"}}],"inLanguage":"en-US"},{"@type":"Organization","@id":"https:\/\/ronbarcelo.com\/en\/#organization","name":"Barcel\u00f3 - Ron Dominicano","url":"https:\/\/ronbarcelo.com\/en\/","logo":{"@type":"ImageObject","inLanguage":"en-US","@id":"https:\/\/ronbarcelo.com\/en\/#\/schema\/logo\/image\/","url":"https:\/\/ronbarcelo.com\/wp-content\/uploads\/2021\/05\/logo-email.png","contentUrl":"https:\/\/ronbarcelo.com\/wp-content\/uploads\/2021\/05\/logo-email.png","width":150,"height":109,"caption":"Barcel\u00f3 - Ron Dominicano"},"image":{"@id":"https:\/\/ronbarcelo.com\/en\/#\/schema\/logo\/image\/"},"sameAs":["https:\/\/www.linkedin.com\/company\/ronbarcelo\/"]}]}},"_links":{"self":[{"href":"https:\/\/ronbarcelo.com\/en\/wp-json\/wp\/v2\/pages\/6341","targetHints":{"allow":["GET"]}}],"collection":[{"href":"https:\/\/ronbarcelo.com\/en\/wp-json\/wp\/v2\/pages"}],"about":[{"href":"https:\/\/ronbarcelo.com\/en\/wp-json\/wp\/v2\/types\/page"}],"author":[{"embeddable":true,"href":"https:\/\/ronbarcelo.com\/en\/wp-json\/wp\/v2\/users\/1"}],"replies":[{"embeddable":true,"href":"https:\/\/ronbarcelo.com\/en\/wp-json\/wp\/v2\/comments?post=6341"}],"version-history":[{"count":31,"href":"https:\/\/ronbarcelo.com\/en\/wp-json\/wp\/v2\/pages\/6341\/revisions"}],"predecessor-version":[{"id":13186,"href":"https:\/\/ronbarcelo.com\/en\/wp-json\/wp\/v2\/pages\/6341\/revisions\/13186"}],"wp:featuredmedia":[{"embeddable":true,"href":"https:\/\/ronbarcelo.com\/en\/wp-json\/wp\/v2\/media\/4739"}],"wp:attachment":[{"href":"https:\/\/ronbarcelo.com\/en\/wp-json\/wp\/v2\/media?parent=6341"}],"curies":[{"name":"wp","href":"https:\/\/api.w.org\/{rel}","templated":true}]}}