{"id":6249,"date":"2021-06-13T17:17:51","date_gmt":"2021-06-13T15:17:51","guid":{"rendered":"https:\/\/ronbarcelo.com\/?page_id=6249"},"modified":"2021-06-13T17:24:43","modified_gmt":"2021-06-13T15:24:43","slug":"la-fondation","status":"publish","type":"page","link":"https:\/\/ronbarcelo.com\/fr\/la-fondation\/","title":{"rendered":"La Fondation"},"content":{"rendered":"<p>[vc_row equal_height=\u00a0\u00bbyes\u00a0\u00bb content_placement=\u00a0\u00bbmiddle\u00a0\u00bb css=\u00a0\u00bb.vc_custom_1616953978988{padding-right: 5% !important;padding-left: 5% !important;}\u00a0\u00bb][vc_column][vc_single_image image=\u00a0\u00bb4942&Prime; img_size=\u00a0\u00bb300&Prime; alignment=\u00a0\u00bbcenter\u00a0\u00bb el_id=\u00a0\u00bbafd-logo\u00a0\u00bb]\n\t<blockquote  class=\"gg-vc-quote  remove_blockquotes font_size_small text-align-center vc_custom_1623597459203\">\n\tLa Fondation AFD Ron Barcel\u00f3 est une organisation \u00e0 but non lucratif d\u00e9di\u00e9e au d\u00e9veloppement de programmes sociaux au profit des communaut\u00e9s voisines des soci\u00e9t\u00e9s Alcoholes Finos Dominicano et Ron Barcel\u00f3.\n\t<\/blockquote>[\/vc_column][\/vc_row][vc_row el_id=\u00a0\u00bbour-values\u00a0\u00bb][vc_column css=\u00a0\u00bb.vc_custom_1617049100200{background-image: url(https:\/\/ronbarcelo.com\/wp-content\/uploads\/2021\/03\/afd-text-bg.jpg?id=4949) !important;background-position: center !important;background-repeat: no-repeat !important;background-size: cover !important;}\u00a0\u00bb]\n\t<div class=\"values-grid-wrapper  vc_custom_1623597851962 columns-2 wow\">\n\t<div class=\"values-grid-bg\"><\/div>\n\t<div class=\"values-grid-content\">\n\t<div class=\"col-1\">\n\t<\/div>\n\t<div class=\"col-2\">\n\t<\/div>\n\t<div class=\"values-grid-area\"><ul class=\"values-grid\"><li data-bg=\"\"><h4>PHILOSOPHIE<\/h4><div class=\"description\">Institution \u00e0 but non lucratif d\u00e9di\u00e9e \u00e0 la mise en \u0153uvre de programmes sociaux dans les bateyes (campements o\u00f9 vivent les coupeurs de cannes) et les communaut\u00e9s les plus vuln\u00e9rables adjacentes aux plantations, \u00e0 travers une \u00e9ducation bas\u00e9e sur les valeurs qui leur permette de d\u00e9velopper leur potentiel d'autogestion et de travail en \u00e9quipe.<\/div><\/li><li data-bg=\"\"><h4>VISION<\/h4><div class=\"description\">Jouer un r\u00f4le de transcendance en R\u00e9publique Dominicaine qui permette de r\u00e9pondre aux besoins des habitants des communaut\u00e9s de la zone d'influence afin de favoriser l'engagement et la participation de ses membres.<\/div><\/li><li data-bg=\"\"><h4>MISSION<\/h4><div class=\"description\">Contribuer au d\u00e9veloppement socio-\u00e9conomique et \u00e0 l'am\u00e9lioration de la qualit\u00e9 de vie des communaut\u00e9s dans la zone d'influence de la Fondation, par la mise en \u0153uvre de programmes et de projets dans les domaines de base tels que la sant\u00e9, l'\u00e9ducation, la nutrition, la formation, les infrastructures et le d\u00e9veloppement.<\/div><\/li><li data-bg=\"\"><h4>VALEURS<\/h4><div class=\"description\"><span>Honn\u00eatet\u00e9<\/span>: Agir avec transparence, fid\u00e9lit\u00e9 et honn\u00eatet\u00e9. Faire ce que nous disons sans nuire aux autres. Honorer la confiance qui nous est accord\u00e9e.<br\/>\n<span>Respect<\/span>: Reconna\u00eetre la dignit\u00e9 et les droits de tous.<br\/>\n<span>Responsabilit\u00e9<\/span>: Remplir sans d\u00e9lai nos obligations et engagements, assumer les cons\u00e9quences des r\u00e9sultats obtenus.<br\/>\n<span>Solidarit\u00e9<\/span>: Promouvoir des opportunit\u00e9s qui nous permettent d'atteindre nos objectifs sans distinction de race, de sexe, de nationalit\u00e9 et de religion.<\/div><\/li><\/ul>\n\t<\/div>\n\t<\/div>\n\t<\/div>\n\t<div class=\"gg-special-button-wrapper  vc_custom_1623597730596 special-button-align-left special-button-style-btn-primary\"><a class=\"btn btn-primary\" href=\"http:\/\/fundacionafdronbarcelo.org\/\" title=\"D\u00e9couvrir plus\" target=\" _blank\">D\u00e9couvrir plus<\/a><\/div>[\/vc_column][\/vc_row][vc_row][vc_column css=\u00a0\u00bb.vc_custom_1616947417578{padding-right: 0px !important;padding-left: 0px !important;}\u00a0\u00bb]\n\t<div class=\"\">\n\t<div class=\"gg-media-carousel use_pagination use_navigation\">\n\t\t<div class=\"swiper-container\" data-uid=\"swiper-756910406\"  data-slidesperview =\"3\" data-slidespercolumn =\"1\" data-spacebetween =\"30\" data-initialslide =\"0\" data-direction =\"horizontal\" data-speed =\"300\" data-loop =\"true\" data-centeredslides =\"false\" data-effect =\"slide\" data-autoplay =\"\" data-paginationtype =\"bullets\"  >\n\t\t\t<div class=\"swiper-wrapper\"><div class=\"swiper-slide\"><img loading=\"lazy\" decoding=\"async\" width=\"1000\" height=\"898\" src=\"https:\/\/ronbarcelo.com\/wp-content\/uploads\/2021\/03\/afd3.jpg\" class=\"attachment-large\" alt=\"\" srcset=\"https:\/\/ronbarcelo.com\/wp-content\/uploads\/2021\/03\/afd3.jpg 1000w, https:\/\/ronbarcelo.com\/wp-content\/uploads\/2021\/03\/afd3-300x269.jpg 300w, https:\/\/ronbarcelo.com\/wp-content\/uploads\/2021\/03\/afd3-768x690.jpg 768w\" sizes=\"auto, (max-width: 1000px) 100vw, 1000px\" \/><\/div><div class=\"swiper-slide\"><img loading=\"lazy\" decoding=\"async\" width=\"1000\" height=\"901\" src=\"https:\/\/ronbarcelo.com\/wp-content\/uploads\/2021\/03\/afd2.jpg\" class=\"attachment-large\" alt=\"\" srcset=\"https:\/\/ronbarcelo.com\/wp-content\/uploads\/2021\/03\/afd2.jpg 1000w, https:\/\/ronbarcelo.com\/wp-content\/uploads\/2021\/03\/afd2-300x270.jpg 300w, https:\/\/ronbarcelo.com\/wp-content\/uploads\/2021\/03\/afd2-768x692.jpg 768w\" sizes=\"auto, (max-width: 1000px) 100vw, 1000px\" \/><\/div><div class=\"swiper-slide\"><img loading=\"lazy\" decoding=\"async\" width=\"1000\" height=\"901\" src=\"https:\/\/ronbarcelo.com\/wp-content\/uploads\/2021\/03\/afd4.jpg\" class=\"attachment-large\" alt=\"\" srcset=\"https:\/\/ronbarcelo.com\/wp-content\/uploads\/2021\/03\/afd4.jpg 1000w, https:\/\/ronbarcelo.com\/wp-content\/uploads\/2021\/03\/afd4-300x270.jpg 300w, https:\/\/ronbarcelo.com\/wp-content\/uploads\/2021\/03\/afd4-768x692.jpg 768w\" sizes=\"auto, (max-width: 1000px) 100vw, 1000px\" \/><\/div><div class=\"swiper-slide\"><img loading=\"lazy\" decoding=\"async\" width=\"1000\" height=\"900\" src=\"https:\/\/ronbarcelo.com\/wp-content\/uploads\/2021\/03\/afd5.jpg\" class=\"attachment-large\" alt=\"\" srcset=\"https:\/\/ronbarcelo.com\/wp-content\/uploads\/2021\/03\/afd5.jpg 1000w, https:\/\/ronbarcelo.com\/wp-content\/uploads\/2021\/03\/afd5-300x270.jpg 300w, https:\/\/ronbarcelo.com\/wp-content\/uploads\/2021\/03\/afd5-768x691.jpg 768w\" sizes=\"auto, (max-width: 1000px) 100vw, 1000px\" \/><\/div><div class=\"swiper-slide\"><img loading=\"lazy\" decoding=\"async\" width=\"1000\" height=\"899\" src=\"https:\/\/ronbarcelo.com\/wp-content\/uploads\/2021\/03\/afd6.jpg\" class=\"attachment-large\" alt=\"\" srcset=\"https:\/\/ronbarcelo.com\/wp-content\/uploads\/2021\/03\/afd6.jpg 1000w, https:\/\/ronbarcelo.com\/wp-content\/uploads\/2021\/03\/afd6-300x270.jpg 300w, https:\/\/ronbarcelo.com\/wp-content\/uploads\/2021\/03\/afd6-768x690.jpg 768w\" sizes=\"auto, (max-width: 1000px) 100vw, 1000px\" \/><\/div><div class=\"swiper-slide\"><img loading=\"lazy\" decoding=\"async\" width=\"1000\" height=\"899\" src=\"https:\/\/ronbarcelo.com\/wp-content\/uploads\/2021\/03\/afd7.jpg\" class=\"attachment-large\" alt=\"\" srcset=\"https:\/\/ronbarcelo.com\/wp-content\/uploads\/2021\/03\/afd7.jpg 1000w, https:\/\/ronbarcelo.com\/wp-content\/uploads\/2021\/03\/afd7-300x270.jpg 300w, https:\/\/ronbarcelo.com\/wp-content\/uploads\/2021\/03\/afd7-768x690.jpg 768w\" sizes=\"auto, (max-width: 1000px) 100vw, 1000px\" \/><\/div><div class=\"swiper-slide\"><img loading=\"lazy\" decoding=\"async\" width=\"1000\" height=\"899\" src=\"https:\/\/ronbarcelo.com\/wp-content\/uploads\/2021\/03\/afd8.jpg\" class=\"attachment-large\" alt=\"\" srcset=\"https:\/\/ronbarcelo.com\/wp-content\/uploads\/2021\/03\/afd8.jpg 1000w, https:\/\/ronbarcelo.com\/wp-content\/uploads\/2021\/03\/afd8-300x270.jpg 300w, https:\/\/ronbarcelo.com\/wp-content\/uploads\/2021\/03\/afd8-768x690.jpg 768w\" sizes=\"auto, (max-width: 1000px) 100vw, 1000px\" \/><\/div>\n\t\t\t<\/div>\n\t\t<\/div>\n\t\t<div id=\"pagination-swiper-756910406\" class=\"swiper-pagination\"><\/div>\n\t\t<div class=\"media-button-container swiper-nav-container\">\n\t\t<div id=\"btn-next-swiper-756910406\" class=\"swiper-nav-next\"><svg id=\"swiper-arrow-right\" viewBox=\"0 0 50 12\" width=\"100%\" height=\"100%\"><path fill-rule=\"evenodd\" d=\"M48.078 6.096H.008v.966h48.07l-4.254 4.255.683.683 5.541-5.538L44.507.924l-.683.683z\"><\/path><\/svg><\/div>\n\t\t<div id=\"btn-prev-swiper-756910406\" class=\"swiper-nav-prev\"><svg id=\"swiper-arrow-left\" viewBox=\"0 0 50 12\" width=\"100%\" height=\"100%\"><path fill-rule=\"evenodd\" d=\"M1.922 5.904h48.07v-.966H1.922L6.176.683 5.493 0-.048 5.538l5.541 5.538.683-.683z\"><\/path><\/svg><\/div>\n\t\t<\/div>\n\t<\/div>\n\t<\/div>[\/vc_column][\/vc_row][vc_row equal_height=\u00a0\u00bbyes\u00a0\u00bb content_placement=\u00a0\u00bbmiddle\u00a0\u00bb css=\u00a0\u00bb.vc_custom_1616954003349{padding-right: 5% !important;padding-left: 5% !important;}\u00a0\u00bb][vc_column]\n\t<div class=\"title-subtitle-box  \" style=\" text-align: center;\">\n\t\t<h4 style=\" font-size:30px; line-height:30px; color:#ffffff;  font-weight: normal;\" class=\"special-title\" >Visitez le site de la Fondation<\/h4>\n\t\t<span class=\"gg-horizontal-line\"><\/span>\n\t\t<div class=\"box-description\"><h4><a href=\"http:\/\/fundacionafdronbarcelo.org\/\" target=\"_blank\" rel=\"noopener\">fundacionafdronbarcelo.org<\/a><\/h4>\n<\/div>\n\t<\/div> [\/vc_column][\/vc_row][vc_row equal_height=\u00a0\u00bbyes\u00a0\u00bb content_placement=\u00a0\u00bbmiddle\u00a0\u00bb css=\u00a0\u00bb.vc_custom_1578650736162{margin-top: 0px !important;}\u00a0\u00bb][vc_column width=\u00a0\u00bb1\/2&Prime; css=\u00a0\u00bb.vc_custom_1616952555825{padding-top: 15% !important;padding-right: 15% !important;padding-bottom: 15% !important;padding-left: 15% !important;background-color: #2c2c2c !important;}\u00a0\u00bb][vc_row_inner css=\u00a0\u00bb.vc_custom_1616952395655{border-top-width: 1px !important;border-right-width: 1px !important;border-bottom-width: 1px !important;border-left-width: 1px !important;padding-top: 5% !important;padding-right: 5% !important;padding-bottom: 5% !important;padding-left: 5% !important;border-left-color: #9d5135 !important;border-left-style: solid !important;border-right-color: #9d5135 !important;border-right-style: solid !important;border-top-color: #9d5135 !important;border-top-style: solid !important;border-bottom-color: #9d5135 !important;border-bottom-style: solid !important;}\u00a0\u00bb][vc_column_inner el_id=\u00a0\u00bbbox-horarios\u00a0\u00bb]\n\t<div class=\"title-subtitle-box  vc_custom_1623597768815\" style=\" text-align: center;\">\n\t\t<h5 style=\" font-size:25px; line-height:25px; font-weight: normal; text-transform: uppercase;\" class=\"special-title\" >Adresse<\/h5>\n\t\t<span class=\"gg-horizontal-line\"><\/span>\n\t\t<div class=\"box-description\"><p>Paraje Casualidado, Batey Consuelito, Municipio Consuelo, San Pedro de Macor\u00eds, R\u00e9publique Dominicaine<\/p>\n<\/div>\n\t<\/div> \n\t<div class=\"title-subtitle-box  vc_custom_1623597797639\" style=\" text-align: center;\">\n\t\t<h5 style=\" font-size:25px; line-height:25px; font-weight: normal; text-transform: uppercase;\" class=\"special-title\" >Contacts<\/h5>\n\t\t<span class=\"gg-horizontal-line\"><\/span>\n\t\t<div class=\"box-description\"><p>T\u00e9l\u00e9phone: +1.809.334.2000<br \/>\nFax: +1.809.221.8883<\/p>\n<\/div>\n\t<\/div> \n\t<div class=\"title-subtitle-box  vc_custom_1619731369369\" style=\" text-align: center;\">\n\t\t<h5 style=\" font-size:25px; line-height:25px; font-weight: normal; text-transform: uppercase;\" class=\"special-title\" >Email<\/h5>\n\t\t<span class=\"gg-horizontal-line\"><\/span>\n\t\t<div class=\"box-description\"><p>info@fundacionafdronbarcelo.org<\/p>\n<\/div>\n\t<\/div> [\/vc_column_inner][\/vc_row_inner][\/vc_column][vc_column width=\u00a0\u00bb1\/2&Prime; add_reveal_effect=\u00a0\u00bbyes\u00a0\u00bb css=\u00a0\u00bb.vc_custom_1617052027762{padding-top: 0px !important;padding-right: 0px !important;padding-bottom: 0px !important;padding-left: 0px !important;background: #2c2c2c url(https:\/\/ronbarcelo.com\/wp-content\/uploads\/2021\/03\/side-img.jpg?id=5012) !important;background-position: center !important;background-repeat: no-repeat !important;background-size: cover !important;}\u00a0\u00bb el_class=\u00a0\u00bbreveal-effect masker wow\u00a0\u00bb][vc_empty_space height=\u00a0\u00bb400px\u00a0\u00bb][\/vc_column][\/vc_row]<\/p>\n","protected":false},"excerpt":{"rendered":"<p>[vc_row equal_height=\u00a0\u00bbyes\u00a0\u00bb content_placement=\u00a0\u00bbmiddle\u00a0\u00bb css=\u00a0\u00bb.vc_custom_1616953978988{padding-right: 5% !important;padding-left: 5% !important;}\u00a0\u00bb][vc_column][vc_single_image image=\u00a0\u00bb4942&Prime; img_size=\u00a0\u00bb300&Prime; alignment=\u00a0\u00bbcenter\u00a0\u00bb el_id=\u00a0\u00bbafd-logo\u00a0\u00bb][\/vc_column][\/vc_row][vc_row el_id=\u00a0\u00bbour-values\u00a0\u00bb][vc_column css=\u00a0\u00bb.vc_custom_1617049100200{background-image: url(https:\/\/ronbarcelo.com\/wp-content\/uploads\/2021\/03\/afd-text-bg.jpg?id=4949) !important;background-position: center !important;background-repeat: no-repeat !important;background-size: cover !important;}\u00a0\u00bb][\/vc_column][\/vc_row][vc_row][vc_column css=\u00a0\u00bb.vc_custom_1616947417578{padding-right: 0px !important;padding-left: 0px !important;}\u00a0\u00bb][\/vc_column][\/vc_row][vc_row equal_height=\u00a0\u00bbyes\u00a0\u00bb content_placement=\u00a0\u00bbmiddle\u00a0\u00bb css=\u00a0\u00bb.vc_custom_1616954003349{padding-right: 5% !important;padding-left: 5% !important;}\u00a0\u00bb][vc_column][\/vc_column][\/vc_row][vc_row equal_height=\u00a0\u00bbyes\u00a0\u00bb content_placement=\u00a0\u00bbmiddle\u00a0\u00bb css=\u00a0\u00bb.vc_custom_1578650736162{margin-top: 0px !important;}\u00a0\u00bb][vc_column width=\u00a0\u00bb1\/2&Prime; css=\u00a0\u00bb.vc_custom_1616952555825{padding-top: 15% !important;padding-right: 15% !important;padding-bottom: 15% !important;padding-left: 15% !important;background-color: #2c2c2c !important;}\u00a0\u00bb][vc_row_inner css=\u00a0\u00bb.vc_custom_1616952395655{border-top-width: 1px !important;border-right-width: 1px<\/p>\n<p class=\"more-link-wrapper\"><a class=\"btn btn-primary\" href=\"https:\/\/ronbarcelo.com\/fr\/la-fondation\/\">Read More<\/a><\/p>\n","protected":false},"author":1,"featured_media":4932,"parent":0,"menu_order":0,"comment_status":"closed","ping_status":"closed","template":"","meta":{"footnotes":""},"class_list":["post-6249","page","type-page","status-publish","has-post-thumbnail","hentry","has_thumb"],"yoast_head":"<!-- This site is optimized with the Yoast SEO plugin v24.9 - https:\/\/yoast.com\/wordpress\/plugins\/seo\/ -->\n<title>La Fondation - Ron Barcel\u00f2<\/title>\n<meta name=\"robots\" content=\"index, follow, max-snippet:-1, max-image-preview:large, max-video-preview:-1\" \/>\n<link rel=\"canonical\" href=\"https:\/\/ronbarcelo.com\/fr\/la-fondation\/\" \/>\n<meta property=\"og:locale\" content=\"fr_FR\" \/>\n<meta property=\"og:type\" content=\"article\" \/>\n<meta property=\"og:title\" content=\"La Fondation - Ron Barcel\u00f2\" \/>\n<meta property=\"og:description\" content=\"[vc_row equal_height=\u00a0\u00bbyes\u00a0\u00bb content_placement=\u00a0\u00bbmiddle\u00a0\u00bb css=\u00a0\u00bb.vc_custom_1616953978988{padding-right: 5% !important;padding-left: 5% !important;}\u00a0\u00bb][vc_column][vc_single_image image=\u00a0\u00bb4942&Prime; img_size=\u00a0\u00bb300&Prime; alignment=\u00a0\u00bbcenter\u00a0\u00bb el_id=\u00a0\u00bbafd-logo\u00a0\u00bb][\/vc_column][\/vc_row][vc_row el_id=\u00a0\u00bbour-values\u00a0\u00bb][vc_column css=\u00a0\u00bb.vc_custom_1617049100200{background-image: url(https:\/\/ronbarcelo.com\/wp-content\/uploads\/2021\/03\/afd-text-bg.jpg?id=4949) !important;background-position: center !important;background-repeat: no-repeat !important;background-size: cover !important;}\u00a0\u00bb][\/vc_column][\/vc_row][vc_row][vc_column css=\u00a0\u00bb.vc_custom_1616947417578{padding-right: 0px !important;padding-left: 0px !important;}\u00a0\u00bb][\/vc_column][\/vc_row][vc_row equal_height=\u00a0\u00bbyes\u00a0\u00bb content_placement=\u00a0\u00bbmiddle\u00a0\u00bb css=\u00a0\u00bb.vc_custom_1616954003349{padding-right: 5% !important;padding-left: 5% !important;}\u00a0\u00bb][vc_column][\/vc_column][\/vc_row][vc_row equal_height=\u00a0\u00bbyes\u00a0\u00bb content_placement=\u00a0\u00bbmiddle\u00a0\u00bb css=\u00a0\u00bb.vc_custom_1578650736162{margin-top: 0px !important;}\u00a0\u00bb][vc_column width=\u00a0\u00bb1\/2&Prime; css=\u00a0\u00bb.vc_custom_1616952555825{padding-top: 15% !important;padding-right: 15% !important;padding-bottom: 15% !important;padding-left: 15% !important;background-color: #2c2c2c !important;}\u00a0\u00bb][vc_row_inner css=\u00a0\u00bb.vc_custom_1616952395655{border-top-width: 1px !important;border-right-width: 1pxRead More\" \/>\n<meta property=\"og:url\" content=\"https:\/\/ronbarcelo.com\/fr\/la-fondation\/\" \/>\n<meta property=\"og:site_name\" content=\"Ron Barcel\u00f2\" \/>\n<meta property=\"article:modified_time\" content=\"2021-06-13T15:24:43+00:00\" \/>\n<meta property=\"og:image\" content=\"https:\/\/ronbarcelo.com\/wp-content\/uploads\/2021\/03\/fundacionAFD_main.jpg\" \/>\n\t<meta property=\"og:image:width\" content=\"1600\" \/>\n\t<meta property=\"og:image:height\" content=\"689\" \/>\n\t<meta property=\"og:image:type\" content=\"image\/jpeg\" \/>\n<meta name=\"twitter:card\" content=\"summary_large_image\" \/>\n<meta name=\"twitter:label1\" content=\"Dur\u00e9e de lecture estim\u00e9e\" \/>\n\t<meta name=\"twitter:data1\" content=\"2 minutes\" \/>\n<script type=\"application\/ld+json\" class=\"yoast-schema-graph\">{\"@context\":\"https:\/\/schema.org\",\"@graph\":[{\"@type\":\"WebPage\",\"@id\":\"https:\/\/ronbarcelo.com\/fr\/la-fondation\/\",\"url\":\"https:\/\/ronbarcelo.com\/fr\/la-fondation\/\",\"name\":\"La Fondation - Ron Barcel\u00f2\",\"isPartOf\":{\"@id\":\"https:\/\/ronbarcelo.com\/fr\/#website\"},\"primaryImageOfPage\":{\"@id\":\"https:\/\/ronbarcelo.com\/fr\/la-fondation\/#primaryimage\"},\"image\":{\"@id\":\"https:\/\/ronbarcelo.com\/fr\/la-fondation\/#primaryimage\"},\"thumbnailUrl\":\"https:\/\/ronbarcelo.com\/wp-content\/uploads\/2021\/03\/fundacionAFD_main.jpg\",\"datePublished\":\"2021-06-13T15:17:51+00:00\",\"dateModified\":\"2021-06-13T15:24:43+00:00\",\"breadcrumb\":{\"@id\":\"https:\/\/ronbarcelo.com\/fr\/la-fondation\/#breadcrumb\"},\"inLanguage\":\"fr-FR\",\"potentialAction\":[{\"@type\":\"ReadAction\",\"target\":[\"https:\/\/ronbarcelo.com\/fr\/la-fondation\/\"]}]},{\"@type\":\"ImageObject\",\"inLanguage\":\"fr-FR\",\"@id\":\"https:\/\/ronbarcelo.com\/fr\/la-fondation\/#primaryimage\",\"url\":\"https:\/\/ronbarcelo.com\/wp-content\/uploads\/2021\/03\/fundacionAFD_main.jpg\",\"contentUrl\":\"https:\/\/ronbarcelo.com\/wp-content\/uploads\/2021\/03\/fundacionAFD_main.jpg\",\"width\":1600,\"height\":689},{\"@type\":\"BreadcrumbList\",\"@id\":\"https:\/\/ronbarcelo.com\/fr\/la-fondation\/#breadcrumb\",\"itemListElement\":[{\"@type\":\"ListItem\",\"position\":1,\"name\":\"Portada\",\"item\":\"https:\/\/ronbarcelo.com\/fr\/\"},{\"@type\":\"ListItem\",\"position\":2,\"name\":\"La Fondation\"}]},{\"@type\":\"WebSite\",\"@id\":\"https:\/\/ronbarcelo.com\/fr\/#website\",\"url\":\"https:\/\/ronbarcelo.com\/fr\/\",\"name\":\"Ron Barcel\u00f3\",\"description\":\"Ron Dominicano\",\"publisher\":{\"@id\":\"https:\/\/ronbarcelo.com\/fr\/#organization\"},\"potentialAction\":[{\"@type\":\"SearchAction\",\"target\":{\"@type\":\"EntryPoint\",\"urlTemplate\":\"https:\/\/ronbarcelo.com\/fr\/?s={search_term_string}\"},\"query-input\":{\"@type\":\"PropertyValueSpecification\",\"valueRequired\":true,\"valueName\":\"search_term_string\"}}],\"inLanguage\":\"fr-FR\"},{\"@type\":\"Organization\",\"@id\":\"https:\/\/ronbarcelo.com\/fr\/#organization\",\"name\":\"Barcel\u00f3 - Ron Dominicano\",\"url\":\"https:\/\/ronbarcelo.com\/fr\/\",\"logo\":{\"@type\":\"ImageObject\",\"inLanguage\":\"fr-FR\",\"@id\":\"https:\/\/ronbarcelo.com\/fr\/#\/schema\/logo\/image\/\",\"url\":\"https:\/\/ronbarcelo.com\/wp-content\/uploads\/2021\/05\/logo-email.png\",\"contentUrl\":\"https:\/\/ronbarcelo.com\/wp-content\/uploads\/2021\/05\/logo-email.png\",\"width\":150,\"height\":109,\"caption\":\"Barcel\u00f3 - Ron Dominicano\"},\"image\":{\"@id\":\"https:\/\/ronbarcelo.com\/fr\/#\/schema\/logo\/image\/\"},\"sameAs\":[\"https:\/\/www.linkedin.com\/company\/ronbarcelo\/\"]}]}<\/script>\n<!-- \/ Yoast SEO plugin. -->","yoast_head_json":{"title":"La Fondation - Ron Barcel\u00f2","robots":{"index":"index","follow":"follow","max-snippet":"max-snippet:-1","max-image-preview":"max-image-preview:large","max-video-preview":"max-video-preview:-1"},"canonical":"https:\/\/ronbarcelo.com\/fr\/la-fondation\/","og_locale":"fr_FR","og_type":"article","og_title":"La Fondation - Ron Barcel\u00f2","og_description":"[vc_row equal_height=\u00a0\u00bbyes\u00a0\u00bb content_placement=\u00a0\u00bbmiddle\u00a0\u00bb css=\u00a0\u00bb.vc_custom_1616953978988{padding-right: 5% !important;padding-left: 5% !important;}\u00a0\u00bb][vc_column][vc_single_image image=\u00a0\u00bb4942&Prime; img_size=\u00a0\u00bb300&Prime; alignment=\u00a0\u00bbcenter\u00a0\u00bb el_id=\u00a0\u00bbafd-logo\u00a0\u00bb][\/vc_column][\/vc_row][vc_row el_id=\u00a0\u00bbour-values\u00a0\u00bb][vc_column css=\u00a0\u00bb.vc_custom_1617049100200{background-image: url(https:\/\/ronbarcelo.com\/wp-content\/uploads\/2021\/03\/afd-text-bg.jpg?id=4949) !important;background-position: center !important;background-repeat: no-repeat !important;background-size: cover !important;}\u00a0\u00bb][\/vc_column][\/vc_row][vc_row][vc_column css=\u00a0\u00bb.vc_custom_1616947417578{padding-right: 0px !important;padding-left: 0px !important;}\u00a0\u00bb][\/vc_column][\/vc_row][vc_row equal_height=\u00a0\u00bbyes\u00a0\u00bb content_placement=\u00a0\u00bbmiddle\u00a0\u00bb css=\u00a0\u00bb.vc_custom_1616954003349{padding-right: 5% !important;padding-left: 5% !important;}\u00a0\u00bb][vc_column][\/vc_column][\/vc_row][vc_row equal_height=\u00a0\u00bbyes\u00a0\u00bb content_placement=\u00a0\u00bbmiddle\u00a0\u00bb css=\u00a0\u00bb.vc_custom_1578650736162{margin-top: 0px !important;}\u00a0\u00bb][vc_column width=\u00a0\u00bb1\/2&Prime; css=\u00a0\u00bb.vc_custom_1616952555825{padding-top: 15% !important;padding-right: 15% !important;padding-bottom: 15% !important;padding-left: 15% !important;background-color: #2c2c2c !important;}\u00a0\u00bb][vc_row_inner css=\u00a0\u00bb.vc_custom_1616952395655{border-top-width: 1px !important;border-right-width: 1pxRead More","og_url":"https:\/\/ronbarcelo.com\/fr\/la-fondation\/","og_site_name":"Ron Barcel\u00f2","article_modified_time":"2021-06-13T15:24:43+00:00","og_image":[{"width":1600,"height":689,"url":"https:\/\/ronbarcelo.com\/wp-content\/uploads\/2021\/03\/fundacionAFD_main.jpg","type":"image\/jpeg"}],"twitter_card":"summary_large_image","twitter_misc":{"Dur\u00e9e de lecture estim\u00e9e":"2 minutes"},"schema":{"@context":"https:\/\/schema.org","@graph":[{"@type":"WebPage","@id":"https:\/\/ronbarcelo.com\/fr\/la-fondation\/","url":"https:\/\/ronbarcelo.com\/fr\/la-fondation\/","name":"La Fondation - Ron Barcel\u00f2","isPartOf":{"@id":"https:\/\/ronbarcelo.com\/fr\/#website"},"primaryImageOfPage":{"@id":"https:\/\/ronbarcelo.com\/fr\/la-fondation\/#primaryimage"},"image":{"@id":"https:\/\/ronbarcelo.com\/fr\/la-fondation\/#primaryimage"},"thumbnailUrl":"https:\/\/ronbarcelo.com\/wp-content\/uploads\/2021\/03\/fundacionAFD_main.jpg","datePublished":"2021-06-13T15:17:51+00:00","dateModified":"2021-06-13T15:24:43+00:00","breadcrumb":{"@id":"https:\/\/ronbarcelo.com\/fr\/la-fondation\/#breadcrumb"},"inLanguage":"fr-FR","potentialAction":[{"@type":"ReadAction","target":["https:\/\/ronbarcelo.com\/fr\/la-fondation\/"]}]},{"@type":"ImageObject","inLanguage":"fr-FR","@id":"https:\/\/ronbarcelo.com\/fr\/la-fondation\/#primaryimage","url":"https:\/\/ronbarcelo.com\/wp-content\/uploads\/2021\/03\/fundacionAFD_main.jpg","contentUrl":"https:\/\/ronbarcelo.com\/wp-content\/uploads\/2021\/03\/fundacionAFD_main.jpg","width":1600,"height":689},{"@type":"BreadcrumbList","@id":"https:\/\/ronbarcelo.com\/fr\/la-fondation\/#breadcrumb","itemListElement":[{"@type":"ListItem","position":1,"name":"Portada","item":"https:\/\/ronbarcelo.com\/fr\/"},{"@type":"ListItem","position":2,"name":"La Fondation"}]},{"@type":"WebSite","@id":"https:\/\/ronbarcelo.com\/fr\/#website","url":"https:\/\/ronbarcelo.com\/fr\/","name":"Ron Barcel\u00f3","description":"Ron Dominicano","publisher":{"@id":"https:\/\/ronbarcelo.com\/fr\/#organization"},"potentialAction":[{"@type":"SearchAction","target":{"@type":"EntryPoint","urlTemplate":"https:\/\/ronbarcelo.com\/fr\/?s={search_term_string}"},"query-input":{"@type":"PropertyValueSpecification","valueRequired":true,"valueName":"search_term_string"}}],"inLanguage":"fr-FR"},{"@type":"Organization","@id":"https:\/\/ronbarcelo.com\/fr\/#organization","name":"Barcel\u00f3 - Ron Dominicano","url":"https:\/\/ronbarcelo.com\/fr\/","logo":{"@type":"ImageObject","inLanguage":"fr-FR","@id":"https:\/\/ronbarcelo.com\/fr\/#\/schema\/logo\/image\/","url":"https:\/\/ronbarcelo.com\/wp-content\/uploads\/2021\/05\/logo-email.png","contentUrl":"https:\/\/ronbarcelo.com\/wp-content\/uploads\/2021\/05\/logo-email.png","width":150,"height":109,"caption":"Barcel\u00f3 - Ron Dominicano"},"image":{"@id":"https:\/\/ronbarcelo.com\/fr\/#\/schema\/logo\/image\/"},"sameAs":["https:\/\/www.linkedin.com\/company\/ronbarcelo\/"]}]}},"_links":{"self":[{"href":"https:\/\/ronbarcelo.com\/fr\/wp-json\/wp\/v2\/pages\/6249","targetHints":{"allow":["GET"]}}],"collection":[{"href":"https:\/\/ronbarcelo.com\/fr\/wp-json\/wp\/v2\/pages"}],"about":[{"href":"https:\/\/ronbarcelo.com\/fr\/wp-json\/wp\/v2\/types\/page"}],"author":[{"embeddable":true,"href":"https:\/\/ronbarcelo.com\/fr\/wp-json\/wp\/v2\/users\/1"}],"replies":[{"embeddable":true,"href":"https:\/\/ronbarcelo.com\/fr\/wp-json\/wp\/v2\/comments?post=6249"}],"version-history":[{"count":7,"href":"https:\/\/ronbarcelo.com\/fr\/wp-json\/wp\/v2\/pages\/6249\/revisions"}],"predecessor-version":[{"id":6256,"href":"https:\/\/ronbarcelo.com\/fr\/wp-json\/wp\/v2\/pages\/6249\/revisions\/6256"}],"wp:featuredmedia":[{"embeddable":true,"href":"https:\/\/ronbarcelo.com\/fr\/wp-json\/wp\/v2\/media\/4932"}],"wp:attachment":[{"href":"https:\/\/ronbarcelo.com\/fr\/wp-json\/wp\/v2\/media?parent=6249"}],"curies":[{"name":"wp","href":"https:\/\/api.w.org\/{rel}","templated":true}]}}