{"id":6327,"date":"2021-06-13T18:55:57","date_gmt":"2021-06-13T16:55:57","guid":{"rendered":"https:\/\/ronbarcelo.com\/?page_id=6327"},"modified":"2021-06-14T13:22:32","modified_gmt":"2021-06-14T11:22:32","slug":"certifications","status":"publish","type":"page","link":"https:\/\/ronbarcelo.com\/fr\/notre-societe\/certifications\/","title":{"rendered":"Certifications"},"content":{"rendered":"<p>[vc_row][vc_column][vc_column_text]    <div class=\"gg-shop-style_1 certification-list\">\n        <ul class=\"products columns-3\">\n                            <li class=\"has_thumb product type-product post-12068 status-publish product_cat-white has-post-thumbnail\">\n    <div class=\"product-image-wrap\">\n        <img loading=\"lazy\" decoding=\"async\" width=\"281\" height=\"180\" src=\"https:\/\/ronbarcelo.com\/wp-content\/uploads\/2025\/04\/Cert-B-Corp-EN-TAG.png\" class=\"attachment-medium size-medium wp-post-image\" alt=\"\" srcset=\"https:\/\/ronbarcelo.com\/wp-content\/uploads\/2025\/04\/Cert-B-Corp-EN-TAG.png 281w, https:\/\/ronbarcelo.com\/wp-content\/uploads\/2025\/04\/Cert-B-Corp-EN-TAG-94x60.png 94w, https:\/\/ronbarcelo.com\/wp-content\/uploads\/2025\/04\/Cert-B-Corp-EN-TAG-141x90.png 141w\" sizes=\"auto, (max-width: 281px) 100vw, 281px\" \/>    <\/div>\n    <div class=\"product-meta-wrap\">\n        <div class=\"product-meta-wrap-inner\">\n            <h2 class=\"woocommerce-loop-product__title\">\n                B - Corp            <\/h2>\n            <hr\/>\n            <span class=\"cert-description\"><p>Ron Barcel\u00f3 fait partie de la communaut\u00e9 des Entreprises B Certifi\u00e9es pour ses normes \u00e9lev\u00e9es v\u00e9rifi\u00e9es en mati\u00e8re de performance sociale, environnementale, de responsabilit\u00e9 et de transparence.<\/p>\n<\/span>\n\n<!--        <hr \/>\n            <span class=\"related-description\"><\/span>-->\n        <\/div>\n    <\/div>\n<\/li>                            <li class=\"has_thumb product type-product post-6321 status-publish product_cat-white has-post-thumbnail\">\n    <div class=\"product-image-wrap\">\n        <img loading=\"lazy\" decoding=\"async\" width=\"280\" height=\"180\" src=\"https:\/\/ronbarcelo.com\/wp-content\/uploads\/2021\/04\/climateneutral_or.png\" class=\"attachment-medium size-medium wp-post-image\" alt=\"\" \/>    <\/div>\n    <div class=\"product-meta-wrap\">\n        <div class=\"product-meta-wrap-inner\">\n            <h2 class=\"woocommerce-loop-product__title\">\n                Climate Neutral            <\/h2>\n            <hr\/>\n            <span class=\"cert-description\"><p>Ron Barcel\u00f3 participe \u00e0 l&rsquo;initiative des Nations Unies \u00abClimate Neutral Now\u00bb, repr\u00e9sentant le premier distillat et rhum au monde \u00e0 faire partie de ce programme. Cette initiative lanc\u00e9e par l&rsquo;ONU soutient la mise en \u0153uvre de mesures climatiques visant \u00e0 limiter l&rsquo;augmentation de la temp\u00e9rature \u00e0 moins de 1,5\u00b0 C et \u00e0 atteindre la neutralit\u00e9 carbone mondiale d&rsquo;ici le milieu du si\u00e8cle, comme il est pr\u00e9vu dans l&rsquo;Accord de Paris.<\/p>\n<\/span>\n\n<!--        <hr \/>\n            <span class=\"related-description\"><\/span>-->\n        <\/div>\n    <\/div>\n<\/li>                            <li class=\"has_thumb product type-product post-6319 status-publish product_cat-white has-post-thumbnail\">\n    <div class=\"product-image-wrap\">\n        <img loading=\"lazy\" decoding=\"async\" width=\"280\" height=\"180\" src=\"https:\/\/ronbarcelo.com\/wp-content\/uploads\/2021\/04\/carribeanrum_or.png\" class=\"attachment-medium size-medium wp-post-image\" alt=\"\" \/>    <\/div>\n    <div class=\"product-meta-wrap\">\n        <div class=\"product-meta-wrap-inner\">\n            <h2 class=\"woocommerce-loop-product__title\">\n                Authentic Caribbean Rum            <\/h2>\n            <hr\/>\n            <span class=\"cert-description\"><p>La marque \u00abAut\u00e9ntico Ron Caribe\u00f1o\u00bb (ACR Marque) est une marque d\u00e9pos\u00e9e appartenant \u00e0 la West Indies Rum &amp; Spirits Producers\u2019 Association, Inc (WIRSPA) cr\u00e9\u00e9e pour promouvoir les producteurs de rhum dans les pays ACP des Cara\u00efbes. Ron Barcel\u00f3 b\u00e9n\u00e9ficie du sceau \u00abAuthentic Caribbean Rum\u00bb, qui garantit la production de rhums d&rsquo;une qualit\u00e9 exceptionnelle.<\/p>\n<\/span>\n\n<!--        <hr \/>\n            <span class=\"related-description\"><\/span>-->\n        <\/div>\n    <\/div>\n<\/li>                            <li class=\"has_thumb product type-product post-6317 status-publish product_cat-white has-post-thumbnail\">\n    <div class=\"product-image-wrap\">\n        <img loading=\"lazy\" decoding=\"async\" width=\"280\" height=\"180\" src=\"https:\/\/ronbarcelo.com\/wp-content\/uploads\/2021\/04\/ISO14067_or.png\" class=\"attachment-medium size-medium wp-post-image\" alt=\"\" \/>    <\/div>\n    <div class=\"product-meta-wrap\">\n        <div class=\"product-meta-wrap-inner\">\n            <h2 class=\"woocommerce-loop-product__title\">\n                ISO 14067            <\/h2>\n            <hr\/>\n            <span class=\"cert-description\"><p>La Norme ISO 14067 est ax\u00e9e sur la d\u00e9termination de la quantit\u00e9 de gaz \u00e0 effet de serre g\u00e9n\u00e9r\u00e9e par la fabrication d&rsquo;un produit, d&rsquo;un service ou un \u00e9v\u00e9nement, ainsi que sur la g\u00e9n\u00e9ration d&rsquo;un plan de r\u00e9duction pour tenter de les r\u00e9duire.<\/p>\n<\/span>\n\n<!--        <hr \/>\n            <span class=\"related-description\"><\/span>-->\n        <\/div>\n    <\/div>\n<\/li>                            <li class=\"has_thumb product type-product post-6315 status-publish product_cat-white has-post-thumbnail\">\n    <div class=\"product-image-wrap\">\n        <img loading=\"lazy\" decoding=\"async\" width=\"280\" height=\"180\" src=\"https:\/\/ronbarcelo.com\/wp-content\/uploads\/2021\/04\/iso14064_or.png\" class=\"attachment-medium size-medium wp-post-image\" alt=\"\" \/>    <\/div>\n    <div class=\"product-meta-wrap\">\n        <div class=\"product-meta-wrap-inner\">\n            <h2 class=\"woocommerce-loop-product__title\">\n                ISO 14064            <\/h2>\n            <hr\/>\n            <span class=\"cert-description\"><p>La Norme ISO 14064-1 d\u00e9crit en d\u00e9tail les principes et les exigences pour la conception, le d\u00e9veloppement, la gestion et le reporting des inventaires portant sur les \u00e9missions de gaz \u00e0 effet de serre au niveau de l&rsquo;organisation. Elle implique des exigences pour d\u00e9terminer les limites d&rsquo;\u00e9mission et d&rsquo;\u00e9limination de gaz \u00e0 effet de serre, quantifier les \u00e9missions et les \u00e9liminations de gaz \u00e0 effet de serre d&rsquo;une organisation et identifier les actions ou activit\u00e9s sp\u00e9cifiques de la soci\u00e9t\u00e9 visant \u00e0 am\u00e9liorer la gestion des gaz \u00e0 effet de serre.<\/p>\n<\/span>\n\n<!--        <hr \/>\n            <span class=\"related-description\"><\/span>-->\n        <\/div>\n    <\/div>\n<\/li>                            <li class=\"has_thumb product type-product post-6313 status-publish product_cat-white has-post-thumbnail\">\n    <div class=\"product-image-wrap\">\n        <img loading=\"lazy\" decoding=\"async\" width=\"280\" height=\"180\" src=\"https:\/\/ronbarcelo.com\/wp-content\/uploads\/2021\/04\/bc_or.png\" class=\"attachment-medium size-medium wp-post-image\" alt=\"\" \/>    <\/div>\n    <div class=\"product-meta-wrap\">\n        <div class=\"product-meta-wrap-inner\">\n            <h2 class=\"woocommerce-loop-product__title\">\n                Bilan Carbone            <\/h2>\n            <hr\/>\n            <span class=\"cert-description\"><p>La m\u00e9thode <strong>Bilan Carbone<sup>\u00ae<\/sup><\/strong>, mise au point par l\u2019Agence de l&rsquo;Environnement et de la Ma\u00eetrise de l&rsquo;\u00c9nergie en France (<strong>ADEME<\/strong>), est un <strong>outil<\/strong> m\u00e9thodologique qui permet d&rsquo;<strong>estimer<\/strong> les <strong>\u00e9missions<\/strong> de gaz \u00e0 effet de serre g\u00e9n\u00e9r\u00e9es par les activit\u00e9s de production de biens ou de services sur la base d&rsquo;un principe de calcul transparent et ouvert. La m\u00e9thode est bas\u00e9e sur la <strong>Norme ISO14064-1<\/strong> et sur les principes g\u00e9n\u00e9raux du <strong>GHG Protocol<\/strong>.<br \/>\nL&rsquo;utilisation officielle de cet outil est soumise \u00e0 l&rsquo;obtention d&rsquo;une licence annuelle g\u00e9r\u00e9e par l\u2019<strong>Association Bilan Carbone (ABC)<\/strong> en France.<\/p>\n<\/span>\n\n<!--        <hr \/>\n            <span class=\"related-description\"><\/span>-->\n        <\/div>\n    <\/div>\n<\/li>                    <\/ul>\n    <\/div>\n[\/vc_column_text][\/vc_column][\/vc_row][vc_row][vc_column]\n\t<div class=\"gg-special-button-wrapper  special-button-align-center special-button-style-btn-primary\"><a class=\"btn btn-primary\" href=\"https:\/\/ronbarcelo.com\/fr\/durabilite\/\" title=\"Durabilit\u00e9\" target=\"_self\">Durabilit\u00e9<\/a><\/div>[\/vc_column][\/vc_row]<\/p>\n","protected":false},"excerpt":{"rendered":"<p>[vc_row][vc_column][vc_column_text][\/vc_column_text][\/vc_column][\/vc_row][vc_row][vc_column][\/vc_column][\/vc_row]<\/p>\n","protected":false},"author":1,"featured_media":5431,"parent":6372,"menu_order":0,"comment_status":"closed","ping_status":"closed","template":"","meta":{"footnotes":""},"class_list":["post-6327","page","type-page","status-publish","has-post-thumbnail","hentry","has_thumb"],"yoast_head":"<!-- This site is optimized with the Yoast SEO plugin v24.9 - https:\/\/yoast.com\/wordpress\/plugins\/seo\/ -->\n<title>Certifications - Ron Barcel\u00f2<\/title>\n<meta name=\"robots\" content=\"index, follow, max-snippet:-1, max-image-preview:large, max-video-preview:-1\" \/>\n<link rel=\"canonical\" href=\"https:\/\/ronbarcelo.com\/fr\/notre-societe\/certifications\/\" \/>\n<meta property=\"og:locale\" content=\"fr_FR\" \/>\n<meta property=\"og:type\" content=\"article\" \/>\n<meta property=\"og:title\" content=\"Certifications - Ron Barcel\u00f2\" \/>\n<meta property=\"og:description\" content=\"[vc_row][vc_column][vc_column_text][\/vc_column_text][\/vc_column][\/vc_row][vc_row][vc_column][\/vc_column][\/vc_row]\" \/>\n<meta property=\"og:url\" content=\"https:\/\/ronbarcelo.com\/fr\/notre-societe\/certifications\/\" \/>\n<meta property=\"og:site_name\" content=\"Ron Barcel\u00f2\" \/>\n<meta property=\"article:modified_time\" content=\"2021-06-14T11:22:32+00:00\" \/>\n<meta property=\"og:image\" content=\"https:\/\/ronbarcelo.com\/wp-content\/uploads\/2021\/04\/certificaciones-main.jpg\" \/>\n\t<meta property=\"og:image:width\" content=\"1600\" \/>\n\t<meta property=\"og:image:height\" content=\"740\" \/>\n\t<meta property=\"og:image:type\" content=\"image\/jpeg\" \/>\n<meta name=\"twitter:card\" content=\"summary_large_image\" \/>\n<meta name=\"twitter:label1\" content=\"Dur\u00e9e de lecture estim\u00e9e\" \/>\n\t<meta name=\"twitter:data1\" content=\"1 minute\" \/>\n<script type=\"application\/ld+json\" class=\"yoast-schema-graph\">{\"@context\":\"https:\/\/schema.org\",\"@graph\":[{\"@type\":\"WebPage\",\"@id\":\"https:\/\/ronbarcelo.com\/fr\/notre-societe\/certifications\/\",\"url\":\"https:\/\/ronbarcelo.com\/fr\/notre-societe\/certifications\/\",\"name\":\"Certifications - Ron Barcel\u00f2\",\"isPartOf\":{\"@id\":\"https:\/\/ronbarcelo.com\/fr\/#website\"},\"primaryImageOfPage\":{\"@id\":\"https:\/\/ronbarcelo.com\/fr\/notre-societe\/certifications\/#primaryimage\"},\"image\":{\"@id\":\"https:\/\/ronbarcelo.com\/fr\/notre-societe\/certifications\/#primaryimage\"},\"thumbnailUrl\":\"https:\/\/ronbarcelo.com\/wp-content\/uploads\/2021\/04\/certificaciones-main.jpg\",\"datePublished\":\"2021-06-13T16:55:57+00:00\",\"dateModified\":\"2021-06-14T11:22:32+00:00\",\"breadcrumb\":{\"@id\":\"https:\/\/ronbarcelo.com\/fr\/notre-societe\/certifications\/#breadcrumb\"},\"inLanguage\":\"fr-FR\",\"potentialAction\":[{\"@type\":\"ReadAction\",\"target\":[\"https:\/\/ronbarcelo.com\/fr\/notre-societe\/certifications\/\"]}]},{\"@type\":\"ImageObject\",\"inLanguage\":\"fr-FR\",\"@id\":\"https:\/\/ronbarcelo.com\/fr\/notre-societe\/certifications\/#primaryimage\",\"url\":\"https:\/\/ronbarcelo.com\/wp-content\/uploads\/2021\/04\/certificaciones-main.jpg\",\"contentUrl\":\"https:\/\/ronbarcelo.com\/wp-content\/uploads\/2021\/04\/certificaciones-main.jpg\",\"width\":1600,\"height\":740},{\"@type\":\"BreadcrumbList\",\"@id\":\"https:\/\/ronbarcelo.com\/fr\/notre-societe\/certifications\/#breadcrumb\",\"itemListElement\":[{\"@type\":\"ListItem\",\"position\":1,\"name\":\"Portada\",\"item\":\"https:\/\/ronbarcelo.com\/fr\/\"},{\"@type\":\"ListItem\",\"position\":2,\"name\":\"Notre Soci\u00e9t\u00e9\",\"item\":\"https:\/\/ronbarcelo.com\/fr\/notre-societe\/\"},{\"@type\":\"ListItem\",\"position\":3,\"name\":\"Certifications\"}]},{\"@type\":\"WebSite\",\"@id\":\"https:\/\/ronbarcelo.com\/fr\/#website\",\"url\":\"https:\/\/ronbarcelo.com\/fr\/\",\"name\":\"Ron Barcel\u00f3\",\"description\":\"Ron Dominicano\",\"publisher\":{\"@id\":\"https:\/\/ronbarcelo.com\/fr\/#organization\"},\"potentialAction\":[{\"@type\":\"SearchAction\",\"target\":{\"@type\":\"EntryPoint\",\"urlTemplate\":\"https:\/\/ronbarcelo.com\/fr\/?s={search_term_string}\"},\"query-input\":{\"@type\":\"PropertyValueSpecification\",\"valueRequired\":true,\"valueName\":\"search_term_string\"}}],\"inLanguage\":\"fr-FR\"},{\"@type\":\"Organization\",\"@id\":\"https:\/\/ronbarcelo.com\/fr\/#organization\",\"name\":\"Barcel\u00f3 - Ron Dominicano\",\"url\":\"https:\/\/ronbarcelo.com\/fr\/\",\"logo\":{\"@type\":\"ImageObject\",\"inLanguage\":\"fr-FR\",\"@id\":\"https:\/\/ronbarcelo.com\/fr\/#\/schema\/logo\/image\/\",\"url\":\"https:\/\/ronbarcelo.com\/wp-content\/uploads\/2021\/05\/logo-email.png\",\"contentUrl\":\"https:\/\/ronbarcelo.com\/wp-content\/uploads\/2021\/05\/logo-email.png\",\"width\":150,\"height\":109,\"caption\":\"Barcel\u00f3 - Ron Dominicano\"},\"image\":{\"@id\":\"https:\/\/ronbarcelo.com\/fr\/#\/schema\/logo\/image\/\"},\"sameAs\":[\"https:\/\/www.linkedin.com\/company\/ronbarcelo\/\"]}]}<\/script>\n<!-- \/ Yoast SEO plugin. -->","yoast_head_json":{"title":"Certifications - Ron Barcel\u00f2","robots":{"index":"index","follow":"follow","max-snippet":"max-snippet:-1","max-image-preview":"max-image-preview:large","max-video-preview":"max-video-preview:-1"},"canonical":"https:\/\/ronbarcelo.com\/fr\/notre-societe\/certifications\/","og_locale":"fr_FR","og_type":"article","og_title":"Certifications - Ron Barcel\u00f2","og_description":"[vc_row][vc_column][vc_column_text][\/vc_column_text][\/vc_column][\/vc_row][vc_row][vc_column][\/vc_column][\/vc_row]","og_url":"https:\/\/ronbarcelo.com\/fr\/notre-societe\/certifications\/","og_site_name":"Ron Barcel\u00f2","article_modified_time":"2021-06-14T11:22:32+00:00","og_image":[{"width":1600,"height":740,"url":"https:\/\/ronbarcelo.com\/wp-content\/uploads\/2021\/04\/certificaciones-main.jpg","type":"image\/jpeg"}],"twitter_card":"summary_large_image","twitter_misc":{"Dur\u00e9e de lecture estim\u00e9e":"1 minute"},"schema":{"@context":"https:\/\/schema.org","@graph":[{"@type":"WebPage","@id":"https:\/\/ronbarcelo.com\/fr\/notre-societe\/certifications\/","url":"https:\/\/ronbarcelo.com\/fr\/notre-societe\/certifications\/","name":"Certifications - Ron Barcel\u00f2","isPartOf":{"@id":"https:\/\/ronbarcelo.com\/fr\/#website"},"primaryImageOfPage":{"@id":"https:\/\/ronbarcelo.com\/fr\/notre-societe\/certifications\/#primaryimage"},"image":{"@id":"https:\/\/ronbarcelo.com\/fr\/notre-societe\/certifications\/#primaryimage"},"thumbnailUrl":"https:\/\/ronbarcelo.com\/wp-content\/uploads\/2021\/04\/certificaciones-main.jpg","datePublished":"2021-06-13T16:55:57+00:00","dateModified":"2021-06-14T11:22:32+00:00","breadcrumb":{"@id":"https:\/\/ronbarcelo.com\/fr\/notre-societe\/certifications\/#breadcrumb"},"inLanguage":"fr-FR","potentialAction":[{"@type":"ReadAction","target":["https:\/\/ronbarcelo.com\/fr\/notre-societe\/certifications\/"]}]},{"@type":"ImageObject","inLanguage":"fr-FR","@id":"https:\/\/ronbarcelo.com\/fr\/notre-societe\/certifications\/#primaryimage","url":"https:\/\/ronbarcelo.com\/wp-content\/uploads\/2021\/04\/certificaciones-main.jpg","contentUrl":"https:\/\/ronbarcelo.com\/wp-content\/uploads\/2021\/04\/certificaciones-main.jpg","width":1600,"height":740},{"@type":"BreadcrumbList","@id":"https:\/\/ronbarcelo.com\/fr\/notre-societe\/certifications\/#breadcrumb","itemListElement":[{"@type":"ListItem","position":1,"name":"Portada","item":"https:\/\/ronbarcelo.com\/fr\/"},{"@type":"ListItem","position":2,"name":"Notre Soci\u00e9t\u00e9","item":"https:\/\/ronbarcelo.com\/fr\/notre-societe\/"},{"@type":"ListItem","position":3,"name":"Certifications"}]},{"@type":"WebSite","@id":"https:\/\/ronbarcelo.com\/fr\/#website","url":"https:\/\/ronbarcelo.com\/fr\/","name":"Ron Barcel\u00f3","description":"Ron Dominicano","publisher":{"@id":"https:\/\/ronbarcelo.com\/fr\/#organization"},"potentialAction":[{"@type":"SearchAction","target":{"@type":"EntryPoint","urlTemplate":"https:\/\/ronbarcelo.com\/fr\/?s={search_term_string}"},"query-input":{"@type":"PropertyValueSpecification","valueRequired":true,"valueName":"search_term_string"}}],"inLanguage":"fr-FR"},{"@type":"Organization","@id":"https:\/\/ronbarcelo.com\/fr\/#organization","name":"Barcel\u00f3 - Ron Dominicano","url":"https:\/\/ronbarcelo.com\/fr\/","logo":{"@type":"ImageObject","inLanguage":"fr-FR","@id":"https:\/\/ronbarcelo.com\/fr\/#\/schema\/logo\/image\/","url":"https:\/\/ronbarcelo.com\/wp-content\/uploads\/2021\/05\/logo-email.png","contentUrl":"https:\/\/ronbarcelo.com\/wp-content\/uploads\/2021\/05\/logo-email.png","width":150,"height":109,"caption":"Barcel\u00f3 - Ron Dominicano"},"image":{"@id":"https:\/\/ronbarcelo.com\/fr\/#\/schema\/logo\/image\/"},"sameAs":["https:\/\/www.linkedin.com\/company\/ronbarcelo\/"]}]}},"_links":{"self":[{"href":"https:\/\/ronbarcelo.com\/fr\/wp-json\/wp\/v2\/pages\/6327","targetHints":{"allow":["GET"]}}],"collection":[{"href":"https:\/\/ronbarcelo.com\/fr\/wp-json\/wp\/v2\/pages"}],"about":[{"href":"https:\/\/ronbarcelo.com\/fr\/wp-json\/wp\/v2\/types\/page"}],"author":[{"embeddable":true,"href":"https:\/\/ronbarcelo.com\/fr\/wp-json\/wp\/v2\/users\/1"}],"replies":[{"embeddable":true,"href":"https:\/\/ronbarcelo.com\/fr\/wp-json\/wp\/v2\/comments?post=6327"}],"version-history":[{"count":4,"href":"https:\/\/ronbarcelo.com\/fr\/wp-json\/wp\/v2\/pages\/6327\/revisions"}],"predecessor-version":[{"id":6470,"href":"https:\/\/ronbarcelo.com\/fr\/wp-json\/wp\/v2\/pages\/6327\/revisions\/6470"}],"up":[{"embeddable":true,"href":"https:\/\/ronbarcelo.com\/fr\/wp-json\/wp\/v2\/pages\/6372"}],"wp:featuredmedia":[{"embeddable":true,"href":"https:\/\/ronbarcelo.com\/fr\/wp-json\/wp\/v2\/media\/5431"}],"wp:attachment":[{"href":"https:\/\/ronbarcelo.com\/fr\/wp-json\/wp\/v2\/media?parent=6327"}],"curies":[{"name":"wp","href":"https:\/\/api.w.org\/{rel}","templated":true}]}}