{"id":6343,"date":"2021-06-13T19:09:57","date_gmt":"2021-06-13T17:09:57","guid":{"rendered":"https:\/\/ronbarcelo.com\/?page_id=6343"},"modified":"2025-11-28T17:22:30","modified_gmt":"2025-11-28T21:22:30","slug":"tours","status":"publish","type":"page","link":"https:\/\/ronbarcelo.com\/fr\/tours\/","title":{"rendered":"Rhum Tours"},"content":{"rendered":"<p>[vc_row][vc_column width=\u00a0\u00bb1\/4&Prime;][\/vc_column][vc_column width=\u00a0\u00bb1\/2&Prime;]\n\t<div class=\"title-subtitle-box  vc_custom_1623604192738\" style=\" text-align: center;\">\n\t\t<h1 style=\" font-weight: normal;\" class=\"special-title\" >\n\t\t<span class=\"toptitle\" style=\"\">TOURS &amp; R\u00c9SERVATIONS<\/span>Barcel\u00f2 Experience<\/h1>\n\t\t<div class=\"box-description\"><p>Plongez-vous dans le riche ar\u00f4me de nos r\u00e9serves les plus vieillies et d\u00e9couvrez les proc\u00e9d\u00e9s et l&#8217;emplacement de nos barriques.<\/p>\n<\/div>\n\t<\/div> [\/vc_column][vc_column width=\u00a0\u00bb1\/4&Prime;][\/vc_column][\/vc_row][vc_row equal_height=\u00a0\u00bbyes\u00a0\u00bb css=\u00a0\u00bb.vc_custom_1621014517044{padding-right: 0px !important;padding-left: 0px !important;}\u00a0\u00bb][vc_column width=\u00a0\u00bb1\/2&Prime; add_reveal_effect=\u00a0\u00bbyes\u00a0\u00bb]\n\t<div class=\"gg-clubbox \" style=\"text-align:left;\">\n\t\t<div class=\"club-image\"> <img decoding=\"async\" class=\"wp-post-image\" src=\" https:\/\/ronbarcelo.com\/wp-content\/uploads\/2023\/06\/Fondo-Ticket-Tour-BAN-PLUS.jpg \" alt=\"\" \/> <\/div>\n\t\t<div class=\"gg-clubbox-content gg-left\">\n\t\t<span class=\"club-top-title\" >Tour<\/span>\n\t\t<h3 class=\"club-title\" >A\u00f1ejo Experience<\/h3>\n\t\t<div class=\"club-description\" ><p>Un tour interactif qui vous permettra d\u2019apprendre comment nous fabriquons notre rhum et en apprendre un peu plus sur notre histoire tout en d\u00e9gustant un cocktail maison. Terminez la visite dans notre bar en d\u00e9gustant nos rhums A\u00f1ejo, Gran A\u00f1ejo et Gran A\u00f1ejo Dark. Et n&rsquo;oubliez pas surtout de passer \u00e0 notre boutique de cadeaux !<\/p>\n<p>Dur\u00e9e : 1h15.<br \/>\nCapacit\u00e9 : maximum 30 personnes par visite.<\/p>\n<\/div>\n\t\t<p class=\"club-price\" >Prix: 20 USD\/personne <span class=\"club-price-affix\" >Enfants de moins de 17 ans Gratuit<\/span><\/p>\n\t<div class=\"clearfix\"><\/div><a class=\"club-link button btn-primary\" href=\"\/fr\/prodotto\/anejo-experience\/\" title=\"R\u00e9servez maintenant\" target=\"_self\">R\u00e9servez maintenant<\/a>\n\t<\/div>\n\t<\/div>[\/vc_column][vc_column width=\u00a0\u00bb1\/2&Prime; add_reveal_effect=\u00a0\u00bbyes\u00a0\u00bb]\n\t<div class=\"gg-clubbox \" style=\"text-align:left;\">\n\t\t<div class=\"club-image\"> <img decoding=\"async\" class=\"wp-post-image\" src=\" https:\/\/ronbarcelo.com\/wp-content\/uploads\/2021\/06\/Fondo-Ticket-Tour-Imperial.jpg \" alt=\"Fondo-Ticket-Tour-Imperial\" \/> <\/div>\n\t\t<div class=\"gg-clubbox-content gg-left\">\n\t\t<span class=\"club-top-title\" >Tour<\/span>\n\t\t<h3 class=\"club-title\" >Imperial Experience<\/h3>\n\t\t<div class=\"club-description\" ><p>Vivez toute l&rsquo;exp\u00e9rience du Tour Anejo Experience en ajoutant une d\u00e9gustation priv\u00e9e dans l&rsquo;une de nos caves pour savourer nos rhums les plus prim\u00e9s : Imperial, Imperial Onyx et Premium Blend.<\/p>\n<p>Dur\u00e9e : 1h45.<br \/>\nCapacit\u00e9 : maximum 10 personnes par visite.<\/p>\n<\/div>\n\t\t<p class=\"club-price\" >Prix: 40 USD\/personne <span class=\"club-price-affix\" >Enfants de moins de 17 ans Gratuit<\/span><\/p>\n\t<div class=\"clearfix\"><\/div><a class=\"club-link button btn-primary\" href=\"\/fr\/prodotto\/imperial-experience\/\" title=\"R\u00e9servez maintenant\" target=\"_self\">R\u00e9servez maintenant<\/a>\n\t<\/div>\n\t<\/div>[\/vc_column][\/vc_row][vc_row equal_height=\u00a0\u00bbyes\u00a0\u00bb css=\u00a0\u00bb.vc_custom_1621014517044{padding-right: 0px !important;padding-left: 0px !important;}\u00a0\u00bb][vc_column width=\u00a0\u00bb1\/2&Prime; add_reveal_effect=\u00a0\u00bbyes\u00a0\u00bb]\n\t<div class=\"gg-clubbox \" style=\"text-align:left;\">\n\t\t<div class=\"club-image\"> <img decoding=\"async\" class=\"wp-post-image\" src=\" https:\/\/ronbarcelo.com\/wp-content\/uploads\/2023\/06\/Fondo-Ticket-Tour-BAN-PLUS.png \" alt=\"\" \/> <\/div>\n\t\t<div class=\"gg-clubbox-content gg-left\">\n\t\t<span class=\"club-top-title\" >Tour<\/span>\n\t\t<h3 class=\"club-title\" >A\u00f1ejo PLUS Experience<\/h3>\n\t\t<div class=\"club-description\" ><p>Vivez le tour complet de l&rsquo;exp\u00e9rience A\u00f1ejo, avec l&rsquo;ajout de nos rhums haut de gamme Imperial et Imperial Onyx \u00e0 votre d\u00e9gustation.<\/p>\n<p>Dur\u00e9e : 1h15.<br \/>\nCapacit\u00e9 : maximum 30 personnes par visite.<\/p>\n<\/div>\n\t\t<p class=\"club-price\" >Prix: 30 USD\/personne <span class=\"club-price-affix\" >Enfants de moins de 17 ans Gratuit<\/span><\/p>\n\t<div class=\"clearfix\"><\/div><a class=\"club-link button btn-primary\" href=\"\/fr\/prodotto\/anejo-plus-experience\/\" title=\"R\u00e9servez maintenant\" target=\"_self\">R\u00e9servez maintenant<\/a>\n\t<\/div>\n\t<\/div>[\/vc_column][vc_column width=\u00a0\u00bb1\/2&Prime; add_reveal_effect=\u00a0\u00bbyes\u00a0\u00bb]\n\t<div class=\"gg-clubbox \" style=\"text-align:left;\">\n\t\t<div class=\"club-image\"> <img decoding=\"async\" class=\"wp-post-image\" src=\" https:\/\/ronbarcelo.com\/wp-content\/uploads\/2023\/06\/Fondo-Ticket-Tour-Bartender.jpg \" alt=\"\" \/> <\/div>\n\t\t<div class=\"gg-clubbox-content gg-left\">\n\t\t<span class=\"club-top-title\" >Tour<\/span>\n\t\t<h3 class=\"club-title\" >Bartender Experience<\/h3>\n\t\t<div class=\"club-description\" ><p>Vivez toute l&rsquo;exp\u00e9rience du Tour A\u00f1ejo Experience en ajoutant une d\u00e9gustation priv\u00e9e dans l&rsquo;une de nos caves pour savourer nos rhums les plus prim\u00e9s : Imperial, Imperial Onyx et Premium Blend.<\/p>\n<blockquote><p>\n<em>*Vous devez choisir au moins une des exp\u00e9riences ci-dessus<\/em>\n<\/p><\/blockquote>\n<p>Dur\u00e9e : 30.<br \/>\nCapacit\u00e9 : maximum 6 personnes par visite.<\/p>\n<\/div>\n\t\t<p class=\"club-price\" >Prix: 15 USD\/personne <span class=\"club-price-affix\" >Uniquement les adultes<\/span><\/p>\n\t<div class=\"clearfix\"><\/div><a class=\"club-link button btn-primary\" href=\"\/fr\/prodotto\/bartender-experience\/\" title=\"R\u00e9servez maintenant\" target=\"_self\">R\u00e9servez maintenant<\/a>\n\t<\/div>\n\t<\/div>[\/vc_column][\/vc_row][vc_row equal_height=\u00a0\u00bbyes\u00a0\u00bb disable_element=\u00a0\u00bbyes\u00a0\u00bb css=\u00a0\u00bb.vc_custom_1764364942749{padding-right: 0px !important;padding-left: 0px !important;}\u00a0\u00bb][vc_column width=\u00a0\u00bb1\/2&Prime; add_reveal_effect=\u00a0\u00bbyes\u00a0\u00bb]\n\t<div class=\"gg-clubbox \" style=\"text-align:left;\">\n\t\t<div class=\"club-image\"> <img decoding=\"async\" class=\"wp-post-image\" src=\" https:\/\/ronbarcelo.com\/wp-content\/uploads\/2025\/04\/WhatsApp-Image-2025-04-21-at-15.05.34.jpeg \" alt=\"Isla Ron barcel\u00f3\" \/> <\/div>\n\t\t<div class=\"gg-clubbox-content gg-left\">\n\t\t<span class=\"club-top-title\" >Tour<\/span>\n\t\t<h3 class=\"club-title\" >Isla Ron Barcel\u00f3 Experience<\/h3>\n\t\t<div class=\"club-description\" ><p class=\"\" data-start=\"87\" data-end=\"284\">Embarquez pour une exp\u00e9rience unique sur l\u2019Isla Barcel\u00f3, un paradis inexplor\u00e9 situ\u00e9 dans la r\u00e9gion est de la R\u00e9publique dominicaine, o\u00f9 l\u2019essence des Cara\u00efbes prend vie sous le soleil tropical.<\/p>\n<p>Dur\u00e9e : 6h.<br \/>\nCapacit\u00e9 : maximum 30 personnes par visite.<\/p>\n<\/div>\n\t\t<p class=\"club-price\" >Prix: De 55 USD\/personne <span class=\"club-price-affix\" ><\/span><\/p>\n\t<div class=\"clearfix\"><\/div><a class=\"club-link button btn-primary\" href=\"https:\/\/islaronbarcelo.com\" title=\"R\u00e9servez maintenant\" target=\" _blank\">R\u00e9servez maintenant<\/a>\n\t<\/div>\n\t<\/div>[\/vc_column][vc_column width=\u00a0\u00bb1\/2&Prime; add_reveal_effect=\u00a0\u00bbyes\u00a0\u00bb][\/vc_column][\/vc_row]<\/p>\n","protected":false},"excerpt":{"rendered":"<p>[vc_row][vc_column width=\u00a0\u00bb1\/4&Prime;][\/vc_column][vc_column width=\u00a0\u00bb1\/2&Prime;][\/vc_column][vc_column width=\u00a0\u00bb1\/4&Prime;][\/vc_column][\/vc_row][vc_row equal_height=\u00a0\u00bbyes\u00a0\u00bb css=\u00a0\u00bb.vc_custom_1621014517044{padding-right: 0px !important;padding-left: 0px !important;}\u00a0\u00bb][vc_column width=\u00a0\u00bb1\/2&Prime; add_reveal_effect=\u00a0\u00bbyes\u00a0\u00bb][\/vc_column][vc_column width=\u00a0\u00bb1\/2&Prime; add_reveal_effect=\u00a0\u00bbyes\u00a0\u00bb][\/vc_column][\/vc_row][vc_row equal_height=\u00a0\u00bbyes\u00a0\u00bb css=\u00a0\u00bb.vc_custom_1621014517044{padding-right: 0px !important;padding-left: 0px !important;}\u00a0\u00bb][vc_column width=\u00a0\u00bb1\/2&Prime; add_reveal_effect=\u00a0\u00bbyes\u00a0\u00bb][\/vc_column][vc_column width=\u00a0\u00bb1\/2&Prime; add_reveal_effect=\u00a0\u00bbyes\u00a0\u00bb][\/vc_column][\/vc_row][vc_row equal_height=\u00a0\u00bbyes\u00a0\u00bb disable_element=\u00a0\u00bbyes\u00a0\u00bb css=\u00a0\u00bb.vc_custom_1764364942749{padding-right: 0px !important;padding-left: 0px !important;}\u00a0\u00bb][vc_column width=\u00a0\u00bb1\/2&Prime; add_reveal_effect=\u00a0\u00bbyes\u00a0\u00bb][\/vc_column][vc_column width=\u00a0\u00bb1\/2&Prime; add_reveal_effect=\u00a0\u00bbyes\u00a0\u00bb][\/vc_column][\/vc_row]<\/p>\n","protected":false},"author":1,"featured_media":4740,"parent":0,"menu_order":0,"comment_status":"closed","ping_status":"closed","template":"","meta":{"footnotes":""},"class_list":["post-6343","page","type-page","status-publish","has-post-thumbnail","hentry","has_thumb"],"yoast_head":"<!-- This site is optimized with the Yoast SEO plugin v24.9 - https:\/\/yoast.com\/wordpress\/plugins\/seo\/ -->\n<title>Rhum Tours - Ron Barcel\u00f2<\/title>\n<meta name=\"description\" content=\"R\u00e9servez votre Rhum Tour de Ron Barcel\u00f3 pour vivre une exp\u00e9rience unique au paradis de la R\u00e9publique dominicaine.\" \/>\n<meta name=\"robots\" content=\"index, follow, max-snippet:-1, max-image-preview:large, max-video-preview:-1\" \/>\n<link rel=\"canonical\" href=\"https:\/\/ronbarcelo.com\/fr\/tours\/\" \/>\n<meta property=\"og:locale\" content=\"fr_FR\" \/>\n<meta property=\"og:type\" content=\"article\" \/>\n<meta property=\"og:title\" content=\"Rhum Tours - Ron Barcel\u00f2\" \/>\n<meta property=\"og:description\" content=\"R\u00e9servez votre Rhum Tour de Ron Barcel\u00f3 pour vivre une exp\u00e9rience unique au paradis de la R\u00e9publique dominicaine.\" \/>\n<meta property=\"og:url\" content=\"https:\/\/ronbarcelo.com\/fr\/tours\/\" \/>\n<meta property=\"og:site_name\" content=\"Ron Barcel\u00f2\" \/>\n<meta property=\"article:modified_time\" content=\"2025-11-28T21:22:30+00:00\" \/>\n<meta property=\"og:image\" content=\"https:\/\/ronbarcelo.com\/wp-content\/uploads\/2021\/03\/centro-historico_main.jpg\" \/>\n\t<meta property=\"og:image:width\" content=\"1600\" \/>\n\t<meta property=\"og:image:height\" content=\"690\" \/>\n\t<meta property=\"og:image:type\" content=\"image\/jpeg\" \/>\n<meta name=\"twitter:card\" content=\"summary_large_image\" \/>\n<meta name=\"twitter:label1\" content=\"Dur\u00e9e de lecture estim\u00e9e\" \/>\n\t<meta name=\"twitter:data1\" content=\"2 minutes\" \/>\n<script type=\"application\/ld+json\" class=\"yoast-schema-graph\">{\"@context\":\"https:\/\/schema.org\",\"@graph\":[{\"@type\":\"WebPage\",\"@id\":\"https:\/\/ronbarcelo.com\/fr\/tours\/\",\"url\":\"https:\/\/ronbarcelo.com\/fr\/tours\/\",\"name\":\"Rhum Tours - Ron Barcel\u00f2\",\"isPartOf\":{\"@id\":\"https:\/\/ronbarcelo.com\/fr\/#website\"},\"primaryImageOfPage\":{\"@id\":\"https:\/\/ronbarcelo.com\/fr\/tours\/#primaryimage\"},\"image\":{\"@id\":\"https:\/\/ronbarcelo.com\/fr\/tours\/#primaryimage\"},\"thumbnailUrl\":\"https:\/\/ronbarcelo.com\/wp-content\/uploads\/2021\/03\/centro-historico_main.jpg\",\"datePublished\":\"2021-06-13T17:09:57+00:00\",\"dateModified\":\"2025-11-28T21:22:30+00:00\",\"description\":\"R\u00e9servez votre Rhum Tour de Ron Barcel\u00f3 pour vivre une exp\u00e9rience unique au paradis de la R\u00e9publique dominicaine.\",\"breadcrumb\":{\"@id\":\"https:\/\/ronbarcelo.com\/fr\/tours\/#breadcrumb\"},\"inLanguage\":\"fr-FR\",\"potentialAction\":[{\"@type\":\"ReadAction\",\"target\":[\"https:\/\/ronbarcelo.com\/fr\/tours\/\"]}]},{\"@type\":\"ImageObject\",\"inLanguage\":\"fr-FR\",\"@id\":\"https:\/\/ronbarcelo.com\/fr\/tours\/#primaryimage\",\"url\":\"https:\/\/ronbarcelo.com\/wp-content\/uploads\/2021\/03\/centro-historico_main.jpg\",\"contentUrl\":\"https:\/\/ronbarcelo.com\/wp-content\/uploads\/2021\/03\/centro-historico_main.jpg\",\"width\":1600,\"height\":690,\"caption\":\"dominican republic rum tours\"},{\"@type\":\"BreadcrumbList\",\"@id\":\"https:\/\/ronbarcelo.com\/fr\/tours\/#breadcrumb\",\"itemListElement\":[{\"@type\":\"ListItem\",\"position\":1,\"name\":\"Portada\",\"item\":\"https:\/\/ronbarcelo.com\/fr\/\"},{\"@type\":\"ListItem\",\"position\":2,\"name\":\"Rhum Tours\"}]},{\"@type\":\"WebSite\",\"@id\":\"https:\/\/ronbarcelo.com\/fr\/#website\",\"url\":\"https:\/\/ronbarcelo.com\/fr\/\",\"name\":\"Ron Barcel\u00f3\",\"description\":\"Ron Dominicano\",\"publisher\":{\"@id\":\"https:\/\/ronbarcelo.com\/fr\/#organization\"},\"potentialAction\":[{\"@type\":\"SearchAction\",\"target\":{\"@type\":\"EntryPoint\",\"urlTemplate\":\"https:\/\/ronbarcelo.com\/fr\/?s={search_term_string}\"},\"query-input\":{\"@type\":\"PropertyValueSpecification\",\"valueRequired\":true,\"valueName\":\"search_term_string\"}}],\"inLanguage\":\"fr-FR\"},{\"@type\":\"Organization\",\"@id\":\"https:\/\/ronbarcelo.com\/fr\/#organization\",\"name\":\"Barcel\u00f3 - Ron Dominicano\",\"url\":\"https:\/\/ronbarcelo.com\/fr\/\",\"logo\":{\"@type\":\"ImageObject\",\"inLanguage\":\"fr-FR\",\"@id\":\"https:\/\/ronbarcelo.com\/fr\/#\/schema\/logo\/image\/\",\"url\":\"https:\/\/ronbarcelo.com\/wp-content\/uploads\/2021\/05\/logo-email.png\",\"contentUrl\":\"https:\/\/ronbarcelo.com\/wp-content\/uploads\/2021\/05\/logo-email.png\",\"width\":150,\"height\":109,\"caption\":\"Barcel\u00f3 - Ron Dominicano\"},\"image\":{\"@id\":\"https:\/\/ronbarcelo.com\/fr\/#\/schema\/logo\/image\/\"},\"sameAs\":[\"https:\/\/www.linkedin.com\/company\/ronbarcelo\/\"]}]}<\/script>\n<!-- \/ Yoast SEO plugin. -->","yoast_head_json":{"title":"Rhum Tours - Ron Barcel\u00f2","description":"R\u00e9servez votre Rhum Tour de Ron Barcel\u00f3 pour vivre une exp\u00e9rience unique au paradis de la R\u00e9publique dominicaine.","robots":{"index":"index","follow":"follow","max-snippet":"max-snippet:-1","max-image-preview":"max-image-preview:large","max-video-preview":"max-video-preview:-1"},"canonical":"https:\/\/ronbarcelo.com\/fr\/tours\/","og_locale":"fr_FR","og_type":"article","og_title":"Rhum Tours - Ron Barcel\u00f2","og_description":"R\u00e9servez votre Rhum Tour de Ron Barcel\u00f3 pour vivre une exp\u00e9rience unique au paradis de la R\u00e9publique dominicaine.","og_url":"https:\/\/ronbarcelo.com\/fr\/tours\/","og_site_name":"Ron Barcel\u00f2","article_modified_time":"2025-11-28T21:22:30+00:00","og_image":[{"width":1600,"height":690,"url":"https:\/\/ronbarcelo.com\/wp-content\/uploads\/2021\/03\/centro-historico_main.jpg","type":"image\/jpeg"}],"twitter_card":"summary_large_image","twitter_misc":{"Dur\u00e9e de lecture estim\u00e9e":"2 minutes"},"schema":{"@context":"https:\/\/schema.org","@graph":[{"@type":"WebPage","@id":"https:\/\/ronbarcelo.com\/fr\/tours\/","url":"https:\/\/ronbarcelo.com\/fr\/tours\/","name":"Rhum Tours - Ron Barcel\u00f2","isPartOf":{"@id":"https:\/\/ronbarcelo.com\/fr\/#website"},"primaryImageOfPage":{"@id":"https:\/\/ronbarcelo.com\/fr\/tours\/#primaryimage"},"image":{"@id":"https:\/\/ronbarcelo.com\/fr\/tours\/#primaryimage"},"thumbnailUrl":"https:\/\/ronbarcelo.com\/wp-content\/uploads\/2021\/03\/centro-historico_main.jpg","datePublished":"2021-06-13T17:09:57+00:00","dateModified":"2025-11-28T21:22:30+00:00","description":"R\u00e9servez votre Rhum Tour de Ron Barcel\u00f3 pour vivre une exp\u00e9rience unique au paradis de la R\u00e9publique dominicaine.","breadcrumb":{"@id":"https:\/\/ronbarcelo.com\/fr\/tours\/#breadcrumb"},"inLanguage":"fr-FR","potentialAction":[{"@type":"ReadAction","target":["https:\/\/ronbarcelo.com\/fr\/tours\/"]}]},{"@type":"ImageObject","inLanguage":"fr-FR","@id":"https:\/\/ronbarcelo.com\/fr\/tours\/#primaryimage","url":"https:\/\/ronbarcelo.com\/wp-content\/uploads\/2021\/03\/centro-historico_main.jpg","contentUrl":"https:\/\/ronbarcelo.com\/wp-content\/uploads\/2021\/03\/centro-historico_main.jpg","width":1600,"height":690,"caption":"dominican republic rum tours"},{"@type":"BreadcrumbList","@id":"https:\/\/ronbarcelo.com\/fr\/tours\/#breadcrumb","itemListElement":[{"@type":"ListItem","position":1,"name":"Portada","item":"https:\/\/ronbarcelo.com\/fr\/"},{"@type":"ListItem","position":2,"name":"Rhum Tours"}]},{"@type":"WebSite","@id":"https:\/\/ronbarcelo.com\/fr\/#website","url":"https:\/\/ronbarcelo.com\/fr\/","name":"Ron Barcel\u00f3","description":"Ron Dominicano","publisher":{"@id":"https:\/\/ronbarcelo.com\/fr\/#organization"},"potentialAction":[{"@type":"SearchAction","target":{"@type":"EntryPoint","urlTemplate":"https:\/\/ronbarcelo.com\/fr\/?s={search_term_string}"},"query-input":{"@type":"PropertyValueSpecification","valueRequired":true,"valueName":"search_term_string"}}],"inLanguage":"fr-FR"},{"@type":"Organization","@id":"https:\/\/ronbarcelo.com\/fr\/#organization","name":"Barcel\u00f3 - Ron Dominicano","url":"https:\/\/ronbarcelo.com\/fr\/","logo":{"@type":"ImageObject","inLanguage":"fr-FR","@id":"https:\/\/ronbarcelo.com\/fr\/#\/schema\/logo\/image\/","url":"https:\/\/ronbarcelo.com\/wp-content\/uploads\/2021\/05\/logo-email.png","contentUrl":"https:\/\/ronbarcelo.com\/wp-content\/uploads\/2021\/05\/logo-email.png","width":150,"height":109,"caption":"Barcel\u00f3 - Ron Dominicano"},"image":{"@id":"https:\/\/ronbarcelo.com\/fr\/#\/schema\/logo\/image\/"},"sameAs":["https:\/\/www.linkedin.com\/company\/ronbarcelo\/"]}]}},"_links":{"self":[{"href":"https:\/\/ronbarcelo.com\/fr\/wp-json\/wp\/v2\/pages\/6343","targetHints":{"allow":["GET"]}}],"collection":[{"href":"https:\/\/ronbarcelo.com\/fr\/wp-json\/wp\/v2\/pages"}],"about":[{"href":"https:\/\/ronbarcelo.com\/fr\/wp-json\/wp\/v2\/types\/page"}],"author":[{"embeddable":true,"href":"https:\/\/ronbarcelo.com\/fr\/wp-json\/wp\/v2\/users\/1"}],"replies":[{"embeddable":true,"href":"https:\/\/ronbarcelo.com\/fr\/wp-json\/wp\/v2\/comments?post=6343"}],"version-history":[{"count":21,"href":"https:\/\/ronbarcelo.com\/fr\/wp-json\/wp\/v2\/pages\/6343\/revisions"}],"predecessor-version":[{"id":13187,"href":"https:\/\/ronbarcelo.com\/fr\/wp-json\/wp\/v2\/pages\/6343\/revisions\/13187"}],"wp:featuredmedia":[{"embeddable":true,"href":"https:\/\/ronbarcelo.com\/fr\/wp-json\/wp\/v2\/media\/4740"}],"wp:attachment":[{"href":"https:\/\/ronbarcelo.com\/fr\/wp-json\/wp\/v2\/media?parent=6343"}],"curies":[{"name":"wp","href":"https:\/\/api.w.org\/{rel}","templated":true}]}}