{"id":6361,"date":"2021-06-13T20:01:44","date_gmt":"2021-06-13T18:01:44","guid":{"rendered":"https:\/\/ronbarcelo.com\/?page_id=6361"},"modified":"2021-06-13T20:02:58","modified_gmt":"2021-06-13T18:02:58","slug":"identite","status":"publish","type":"page","link":"https:\/\/ronbarcelo.com\/fr\/notre-societe\/identite\/","title":{"rendered":"Identit\u00e9"},"content":{"rendered":"<p>[vc_row equal_height=\u00a0\u00bbyes\u00a0\u00bb content_placement=\u00a0\u00bbmiddle\u00a0\u00bb css=\u00a0\u00bb.vc_custom_1579620585382{margin-bottom: 0px !important;}\u00a0\u00bb][vc_column width=\u00a0\u00bb1\/2&Prime; css=\u00a0\u00bb.vc_custom_1578209136628{padding-top: 15% !important;padding-right: 15% !important;padding-bottom: 15% !important;padding-left: 15% !important;background-color: #2c2c2c !important;}\u00a0\u00bb]\n\t<div class=\"title-subtitle-box  \" style=\" text-align: center;\">\n\t\t<h2 style=\" color:#ffffff;  font-weight: normal;\" class=\"special-title\" >Mission et Vision<\/h2>\n\t\t<span class=\"gg-horizontal-line\"><\/span>\n\t\t<div class=\"box-description\"><p>\u00catre des artisans dans la production de rhum de haute qualit\u00e9, maximiser l&rsquo;importance des processus, satisfaire les besoins de nos clients, assurer la performance et le respect du Code de Durabilit\u00e9 RB360, consolidant notre soci\u00e9t\u00e9 en tant que point de r\u00e9f\u00e9rence international dans le secteur.<\/p>\n<p>\u00catre la soci\u00e9t\u00e9 productrice de rhum avec le portefeuille international le plus prestigieux, reconnue pour son innovation et son Code de Durabilit\u00e9 RB360.<\/p>\n<\/div>\n\t<\/div> [\/vc_column][vc_column width=\u00a0\u00bb1\/2&Prime; add_reveal_effect=\u00a0\u00bbyes\u00a0\u00bb css=\u00a0\u00bb.vc_custom_1616934967957{padding-top: 10% !important;padding-right: 10% !important;padding-bottom: 10% !important;padding-left: 10% !important;background-image: url(https:\/\/ronbarcelo.com\/wp-content\/uploads\/2021\/03\/identidad1.jpg?id=4636) !important;background-position: center !important;background-repeat: no-repeat !important;background-size: cover !important;}\u00a0\u00bb][vc_empty_space height=\u00a0\u00bb500px\u00a0\u00bb][\/vc_column][\/vc_row][vc_row equal_height=\u00a0\u00bbyes\u00a0\u00bb content_placement=\u00a0\u00bbmiddle\u00a0\u00bb css=\u00a0\u00bb.vc_custom_1621176351164{margin-top: 0px !important;margin-bottom: 0px !important;}\u00a0\u00bb el_class=\u00a0\u00bbmob-col-rev\u00a0\u00bb][vc_column width=\u00a0\u00bb1\/2&Prime; add_reveal_effect=\u00a0\u00bbyes\u00a0\u00bb css=\u00a0\u00bb.vc_custom_1616934959908{padding-top: 10% !important;padding-right: 10% !important;padding-bottom: 10% !important;padding-left: 10% !important;background-image: url(https:\/\/ronbarcelo.com\/wp-content\/uploads\/2021\/03\/identidad2.jpg?id=4631) !important;background-position: center !important;background-repeat: no-repeat !important;background-size: cover !important;}\u00a0\u00bb][vc_empty_space height=\u00a0\u00bb500px\u00a0\u00bb][\/vc_column][vc_column width=\u00a0\u00bb1\/2&Prime; css=\u00a0\u00bb.vc_custom_1578209163359{padding-top: 15% !important;padding-right: 15% !important;padding-bottom: 15% !important;padding-left: 15% !important;background-color: #2c2c2c !important;}\u00a0\u00bb]\n\t<div class=\"title-subtitle-box  \" style=\" text-align: center;\">\n\t\t<h2 style=\" color:#ffffff;  font-weight: normal;\" class=\"special-title\" >Valeurs et Piliers<\/h2>\n\t\t<span class=\"gg-horizontal-line\"><\/span>\n\t\t<div class=\"box-description\"><p>Int\u00e9grit\u00e9 &#8211; Transparence &#8211; Responsabilit\u00e9 &#8211; Humilit\u00e9 &#8211; Respect<\/p>\n<p>Durabilit\u00e9 \u00e0 360\u00b0 &#8211; Efficacit\u00e9 et performance des processus &#8211; Orientation client &#8211; \u00c9quipe de personnes comp\u00e9tentes et engag\u00e9es \u2013 Agilit\u00e9 d\u2019entreprise<\/p>\n<\/div>\n\t<\/div> [\/vc_column][\/vc_row][vc_row equal_height=\u00a0\u00bbyes\u00a0\u00bb content_placement=\u00a0\u00bbmiddle\u00a0\u00bb css=\u00a0\u00bb.vc_custom_1616780786033{margin-top: 0px !important;margin-bottom: 0px !important;}\u00a0\u00bb][vc_column width=\u00a0\u00bb1\/2&Prime; css=\u00a0\u00bb.vc_custom_1578209136628{padding-top: 15% !important;padding-right: 15% !important;padding-bottom: 15% !important;padding-left: 15% !important;background-color: #2c2c2c !important;}\u00a0\u00bb]\n\t<div class=\"title-subtitle-box  \" style=\" text-align: center;\">\n\t\t<h2 style=\" color:#ffffff;  font-weight: normal;\" class=\"special-title\" >Comp\u00e9tences et Politique Int\u00e9gr\u00e9e<\/h2>\n\t\t<span class=\"gg-horizontal-line\"><\/span>\n\t\t<div class=\"box-description\"><p>Orientation client &#8211; Orientation r\u00e9sultat &#8211; Orientation qualit\u00e9 &#8211; Alignement de l\u2019\u00c9quipe &#8211; Capacit\u00e9 d&rsquo;Innovation<\/p>\n<p>Encourager l&rsquo;engagement du capital humain en obtenant l&rsquo;ex\u00e9cution efficace et s\u00fbre des processus pour la r\u00e9alisation des objectifs. Fournir des produits qui r\u00e9pondent aux besoins des clients, en \u00e9vitant tout comportement d\u00e9lictueux susceptible d\u2019affecter la cha\u00eene logistique. Garantir une am\u00e9lioration continue en promouvant le Code de Durabilit\u00e9 RB360 et en observant les lois en vigueur.<\/p>\n<\/div>\n\t<\/div> [\/vc_column][vc_column width=\u00a0\u00bb1\/2&Prime; add_reveal_effect=\u00a0\u00bbyes\u00a0\u00bb css=\u00a0\u00bb.vc_custom_1616934979765{padding-top: 10% !important;padding-right: 10% !important;padding-bottom: 10% !important;padding-left: 10% !important;background-image: url(https:\/\/ronbarcelo.com\/wp-content\/uploads\/2021\/03\/identidad3.jpg?id=4640) !important;background-position: center !important;background-repeat: no-repeat !important;background-size: cover !important;}\u00a0\u00bb][vc_empty_space height=\u00a0\u00bb500px\u00a0\u00bb][\/vc_column][\/vc_row][vc_row][vc_column]\n\t<div class=\"gg-special-button-wrapper  special-button-align-center special-button-style-btn-primary\"><a class=\"btn btn-primary\" href=\"https:\/\/ronbarcelo.com\/fr\/nos-rhums\/\" title=\"Nos Rhums\" target=\"_self\">Nos Rhums<\/a><\/div>[\/vc_column][\/vc_row]<\/p>\n","protected":false},"excerpt":{"rendered":"<p>[vc_row equal_height=\u00a0\u00bbyes\u00a0\u00bb content_placement=\u00a0\u00bbmiddle\u00a0\u00bb css=\u00a0\u00bb.vc_custom_1579620585382{margin-bottom: 0px !important;}\u00a0\u00bb][vc_column width=\u00a0\u00bb1\/2&Prime; css=\u00a0\u00bb.vc_custom_1578209136628{padding-top: 15% !important;padding-right: 15% !important;padding-bottom: 15% !important;padding-left: 15% !important;background-color: #2c2c2c !important;}\u00a0\u00bb][\/vc_column][vc_column width=\u00a0\u00bb1\/2&Prime; add_reveal_effect=\u00a0\u00bbyes\u00a0\u00bb css=\u00a0\u00bb.vc_custom_1616934967957{padding-top: 10% !important;padding-right: 10% !important;padding-bottom: 10% !important;padding-left: 10% !important;background-image: url(https:\/\/ronbarcelo.com\/wp-content\/uploads\/2021\/03\/identidad1.jpg?id=4636) !important;background-position: center !important;background-repeat: no-repeat !important;background-size: cover !important;}\u00a0\u00bb][vc_empty_space height=\u00a0\u00bb500px\u00a0\u00bb][\/vc_column][\/vc_row][vc_row equal_height=\u00a0\u00bbyes\u00a0\u00bb content_placement=\u00a0\u00bbmiddle\u00a0\u00bb css=\u00a0\u00bb.vc_custom_1621176351164{margin-top: 0px !important;margin-bottom: 0px !important;}\u00a0\u00bb el_class=\u00a0\u00bbmob-col-rev\u00a0\u00bb][vc_column width=\u00a0\u00bb1\/2&Prime; add_reveal_effect=\u00a0\u00bbyes\u00a0\u00bb css=\u00a0\u00bb.vc_custom_1616934959908{padding-top: 10% !important;padding-right: 10% !important;padding-bottom: 10% !important;padding-left:<\/p>\n<p class=\"more-link-wrapper\"><a class=\"btn btn-primary\" href=\"https:\/\/ronbarcelo.com\/fr\/notre-societe\/identite\/\">Read More<\/a><\/p>\n","protected":false},"author":1,"featured_media":4627,"parent":6372,"menu_order":0,"comment_status":"closed","ping_status":"closed","template":"","meta":{"footnotes":""},"class_list":["post-6361","page","type-page","status-publish","has-post-thumbnail","hentry","has_thumb"],"yoast_head":"<!-- This site is optimized with the Yoast SEO plugin v24.9 - https:\/\/yoast.com\/wordpress\/plugins\/seo\/ -->\n<title>Identit\u00e9 - Ron Barcel\u00f2<\/title>\n<meta name=\"robots\" content=\"index, follow, max-snippet:-1, max-image-preview:large, max-video-preview:-1\" \/>\n<link rel=\"canonical\" href=\"https:\/\/ronbarcelo.com\/fr\/notre-societe\/identite\/\" \/>\n<meta property=\"og:locale\" content=\"fr_FR\" \/>\n<meta property=\"og:type\" content=\"article\" \/>\n<meta property=\"og:title\" content=\"Identit\u00e9 - Ron Barcel\u00f2\" \/>\n<meta property=\"og:description\" content=\"[vc_row equal_height=\u00a0\u00bbyes\u00a0\u00bb content_placement=\u00a0\u00bbmiddle\u00a0\u00bb css=\u00a0\u00bb.vc_custom_1579620585382{margin-bottom: 0px !important;}\u00a0\u00bb][vc_column width=\u00a0\u00bb1\/2&Prime; css=\u00a0\u00bb.vc_custom_1578209136628{padding-top: 15% !important;padding-right: 15% !important;padding-bottom: 15% !important;padding-left: 15% !important;background-color: #2c2c2c !important;}\u00a0\u00bb][\/vc_column][vc_column width=\u00a0\u00bb1\/2&Prime; add_reveal_effect=\u00a0\u00bbyes\u00a0\u00bb css=\u00a0\u00bb.vc_custom_1616934967957{padding-top: 10% !important;padding-right: 10% !important;padding-bottom: 10% !important;padding-left: 10% !important;background-image: url(https:\/\/ronbarcelo.com\/wp-content\/uploads\/2021\/03\/identidad1.jpg?id=4636) !important;background-position: center !important;background-repeat: no-repeat !important;background-size: cover !important;}\u00a0\u00bb][vc_empty_space height=\u00a0\u00bb500px\u00a0\u00bb][\/vc_column][\/vc_row][vc_row equal_height=\u00a0\u00bbyes\u00a0\u00bb content_placement=\u00a0\u00bbmiddle\u00a0\u00bb css=\u00a0\u00bb.vc_custom_1621176351164{margin-top: 0px !important;margin-bottom: 0px !important;}\u00a0\u00bb el_class=\u00a0\u00bbmob-col-rev\u00a0\u00bb][vc_column width=\u00a0\u00bb1\/2&Prime; add_reveal_effect=\u00a0\u00bbyes\u00a0\u00bb css=\u00a0\u00bb.vc_custom_1616934959908{padding-top: 10% !important;padding-right: 10% !important;padding-bottom: 10% !important;padding-left:Read More\" \/>\n<meta property=\"og:url\" content=\"https:\/\/ronbarcelo.com\/fr\/notre-societe\/identite\/\" \/>\n<meta property=\"og:site_name\" content=\"Ron Barcel\u00f2\" \/>\n<meta property=\"article:modified_time\" content=\"2021-06-13T18:02:58+00:00\" \/>\n<meta property=\"og:image\" content=\"https:\/\/ronbarcelo.com\/wp-content\/uploads\/2021\/03\/identidad_main.jpg\" \/>\n\t<meta property=\"og:image:width\" content=\"1600\" \/>\n\t<meta property=\"og:image:height\" content=\"690\" \/>\n\t<meta property=\"og:image:type\" content=\"image\/jpeg\" \/>\n<meta name=\"twitter:card\" content=\"summary_large_image\" \/>\n<meta name=\"twitter:label1\" content=\"Dur\u00e9e de lecture estim\u00e9e\" \/>\n\t<meta name=\"twitter:data1\" content=\"2 minutes\" \/>\n<script type=\"application\/ld+json\" class=\"yoast-schema-graph\">{\"@context\":\"https:\/\/schema.org\",\"@graph\":[{\"@type\":\"WebPage\",\"@id\":\"https:\/\/ronbarcelo.com\/fr\/notre-societe\/identite\/\",\"url\":\"https:\/\/ronbarcelo.com\/fr\/notre-societe\/identite\/\",\"name\":\"Identit\u00e9 - Ron Barcel\u00f2\",\"isPartOf\":{\"@id\":\"https:\/\/ronbarcelo.com\/fr\/#website\"},\"primaryImageOfPage\":{\"@id\":\"https:\/\/ronbarcelo.com\/fr\/notre-societe\/identite\/#primaryimage\"},\"image\":{\"@id\":\"https:\/\/ronbarcelo.com\/fr\/notre-societe\/identite\/#primaryimage\"},\"thumbnailUrl\":\"https:\/\/ronbarcelo.com\/wp-content\/uploads\/2021\/03\/identidad_main.jpg\",\"datePublished\":\"2021-06-13T18:01:44+00:00\",\"dateModified\":\"2021-06-13T18:02:58+00:00\",\"breadcrumb\":{\"@id\":\"https:\/\/ronbarcelo.com\/fr\/notre-societe\/identite\/#breadcrumb\"},\"inLanguage\":\"fr-FR\",\"potentialAction\":[{\"@type\":\"ReadAction\",\"target\":[\"https:\/\/ronbarcelo.com\/fr\/notre-societe\/identite\/\"]}]},{\"@type\":\"ImageObject\",\"inLanguage\":\"fr-FR\",\"@id\":\"https:\/\/ronbarcelo.com\/fr\/notre-societe\/identite\/#primaryimage\",\"url\":\"https:\/\/ronbarcelo.com\/wp-content\/uploads\/2021\/03\/identidad_main.jpg\",\"contentUrl\":\"https:\/\/ronbarcelo.com\/wp-content\/uploads\/2021\/03\/identidad_main.jpg\",\"width\":1600,\"height\":690,\"caption\":\"Maestro-ronero\"},{\"@type\":\"BreadcrumbList\",\"@id\":\"https:\/\/ronbarcelo.com\/fr\/notre-societe\/identite\/#breadcrumb\",\"itemListElement\":[{\"@type\":\"ListItem\",\"position\":1,\"name\":\"Portada\",\"item\":\"https:\/\/ronbarcelo.com\/fr\/\"},{\"@type\":\"ListItem\",\"position\":2,\"name\":\"Notre Soci\u00e9t\u00e9\",\"item\":\"https:\/\/ronbarcelo.com\/fr\/notre-societe\/\"},{\"@type\":\"ListItem\",\"position\":3,\"name\":\"Identit\u00e9\"}]},{\"@type\":\"WebSite\",\"@id\":\"https:\/\/ronbarcelo.com\/fr\/#website\",\"url\":\"https:\/\/ronbarcelo.com\/fr\/\",\"name\":\"Ron Barcel\u00f3\",\"description\":\"Ron Dominicano\",\"publisher\":{\"@id\":\"https:\/\/ronbarcelo.com\/fr\/#organization\"},\"potentialAction\":[{\"@type\":\"SearchAction\",\"target\":{\"@type\":\"EntryPoint\",\"urlTemplate\":\"https:\/\/ronbarcelo.com\/fr\/?s={search_term_string}\"},\"query-input\":{\"@type\":\"PropertyValueSpecification\",\"valueRequired\":true,\"valueName\":\"search_term_string\"}}],\"inLanguage\":\"fr-FR\"},{\"@type\":\"Organization\",\"@id\":\"https:\/\/ronbarcelo.com\/fr\/#organization\",\"name\":\"Barcel\u00f3 - Ron Dominicano\",\"url\":\"https:\/\/ronbarcelo.com\/fr\/\",\"logo\":{\"@type\":\"ImageObject\",\"inLanguage\":\"fr-FR\",\"@id\":\"https:\/\/ronbarcelo.com\/fr\/#\/schema\/logo\/image\/\",\"url\":\"https:\/\/ronbarcelo.com\/wp-content\/uploads\/2021\/05\/logo-email.png\",\"contentUrl\":\"https:\/\/ronbarcelo.com\/wp-content\/uploads\/2021\/05\/logo-email.png\",\"width\":150,\"height\":109,\"caption\":\"Barcel\u00f3 - Ron Dominicano\"},\"image\":{\"@id\":\"https:\/\/ronbarcelo.com\/fr\/#\/schema\/logo\/image\/\"},\"sameAs\":[\"https:\/\/www.linkedin.com\/company\/ronbarcelo\/\"]}]}<\/script>\n<!-- \/ Yoast SEO plugin. -->","yoast_head_json":{"title":"Identit\u00e9 - Ron Barcel\u00f2","robots":{"index":"index","follow":"follow","max-snippet":"max-snippet:-1","max-image-preview":"max-image-preview:large","max-video-preview":"max-video-preview:-1"},"canonical":"https:\/\/ronbarcelo.com\/fr\/notre-societe\/identite\/","og_locale":"fr_FR","og_type":"article","og_title":"Identit\u00e9 - Ron Barcel\u00f2","og_description":"[vc_row equal_height=\u00a0\u00bbyes\u00a0\u00bb content_placement=\u00a0\u00bbmiddle\u00a0\u00bb css=\u00a0\u00bb.vc_custom_1579620585382{margin-bottom: 0px !important;}\u00a0\u00bb][vc_column width=\u00a0\u00bb1\/2&Prime; css=\u00a0\u00bb.vc_custom_1578209136628{padding-top: 15% !important;padding-right: 15% !important;padding-bottom: 15% !important;padding-left: 15% !important;background-color: #2c2c2c !important;}\u00a0\u00bb][\/vc_column][vc_column width=\u00a0\u00bb1\/2&Prime; add_reveal_effect=\u00a0\u00bbyes\u00a0\u00bb css=\u00a0\u00bb.vc_custom_1616934967957{padding-top: 10% !important;padding-right: 10% !important;padding-bottom: 10% !important;padding-left: 10% !important;background-image: url(https:\/\/ronbarcelo.com\/wp-content\/uploads\/2021\/03\/identidad1.jpg?id=4636) !important;background-position: center !important;background-repeat: no-repeat !important;background-size: cover !important;}\u00a0\u00bb][vc_empty_space height=\u00a0\u00bb500px\u00a0\u00bb][\/vc_column][\/vc_row][vc_row equal_height=\u00a0\u00bbyes\u00a0\u00bb content_placement=\u00a0\u00bbmiddle\u00a0\u00bb css=\u00a0\u00bb.vc_custom_1621176351164{margin-top: 0px !important;margin-bottom: 0px !important;}\u00a0\u00bb el_class=\u00a0\u00bbmob-col-rev\u00a0\u00bb][vc_column width=\u00a0\u00bb1\/2&Prime; add_reveal_effect=\u00a0\u00bbyes\u00a0\u00bb css=\u00a0\u00bb.vc_custom_1616934959908{padding-top: 10% !important;padding-right: 10% !important;padding-bottom: 10% !important;padding-left:Read More","og_url":"https:\/\/ronbarcelo.com\/fr\/notre-societe\/identite\/","og_site_name":"Ron Barcel\u00f2","article_modified_time":"2021-06-13T18:02:58+00:00","og_image":[{"width":1600,"height":690,"url":"https:\/\/ronbarcelo.com\/wp-content\/uploads\/2021\/03\/identidad_main.jpg","type":"image\/jpeg"}],"twitter_card":"summary_large_image","twitter_misc":{"Dur\u00e9e de lecture estim\u00e9e":"2 minutes"},"schema":{"@context":"https:\/\/schema.org","@graph":[{"@type":"WebPage","@id":"https:\/\/ronbarcelo.com\/fr\/notre-societe\/identite\/","url":"https:\/\/ronbarcelo.com\/fr\/notre-societe\/identite\/","name":"Identit\u00e9 - Ron Barcel\u00f2","isPartOf":{"@id":"https:\/\/ronbarcelo.com\/fr\/#website"},"primaryImageOfPage":{"@id":"https:\/\/ronbarcelo.com\/fr\/notre-societe\/identite\/#primaryimage"},"image":{"@id":"https:\/\/ronbarcelo.com\/fr\/notre-societe\/identite\/#primaryimage"},"thumbnailUrl":"https:\/\/ronbarcelo.com\/wp-content\/uploads\/2021\/03\/identidad_main.jpg","datePublished":"2021-06-13T18:01:44+00:00","dateModified":"2021-06-13T18:02:58+00:00","breadcrumb":{"@id":"https:\/\/ronbarcelo.com\/fr\/notre-societe\/identite\/#breadcrumb"},"inLanguage":"fr-FR","potentialAction":[{"@type":"ReadAction","target":["https:\/\/ronbarcelo.com\/fr\/notre-societe\/identite\/"]}]},{"@type":"ImageObject","inLanguage":"fr-FR","@id":"https:\/\/ronbarcelo.com\/fr\/notre-societe\/identite\/#primaryimage","url":"https:\/\/ronbarcelo.com\/wp-content\/uploads\/2021\/03\/identidad_main.jpg","contentUrl":"https:\/\/ronbarcelo.com\/wp-content\/uploads\/2021\/03\/identidad_main.jpg","width":1600,"height":690,"caption":"Maestro-ronero"},{"@type":"BreadcrumbList","@id":"https:\/\/ronbarcelo.com\/fr\/notre-societe\/identite\/#breadcrumb","itemListElement":[{"@type":"ListItem","position":1,"name":"Portada","item":"https:\/\/ronbarcelo.com\/fr\/"},{"@type":"ListItem","position":2,"name":"Notre Soci\u00e9t\u00e9","item":"https:\/\/ronbarcelo.com\/fr\/notre-societe\/"},{"@type":"ListItem","position":3,"name":"Identit\u00e9"}]},{"@type":"WebSite","@id":"https:\/\/ronbarcelo.com\/fr\/#website","url":"https:\/\/ronbarcelo.com\/fr\/","name":"Ron Barcel\u00f3","description":"Ron Dominicano","publisher":{"@id":"https:\/\/ronbarcelo.com\/fr\/#organization"},"potentialAction":[{"@type":"SearchAction","target":{"@type":"EntryPoint","urlTemplate":"https:\/\/ronbarcelo.com\/fr\/?s={search_term_string}"},"query-input":{"@type":"PropertyValueSpecification","valueRequired":true,"valueName":"search_term_string"}}],"inLanguage":"fr-FR"},{"@type":"Organization","@id":"https:\/\/ronbarcelo.com\/fr\/#organization","name":"Barcel\u00f3 - Ron Dominicano","url":"https:\/\/ronbarcelo.com\/fr\/","logo":{"@type":"ImageObject","inLanguage":"fr-FR","@id":"https:\/\/ronbarcelo.com\/fr\/#\/schema\/logo\/image\/","url":"https:\/\/ronbarcelo.com\/wp-content\/uploads\/2021\/05\/logo-email.png","contentUrl":"https:\/\/ronbarcelo.com\/wp-content\/uploads\/2021\/05\/logo-email.png","width":150,"height":109,"caption":"Barcel\u00f3 - Ron Dominicano"},"image":{"@id":"https:\/\/ronbarcelo.com\/fr\/#\/schema\/logo\/image\/"},"sameAs":["https:\/\/www.linkedin.com\/company\/ronbarcelo\/"]}]}},"_links":{"self":[{"href":"https:\/\/ronbarcelo.com\/fr\/wp-json\/wp\/v2\/pages\/6361","targetHints":{"allow":["GET"]}}],"collection":[{"href":"https:\/\/ronbarcelo.com\/fr\/wp-json\/wp\/v2\/pages"}],"about":[{"href":"https:\/\/ronbarcelo.com\/fr\/wp-json\/wp\/v2\/types\/page"}],"author":[{"embeddable":true,"href":"https:\/\/ronbarcelo.com\/fr\/wp-json\/wp\/v2\/users\/1"}],"replies":[{"embeddable":true,"href":"https:\/\/ronbarcelo.com\/fr\/wp-json\/wp\/v2\/comments?post=6361"}],"version-history":[{"count":4,"href":"https:\/\/ronbarcelo.com\/fr\/wp-json\/wp\/v2\/pages\/6361\/revisions"}],"predecessor-version":[{"id":6365,"href":"https:\/\/ronbarcelo.com\/fr\/wp-json\/wp\/v2\/pages\/6361\/revisions\/6365"}],"up":[{"embeddable":true,"href":"https:\/\/ronbarcelo.com\/fr\/wp-json\/wp\/v2\/pages\/6372"}],"wp:featuredmedia":[{"embeddable":true,"href":"https:\/\/ronbarcelo.com\/fr\/wp-json\/wp\/v2\/media\/4627"}],"wp:attachment":[{"href":"https:\/\/ronbarcelo.com\/fr\/wp-json\/wp\/v2\/media?parent=6361"}],"curies":[{"name":"wp","href":"https:\/\/api.w.org\/{rel}","templated":true}]}}