{"id":6099,"date":"2021-06-08T15:51:33","date_gmt":"2021-06-08T13:51:33","guid":{"rendered":"https:\/\/ronbarcelo.com\/?page_id=6099"},"modified":"2021-06-08T15:52:26","modified_gmt":"2021-06-08T13:52:26","slug":"identita","status":"publish","type":"page","link":"https:\/\/ronbarcelo.com\/it\/la-nostra-azienda\/identita\/","title":{"rendered":"Identit\u00e0"},"content":{"rendered":"<p>[vc_row equal_height=&#8221;yes&#8221; content_placement=&#8221;middle&#8221; css=&#8221;.vc_custom_1579620585382{margin-bottom: 0px !important;}&#8221;][vc_column width=&#8221;1\/2&#8243; css=&#8221;.vc_custom_1578209136628{padding-top: 15% !important;padding-right: 15% !important;padding-bottom: 15% !important;padding-left: 15% !important;background-color: #2c2c2c !important;}&#8221;]\n\t<div class=\"title-subtitle-box  \" style=\" text-align: center;\">\n\t\t<h2 style=\" color:#ffffff;  font-weight: normal;\" class=\"special-title\" >Mission e Vision<\/h2>\n\t\t<span class=\"gg-horizontal-line\"><\/span>\n\t\t<div class=\"box-description\"><p>Essere artigiani nella produzione di rum di alta qualit\u00e0, massimizzando l\u2019importanza dei processi, soddisfacendo le esigenze dei nostri clienti, garantendo il rendimento e rispetto del Codice di Sostenibilit\u00e0 RB360, consolidandoci come punto di riferimento internazionale del settore.<\/p>\n<p>Essere l\u2019azienda produttrice di rum con il portafoglio pi\u00f9 prestigioso a livello internazionale, riconosciuta per la sua innovazione ed il suo Codice di Sostenibilit\u00e0 RB360.<\/p>\n<\/div>\n\t<\/div> [\/vc_column][vc_column width=&#8221;1\/2&#8243; add_reveal_effect=&#8221;yes&#8221; css=&#8221;.vc_custom_1616934967957{padding-top: 10% !important;padding-right: 10% !important;padding-bottom: 10% !important;padding-left: 10% !important;background-image: url(https:\/\/ronbarcelo.com\/wp-content\/uploads\/2021\/03\/identidad1.jpg?id=4636) !important;background-position: center !important;background-repeat: no-repeat !important;background-size: cover !important;}&#8221;][vc_empty_space height=&#8221;500px&#8221;][\/vc_column][\/vc_row][vc_row equal_height=&#8221;yes&#8221; content_placement=&#8221;middle&#8221; css=&#8221;.vc_custom_1621176351164{margin-top: 0px !important;margin-bottom: 0px !important;}&#8221; el_class=&#8221;mob-col-rev&#8221;][vc_column width=&#8221;1\/2&#8243; add_reveal_effect=&#8221;yes&#8221; css=&#8221;.vc_custom_1616934959908{padding-top: 10% !important;padding-right: 10% !important;padding-bottom: 10% !important;padding-left: 10% !important;background-image: url(https:\/\/ronbarcelo.com\/wp-content\/uploads\/2021\/03\/identidad2.jpg?id=4631) !important;background-position: center !important;background-repeat: no-repeat !important;background-size: cover !important;}&#8221;][vc_empty_space height=&#8221;500px&#8221;][\/vc_column][vc_column width=&#8221;1\/2&#8243; css=&#8221;.vc_custom_1578209163359{padding-top: 15% !important;padding-right: 15% !important;padding-bottom: 15% !important;padding-left: 15% !important;background-color: #2c2c2c !important;}&#8221;]\n\t<div class=\"title-subtitle-box  \" style=\" text-align: center;\">\n\t\t<h2 style=\" color:#ffffff;  font-weight: normal;\" class=\"special-title\" >Valori e Fondamenti<\/h2>\n\t\t<span class=\"gg-horizontal-line\"><\/span>\n\t\t<div class=\"box-description\"><p>Integrit\u00e0 &#8211; Trasparenza &#8211; Responsabilit\u00e0 &#8211; Umilt\u00e0 &#8211; Rispetto<\/p>\n<p>Sostenibilit\u00e0 a 360\u00b0 &#8211; Efficienza ed efficacia dei processi \u2013 Attenzione rivolta al cliente &#8211; Team di persone competenti e impegnate &#8211; Agilit\u00e0 aziendale<\/p>\n<\/div>\n\t<\/div> [\/vc_column][\/vc_row][vc_row equal_height=&#8221;yes&#8221; content_placement=&#8221;middle&#8221; css=&#8221;.vc_custom_1616780786033{margin-top: 0px !important;margin-bottom: 0px !important;}&#8221;][vc_column width=&#8221;1\/2&#8243; css=&#8221;.vc_custom_1578209136628{padding-top: 15% !important;padding-right: 15% !important;padding-bottom: 15% !important;padding-left: 15% !important;background-color: #2c2c2c !important;}&#8221;]\n\t<div class=\"title-subtitle-box  \" style=\" text-align: center;\">\n\t\t<h2 style=\" color:#ffffff;  font-weight: normal;\" class=\"special-title\" >Competenze e Politica Integrata<\/h2>\n\t\t<span class=\"gg-horizontal-line\"><\/span>\n\t\t<div class=\"box-description\"><p>Attenzione rivolta al cliente &#8211; Attenzione rivolta ai risultati &#8211; Attenzione rivolta alla qualit\u00e0 &#8211; Allineamento del Team &#8211; Capacit\u00e0 di Innovazione<\/p>\n<p>Incoraggiare l\u2019impegno del capitale umano ottenendo l\u2019esecuzione efficace e sicura dei processi per il raggiungimento degli obiettivi. Fornire prodotti che soddisfino le esigenze dei clienti, prevenendo comportamenti delittuosi suscettibili di ripercuotersi sulla catena logistica. Garantire il miglioramento continuo promuovendo il Codice di Sostenibilit\u00e0 RB360 e rispettando le legislazioni vigenti.<\/p>\n<\/div>\n\t<\/div> [\/vc_column][vc_column width=&#8221;1\/2&#8243; add_reveal_effect=&#8221;yes&#8221; css=&#8221;.vc_custom_1616934979765{padding-top: 10% !important;padding-right: 10% !important;padding-bottom: 10% !important;padding-left: 10% !important;background-image: url(https:\/\/ronbarcelo.com\/wp-content\/uploads\/2021\/03\/identidad3.jpg?id=4640) !important;background-position: center !important;background-repeat: no-repeat !important;background-size: cover !important;}&#8221;][vc_empty_space height=&#8221;500px&#8221;][\/vc_column][\/vc_row][vc_row][vc_column]\n\t<div class=\"gg-special-button-wrapper  special-button-align-center special-button-style-btn-primary\"><a class=\"btn btn-primary\" href=\"https:\/\/ronbarcelo.com\/it\/la-nostra-azienda\/\" title=\"La nostra Azienda\" target=\"_self\">La nostra Azienda<\/a><\/div>[\/vc_column][\/vc_row]<\/p>\n","protected":false},"excerpt":{"rendered":"<p>[vc_row equal_height=&#8221;yes&#8221; content_placement=&#8221;middle&#8221; css=&#8221;.vc_custom_1579620585382{margin-bottom: 0px !important;}&#8221;][vc_column width=&#8221;1\/2&#8243; css=&#8221;.vc_custom_1578209136628{padding-top: 15% !important;padding-right: 15% !important;padding-bottom: 15% !important;padding-left: 15% !important;background-color: #2c2c2c !important;}&#8221;][\/vc_column][vc_column width=&#8221;1\/2&#8243; add_reveal_effect=&#8221;yes&#8221; css=&#8221;.vc_custom_1616934967957{padding-top: 10% !important;padding-right: 10% !important;padding-bottom: 10% !important;padding-left: 10% !important;background-image: url(https:\/\/ronbarcelo.com\/wp-content\/uploads\/2021\/03\/identidad1.jpg?id=4636) !important;background-position: center !important;background-repeat: no-repeat !important;background-size: cover !important;}&#8221;][vc_empty_space height=&#8221;500px&#8221;][\/vc_column][\/vc_row][vc_row equal_height=&#8221;yes&#8221; content_placement=&#8221;middle&#8221; css=&#8221;.vc_custom_1621176351164{margin-top: 0px !important;margin-bottom: 0px !important;}&#8221; el_class=&#8221;mob-col-rev&#8221;][vc_column width=&#8221;1\/2&#8243; add_reveal_effect=&#8221;yes&#8221; css=&#8221;.vc_custom_1616934959908{padding-top: 10% !important;padding-right: 10% !important;padding-bottom: 10% !important;padding-left:<\/p>\n<p class=\"more-link-wrapper\"><a class=\"btn btn-primary\" href=\"https:\/\/ronbarcelo.com\/it\/la-nostra-azienda\/identita\/\">Read More<\/a><\/p>\n","protected":false},"author":1,"featured_media":4628,"parent":6089,"menu_order":0,"comment_status":"closed","ping_status":"closed","template":"","meta":{"footnotes":""},"class_list":["post-6099","page","type-page","status-publish","has-post-thumbnail","hentry","has_thumb"],"yoast_head":"<!-- This site is optimized with the Yoast SEO plugin v24.9 - https:\/\/yoast.com\/wordpress\/plugins\/seo\/ -->\n<title>Identit\u00e0 - Ron Barcel\u00f3<\/title>\n<meta name=\"robots\" content=\"index, follow, max-snippet:-1, max-image-preview:large, max-video-preview:-1\" \/>\n<link rel=\"canonical\" href=\"https:\/\/ronbarcelo.com\/it\/la-nostra-azienda\/identita\/\" \/>\n<meta property=\"og:locale\" content=\"it_IT\" \/>\n<meta property=\"og:type\" content=\"article\" \/>\n<meta property=\"og:title\" content=\"Identit\u00e0 - Ron Barcel\u00f3\" \/>\n<meta property=\"og:description\" content=\"[vc_row equal_height=&#8221;yes&#8221; content_placement=&#8221;middle&#8221; css=&#8221;.vc_custom_1579620585382{margin-bottom: 0px !important;}&#8221;][vc_column width=&#8221;1\/2&#8243; css=&#8221;.vc_custom_1578209136628{padding-top: 15% !important;padding-right: 15% !important;padding-bottom: 15% !important;padding-left: 15% !important;background-color: #2c2c2c !important;}&#8221;][\/vc_column][vc_column width=&#8221;1\/2&#8243; add_reveal_effect=&#8221;yes&#8221; css=&#8221;.vc_custom_1616934967957{padding-top: 10% !important;padding-right: 10% !important;padding-bottom: 10% !important;padding-left: 10% !important;background-image: url(https:\/\/ronbarcelo.com\/wp-content\/uploads\/2021\/03\/identidad1.jpg?id=4636) !important;background-position: center !important;background-repeat: no-repeat !important;background-size: cover !important;}&#8221;][vc_empty_space height=&#8221;500px&#8221;][\/vc_column][\/vc_row][vc_row equal_height=&#8221;yes&#8221; content_placement=&#8221;middle&#8221; css=&#8221;.vc_custom_1621176351164{margin-top: 0px !important;margin-bottom: 0px !important;}&#8221; el_class=&#8221;mob-col-rev&#8221;][vc_column width=&#8221;1\/2&#8243; add_reveal_effect=&#8221;yes&#8221; css=&#8221;.vc_custom_1616934959908{padding-top: 10% !important;padding-right: 10% !important;padding-bottom: 10% !important;padding-left:Read More\" \/>\n<meta property=\"og:url\" content=\"https:\/\/ronbarcelo.com\/it\/la-nostra-azienda\/identita\/\" \/>\n<meta property=\"og:site_name\" content=\"Ron Barcel\u00f3\" \/>\n<meta property=\"article:modified_time\" content=\"2021-06-08T13:52:26+00:00\" \/>\n<meta property=\"og:image\" content=\"https:\/\/ronbarcelo.com\/wp-content\/uploads\/2021\/03\/identidad_main.jpg\" \/>\n\t<meta property=\"og:image:width\" content=\"1600\" \/>\n\t<meta property=\"og:image:height\" content=\"690\" \/>\n\t<meta property=\"og:image:type\" content=\"image\/jpeg\" \/>\n<meta name=\"twitter:card\" content=\"summary_large_image\" \/>\n<meta name=\"twitter:label1\" content=\"Tempo di lettura stimato\" \/>\n\t<meta name=\"twitter:data1\" content=\"2 minuti\" \/>\n<script type=\"application\/ld+json\" class=\"yoast-schema-graph\">{\"@context\":\"https:\/\/schema.org\",\"@graph\":[{\"@type\":\"WebPage\",\"@id\":\"https:\/\/ronbarcelo.com\/it\/la-nostra-azienda\/identita\/\",\"url\":\"https:\/\/ronbarcelo.com\/it\/la-nostra-azienda\/identita\/\",\"name\":\"Identit\u00e0 - Ron Barcel\u00f3\",\"isPartOf\":{\"@id\":\"https:\/\/ronbarcelo.com\/it\/#website\"},\"primaryImageOfPage\":{\"@id\":\"https:\/\/ronbarcelo.com\/it\/la-nostra-azienda\/identita\/#primaryimage\"},\"image\":{\"@id\":\"https:\/\/ronbarcelo.com\/it\/la-nostra-azienda\/identita\/#primaryimage\"},\"thumbnailUrl\":\"https:\/\/ronbarcelo.com\/wp-content\/uploads\/2021\/03\/identidad_main.jpg\",\"datePublished\":\"2021-06-08T13:51:33+00:00\",\"dateModified\":\"2021-06-08T13:52:26+00:00\",\"breadcrumb\":{\"@id\":\"https:\/\/ronbarcelo.com\/it\/la-nostra-azienda\/identita\/#breadcrumb\"},\"inLanguage\":\"it-IT\",\"potentialAction\":[{\"@type\":\"ReadAction\",\"target\":[\"https:\/\/ronbarcelo.com\/it\/la-nostra-azienda\/identita\/\"]}]},{\"@type\":\"ImageObject\",\"inLanguage\":\"it-IT\",\"@id\":\"https:\/\/ronbarcelo.com\/it\/la-nostra-azienda\/identita\/#primaryimage\",\"url\":\"https:\/\/ronbarcelo.com\/wp-content\/uploads\/2021\/03\/identidad_main.jpg\",\"contentUrl\":\"https:\/\/ronbarcelo.com\/wp-content\/uploads\/2021\/03\/identidad_main.jpg\",\"width\":1600,\"height\":690,\"caption\":\"Maestro-ronero\"},{\"@type\":\"BreadcrumbList\",\"@id\":\"https:\/\/ronbarcelo.com\/it\/la-nostra-azienda\/identita\/#breadcrumb\",\"itemListElement\":[{\"@type\":\"ListItem\",\"position\":1,\"name\":\"Portada\",\"item\":\"https:\/\/ronbarcelo.com\/it\/\"},{\"@type\":\"ListItem\",\"position\":2,\"name\":\"La nostra Azienda\",\"item\":\"https:\/\/ronbarcelo.com\/it\/la-nostra-azienda\/\"},{\"@type\":\"ListItem\",\"position\":3,\"name\":\"Identit\u00e0\"}]},{\"@type\":\"WebSite\",\"@id\":\"https:\/\/ronbarcelo.com\/it\/#website\",\"url\":\"https:\/\/ronbarcelo.com\/it\/\",\"name\":\"Ron Barcel\u00f3\",\"description\":\"Ron Dominicano\",\"publisher\":{\"@id\":\"https:\/\/ronbarcelo.com\/it\/#organization\"},\"potentialAction\":[{\"@type\":\"SearchAction\",\"target\":{\"@type\":\"EntryPoint\",\"urlTemplate\":\"https:\/\/ronbarcelo.com\/it\/?s={search_term_string}\"},\"query-input\":{\"@type\":\"PropertyValueSpecification\",\"valueRequired\":true,\"valueName\":\"search_term_string\"}}],\"inLanguage\":\"it-IT\"},{\"@type\":\"Organization\",\"@id\":\"https:\/\/ronbarcelo.com\/it\/#organization\",\"name\":\"Barcel\u00f3 - Ron Dominicano\",\"url\":\"https:\/\/ronbarcelo.com\/it\/\",\"logo\":{\"@type\":\"ImageObject\",\"inLanguage\":\"it-IT\",\"@id\":\"https:\/\/ronbarcelo.com\/it\/#\/schema\/logo\/image\/\",\"url\":\"https:\/\/ronbarcelo.com\/wp-content\/uploads\/2021\/05\/logo-email.png\",\"contentUrl\":\"https:\/\/ronbarcelo.com\/wp-content\/uploads\/2021\/05\/logo-email.png\",\"width\":150,\"height\":109,\"caption\":\"Barcel\u00f3 - Ron Dominicano\"},\"image\":{\"@id\":\"https:\/\/ronbarcelo.com\/it\/#\/schema\/logo\/image\/\"},\"sameAs\":[\"https:\/\/www.linkedin.com\/company\/ronbarcelo\/\"]}]}<\/script>\n<!-- \/ Yoast SEO plugin. -->","yoast_head_json":{"title":"Identit\u00e0 - Ron Barcel\u00f3","robots":{"index":"index","follow":"follow","max-snippet":"max-snippet:-1","max-image-preview":"max-image-preview:large","max-video-preview":"max-video-preview:-1"},"canonical":"https:\/\/ronbarcelo.com\/it\/la-nostra-azienda\/identita\/","og_locale":"it_IT","og_type":"article","og_title":"Identit\u00e0 - Ron Barcel\u00f3","og_description":"[vc_row equal_height=&#8221;yes&#8221; content_placement=&#8221;middle&#8221; css=&#8221;.vc_custom_1579620585382{margin-bottom: 0px !important;}&#8221;][vc_column width=&#8221;1\/2&#8243; css=&#8221;.vc_custom_1578209136628{padding-top: 15% !important;padding-right: 15% !important;padding-bottom: 15% !important;padding-left: 15% !important;background-color: #2c2c2c !important;}&#8221;][\/vc_column][vc_column width=&#8221;1\/2&#8243; add_reveal_effect=&#8221;yes&#8221; css=&#8221;.vc_custom_1616934967957{padding-top: 10% !important;padding-right: 10% !important;padding-bottom: 10% !important;padding-left: 10% !important;background-image: url(https:\/\/ronbarcelo.com\/wp-content\/uploads\/2021\/03\/identidad1.jpg?id=4636) !important;background-position: center !important;background-repeat: no-repeat !important;background-size: cover !important;}&#8221;][vc_empty_space height=&#8221;500px&#8221;][\/vc_column][\/vc_row][vc_row equal_height=&#8221;yes&#8221; content_placement=&#8221;middle&#8221; css=&#8221;.vc_custom_1621176351164{margin-top: 0px !important;margin-bottom: 0px !important;}&#8221; el_class=&#8221;mob-col-rev&#8221;][vc_column width=&#8221;1\/2&#8243; add_reveal_effect=&#8221;yes&#8221; css=&#8221;.vc_custom_1616934959908{padding-top: 10% !important;padding-right: 10% !important;padding-bottom: 10% !important;padding-left:Read More","og_url":"https:\/\/ronbarcelo.com\/it\/la-nostra-azienda\/identita\/","og_site_name":"Ron Barcel\u00f3","article_modified_time":"2021-06-08T13:52:26+00:00","og_image":[{"width":1600,"height":690,"url":"https:\/\/ronbarcelo.com\/wp-content\/uploads\/2021\/03\/identidad_main.jpg","type":"image\/jpeg"}],"twitter_card":"summary_large_image","twitter_misc":{"Tempo di lettura stimato":"2 minuti"},"schema":{"@context":"https:\/\/schema.org","@graph":[{"@type":"WebPage","@id":"https:\/\/ronbarcelo.com\/it\/la-nostra-azienda\/identita\/","url":"https:\/\/ronbarcelo.com\/it\/la-nostra-azienda\/identita\/","name":"Identit\u00e0 - Ron Barcel\u00f3","isPartOf":{"@id":"https:\/\/ronbarcelo.com\/it\/#website"},"primaryImageOfPage":{"@id":"https:\/\/ronbarcelo.com\/it\/la-nostra-azienda\/identita\/#primaryimage"},"image":{"@id":"https:\/\/ronbarcelo.com\/it\/la-nostra-azienda\/identita\/#primaryimage"},"thumbnailUrl":"https:\/\/ronbarcelo.com\/wp-content\/uploads\/2021\/03\/identidad_main.jpg","datePublished":"2021-06-08T13:51:33+00:00","dateModified":"2021-06-08T13:52:26+00:00","breadcrumb":{"@id":"https:\/\/ronbarcelo.com\/it\/la-nostra-azienda\/identita\/#breadcrumb"},"inLanguage":"it-IT","potentialAction":[{"@type":"ReadAction","target":["https:\/\/ronbarcelo.com\/it\/la-nostra-azienda\/identita\/"]}]},{"@type":"ImageObject","inLanguage":"it-IT","@id":"https:\/\/ronbarcelo.com\/it\/la-nostra-azienda\/identita\/#primaryimage","url":"https:\/\/ronbarcelo.com\/wp-content\/uploads\/2021\/03\/identidad_main.jpg","contentUrl":"https:\/\/ronbarcelo.com\/wp-content\/uploads\/2021\/03\/identidad_main.jpg","width":1600,"height":690,"caption":"Maestro-ronero"},{"@type":"BreadcrumbList","@id":"https:\/\/ronbarcelo.com\/it\/la-nostra-azienda\/identita\/#breadcrumb","itemListElement":[{"@type":"ListItem","position":1,"name":"Portada","item":"https:\/\/ronbarcelo.com\/it\/"},{"@type":"ListItem","position":2,"name":"La nostra Azienda","item":"https:\/\/ronbarcelo.com\/it\/la-nostra-azienda\/"},{"@type":"ListItem","position":3,"name":"Identit\u00e0"}]},{"@type":"WebSite","@id":"https:\/\/ronbarcelo.com\/it\/#website","url":"https:\/\/ronbarcelo.com\/it\/","name":"Ron Barcel\u00f3","description":"Ron Dominicano","publisher":{"@id":"https:\/\/ronbarcelo.com\/it\/#organization"},"potentialAction":[{"@type":"SearchAction","target":{"@type":"EntryPoint","urlTemplate":"https:\/\/ronbarcelo.com\/it\/?s={search_term_string}"},"query-input":{"@type":"PropertyValueSpecification","valueRequired":true,"valueName":"search_term_string"}}],"inLanguage":"it-IT"},{"@type":"Organization","@id":"https:\/\/ronbarcelo.com\/it\/#organization","name":"Barcel\u00f3 - Ron Dominicano","url":"https:\/\/ronbarcelo.com\/it\/","logo":{"@type":"ImageObject","inLanguage":"it-IT","@id":"https:\/\/ronbarcelo.com\/it\/#\/schema\/logo\/image\/","url":"https:\/\/ronbarcelo.com\/wp-content\/uploads\/2021\/05\/logo-email.png","contentUrl":"https:\/\/ronbarcelo.com\/wp-content\/uploads\/2021\/05\/logo-email.png","width":150,"height":109,"caption":"Barcel\u00f3 - Ron Dominicano"},"image":{"@id":"https:\/\/ronbarcelo.com\/it\/#\/schema\/logo\/image\/"},"sameAs":["https:\/\/www.linkedin.com\/company\/ronbarcelo\/"]}]}},"_links":{"self":[{"href":"https:\/\/ronbarcelo.com\/it\/wp-json\/wp\/v2\/pages\/6099","targetHints":{"allow":["GET"]}}],"collection":[{"href":"https:\/\/ronbarcelo.com\/it\/wp-json\/wp\/v2\/pages"}],"about":[{"href":"https:\/\/ronbarcelo.com\/it\/wp-json\/wp\/v2\/types\/page"}],"author":[{"embeddable":true,"href":"https:\/\/ronbarcelo.com\/it\/wp-json\/wp\/v2\/users\/1"}],"replies":[{"embeddable":true,"href":"https:\/\/ronbarcelo.com\/it\/wp-json\/wp\/v2\/comments?post=6099"}],"version-history":[{"count":4,"href":"https:\/\/ronbarcelo.com\/it\/wp-json\/wp\/v2\/pages\/6099\/revisions"}],"predecessor-version":[{"id":6103,"href":"https:\/\/ronbarcelo.com\/it\/wp-json\/wp\/v2\/pages\/6099\/revisions\/6103"}],"up":[{"embeddable":true,"href":"https:\/\/ronbarcelo.com\/it\/wp-json\/wp\/v2\/pages\/6089"}],"wp:featuredmedia":[{"embeddable":true,"href":"https:\/\/ronbarcelo.com\/it\/wp-json\/wp\/v2\/media\/4628"}],"wp:attachment":[{"href":"https:\/\/ronbarcelo.com\/it\/wp-json\/wp\/v2\/media?parent=6099"}],"curies":[{"name":"wp","href":"https:\/\/api.w.org\/{rel}","templated":true}]}}