{"id":6104,"date":"2021-06-08T15:54:09","date_gmt":"2021-06-08T13:54:09","guid":{"rendered":"https:\/\/ronbarcelo.com\/?page_id=6104"},"modified":"2021-06-14T13:05:37","modified_gmt":"2021-06-14T11:05:37","slug":"certificazioni","status":"publish","type":"page","link":"https:\/\/ronbarcelo.com\/it\/la-nostra-azienda\/certificazioni\/","title":{"rendered":"Certificazioni"},"content":{"rendered":"<p>[vc_row][vc_column][vc_column_text]    <div class=\"gg-shop-style_1 certification-list\">\n        <ul class=\"products columns-3\">\n                            <li class=\"has_thumb product type-product post-12070 status-publish product_cat-white has-post-thumbnail\">\n    <div class=\"product-image-wrap\">\n        <img loading=\"lazy\" decoding=\"async\" width=\"281\" height=\"180\" src=\"https:\/\/ronbarcelo.com\/wp-content\/uploads\/2025\/04\/Cert-B-Corp-EN-TAG.png\" class=\"attachment-medium size-medium wp-post-image\" alt=\"\" srcset=\"https:\/\/ronbarcelo.com\/wp-content\/uploads\/2025\/04\/Cert-B-Corp-EN-TAG.png 281w, https:\/\/ronbarcelo.com\/wp-content\/uploads\/2025\/04\/Cert-B-Corp-EN-TAG-94x60.png 94w, https:\/\/ronbarcelo.com\/wp-content\/uploads\/2025\/04\/Cert-B-Corp-EN-TAG-141x90.png 141w\" sizes=\"auto, (max-width: 281px) 100vw, 281px\" \/>    <\/div>\n    <div class=\"product-meta-wrap\">\n        <div class=\"product-meta-wrap-inner\">\n            <h2 class=\"woocommerce-loop-product__title\">\n                B - Corp            <\/h2>\n            <hr\/>\n            <span class=\"cert-description\"><p>Ron Barcel\u00f3 fa parte della comunit\u00e0 delle Imprese Certificate B Corp per i suoi elevati standard verificati di performance sociale, ambientale, responsabilit\u00e0 e trasparenza.<\/p>\n<\/span>\n\n<!--        <hr \/>\n            <span class=\"related-description\"><\/span>-->\n        <\/div>\n    <\/div>\n<\/li>                            <li class=\"has_thumb product type-product post-6094 status-publish product_cat-white has-post-thumbnail\">\n    <div class=\"product-image-wrap\">\n        <img loading=\"lazy\" decoding=\"async\" width=\"280\" height=\"180\" src=\"https:\/\/ronbarcelo.com\/wp-content\/uploads\/2021\/04\/bc_or.png\" class=\"attachment-medium size-medium wp-post-image\" alt=\"\" \/>    <\/div>\n    <div class=\"product-meta-wrap\">\n        <div class=\"product-meta-wrap-inner\">\n            <h2 class=\"woocommerce-loop-product__title\">\n                Bilan Carbone            <\/h2>\n            <hr\/>\n            <span class=\"cert-description\"><p>Il metodo <strong>Bilan Carbone<sup>\u00ae<\/sup><\/strong>, messo a punto dall\u2019Agenzia per l\u2019Ambiente e il Controllo dell\u2019Energia in Francia (<strong>ADEME<\/strong>), \u00e8 uno <strong>strumento<\/strong> metodologico che consente di <strong>stimare<\/strong> le <strong>emissioni<\/strong> di gas serra generate dalle attivit\u00e0 per la produzione di beni o servizi a partire da un principio di calcolo trasparente ed aperto. Il metodo si basa sulla <strong>Norma ISO14064-1<\/strong> e sui principi generali del <strong>GHG Protocol<\/strong>.<br \/>\nL\u2019utilizzo ufficiale di questo strumento \u00e8 subordinato all\u2019ottenimento di una Licenza annuale gestita dalla <strong>Bilan Carbone Association (ABC)<\/strong> in Francia.<\/p>\n<\/span>\n\n<!--        <hr \/>\n            <span class=\"related-description\"><\/span>-->\n        <\/div>\n    <\/div>\n<\/li>                            <li class=\"has_thumb product type-product post-6095 status-publish product_cat-white has-post-thumbnail\">\n    <div class=\"product-image-wrap\">\n        <img loading=\"lazy\" decoding=\"async\" width=\"280\" height=\"180\" src=\"https:\/\/ronbarcelo.com\/wp-content\/uploads\/2021\/04\/iso14064_or.png\" class=\"attachment-medium size-medium wp-post-image\" alt=\"\" \/>    <\/div>\n    <div class=\"product-meta-wrap\">\n        <div class=\"product-meta-wrap-inner\">\n            <h2 class=\"woocommerce-loop-product__title\">\n                ISO 14064            <\/h2>\n            <hr\/>\n            <span class=\"cert-description\"><p>La Norma ISO 14064-1 descrive in dettaglio i principi e i requisiti per la progettazione, lo sviluppo, la gestione e la relazione sugli inventari delle emissioni di gas serra a livello dell\u2019organizzazione.<br \/>\nEssa comprende requisiti per determinare i limiti di emissione e rimozione di gas serra, quantificare le emissioni e rimozioni di gas serra di un\u2019organizzazione e identificare azioni o attivit\u00e0 specifiche dell\u2019azienda volte a migliorare la gestione dei gas serra.<\/p>\n<\/span>\n\n<!--        <hr \/>\n            <span class=\"related-description\"><\/span>-->\n        <\/div>\n    <\/div>\n<\/li>                            <li class=\"has_thumb product type-product post-6096 status-publish product_cat-white has-post-thumbnail\">\n    <div class=\"product-image-wrap\">\n        <img loading=\"lazy\" decoding=\"async\" width=\"280\" height=\"180\" src=\"https:\/\/ronbarcelo.com\/wp-content\/uploads\/2021\/04\/ISO14067_or.png\" class=\"attachment-medium size-medium wp-post-image\" alt=\"\" \/>    <\/div>\n    <div class=\"product-meta-wrap\">\n        <div class=\"product-meta-wrap-inner\">\n            <h2 class=\"woocommerce-loop-product__title\">\n                ISO 14067            <\/h2>\n            <hr\/>\n            <span class=\"cert-description\"><p>La Norma ISO 14067 \u00e8 incentrata sulla determinazione della quantit\u00e0 di gas serra generata dalla fabbricazione di un prodotto, un servizio o un evento, nonch\u00e9 sulla generazione di un piano di riduzione per cercare di ridurli.<\/p>\n<\/span>\n\n<!--        <hr \/>\n            <span class=\"related-description\"><\/span>-->\n        <\/div>\n    <\/div>\n<\/li>                            <li class=\"has_thumb product type-product post-6097 status-publish product_cat-white has-post-thumbnail\">\n    <div class=\"product-image-wrap\">\n        <img loading=\"lazy\" decoding=\"async\" width=\"280\" height=\"180\" src=\"https:\/\/ronbarcelo.com\/wp-content\/uploads\/2021\/04\/carribeanrum_or.png\" class=\"attachment-medium size-medium wp-post-image\" alt=\"\" \/>    <\/div>\n    <div class=\"product-meta-wrap\">\n        <div class=\"product-meta-wrap-inner\">\n            <h2 class=\"woocommerce-loop-product__title\">\n                Authentic Caribbean Rum            <\/h2>\n            <hr\/>\n            <span class=\"cert-description\"><p>Il marchio Aut\u00e9ntico Ron Caribe\u00f1o (ACR Marque) \u00e8 un marchio registrato di propriet\u00e0 della West Indies Rum &#038; Spirits Producers\u2019 Association, Inc (WIRSPA) creato per promuovere i produttori di rum nei Paesi ACP caraibici. Ron Barcel\u00f3 gode del sigillo Authentic Caribbean Rum, che garantisce la creazione di rum di qualit\u00e0 eccezionale.<\/p>\n<\/span>\n\n<!--        <hr \/>\n            <span class=\"related-description\"><\/span>-->\n        <\/div>\n    <\/div>\n<\/li>                            <li class=\"has_thumb product type-product post-6098 status-publish product_cat-white has-post-thumbnail\">\n    <div class=\"product-image-wrap\">\n        <img loading=\"lazy\" decoding=\"async\" width=\"280\" height=\"180\" src=\"https:\/\/ronbarcelo.com\/wp-content\/uploads\/2021\/04\/climateneutral_or.png\" class=\"attachment-medium size-medium wp-post-image\" alt=\"\" \/>    <\/div>\n    <div class=\"product-meta-wrap\">\n        <div class=\"product-meta-wrap-inner\">\n            <h2 class=\"woocommerce-loop-product__title\">\n                Climate Neutral Now            <\/h2>\n            <hr\/>\n            <span class=\"cert-description\"><p>Ron Barcel\u00f3 aderisce all\u2019iniziativa \u201cClimate Neutral Now\u201d delle Nazioni Unite, rappresentando il primo distillato e rum al mondo a far parte di questo programma. Questa iniziativa lanciata dall\u2019ONU sostiene l\u2019attuazione di misure a favore del clima tese a limitare l\u2019aumento della temperatura al di sotto di 1,5\u00b0 C e a raggiungere la neutralit\u00e0 carbonica globale entro la met\u00e0 del secolo, cos\u00ec come previsto dall\u2019accordo di Parigi.<\/p>\n<\/span>\n\n<!--        <hr \/>\n            <span class=\"related-description\"><\/span>-->\n        <\/div>\n    <\/div>\n<\/li>                    <\/ul>\n    <\/div>\n[\/vc_column_text][\/vc_column][\/vc_row][vc_row][vc_column]\n\t<div class=\"gg-special-button-wrapper  special-button-align-center special-button-style-btn-primary\"><a class=\"btn btn-primary\" href=\"https:\/\/ronbarcelo.com\/it\/sostenibilita\/\" title=\"Sostenibilit\u00e0\" target=\"_self\">Sostenibilit\u00e0<\/a><\/div>[\/vc_column][\/vc_row]<\/p>\n","protected":false},"excerpt":{"rendered":"<p>[vc_row][vc_column][vc_column_text][\/vc_column_text][\/vc_column][\/vc_row][vc_row][vc_column][\/vc_column][\/vc_row]<\/p>\n","protected":false},"author":1,"featured_media":5432,"parent":6089,"menu_order":0,"comment_status":"closed","ping_status":"closed","template":"","meta":{"footnotes":""},"class_list":["post-6104","page","type-page","status-publish","has-post-thumbnail","hentry","has_thumb"],"yoast_head":"<!-- This site is optimized with the Yoast SEO plugin v24.9 - https:\/\/yoast.com\/wordpress\/plugins\/seo\/ -->\n<title>Certificazioni - Ron Barcel\u00f3<\/title>\n<meta name=\"robots\" content=\"index, follow, max-snippet:-1, max-image-preview:large, max-video-preview:-1\" \/>\n<link rel=\"canonical\" href=\"https:\/\/ronbarcelo.com\/it\/la-nostra-azienda\/certificazioni\/\" \/>\n<meta property=\"og:locale\" content=\"it_IT\" \/>\n<meta property=\"og:type\" content=\"article\" \/>\n<meta property=\"og:title\" content=\"Certificazioni - Ron Barcel\u00f3\" \/>\n<meta property=\"og:description\" content=\"[vc_row][vc_column][vc_column_text][\/vc_column_text][\/vc_column][\/vc_row][vc_row][vc_column][\/vc_column][\/vc_row]\" \/>\n<meta property=\"og:url\" content=\"https:\/\/ronbarcelo.com\/it\/la-nostra-azienda\/certificazioni\/\" \/>\n<meta property=\"og:site_name\" content=\"Ron Barcel\u00f3\" \/>\n<meta property=\"article:modified_time\" content=\"2021-06-14T11:05:37+00:00\" \/>\n<meta property=\"og:image\" content=\"https:\/\/ronbarcelo.com\/wp-content\/uploads\/2021\/04\/certificaciones-main.jpg\" \/>\n\t<meta property=\"og:image:width\" content=\"1600\" \/>\n\t<meta property=\"og:image:height\" content=\"740\" \/>\n\t<meta property=\"og:image:type\" content=\"image\/jpeg\" \/>\n<meta name=\"twitter:card\" content=\"summary_large_image\" \/>\n<meta name=\"twitter:label1\" content=\"Tempo di lettura stimato\" \/>\n\t<meta name=\"twitter:data1\" content=\"1 minuto\" \/>\n<script type=\"application\/ld+json\" class=\"yoast-schema-graph\">{\"@context\":\"https:\/\/schema.org\",\"@graph\":[{\"@type\":\"WebPage\",\"@id\":\"https:\/\/ronbarcelo.com\/it\/la-nostra-azienda\/certificazioni\/\",\"url\":\"https:\/\/ronbarcelo.com\/it\/la-nostra-azienda\/certificazioni\/\",\"name\":\"Certificazioni - Ron Barcel\u00f3\",\"isPartOf\":{\"@id\":\"https:\/\/ronbarcelo.com\/it\/#website\"},\"primaryImageOfPage\":{\"@id\":\"https:\/\/ronbarcelo.com\/it\/la-nostra-azienda\/certificazioni\/#primaryimage\"},\"image\":{\"@id\":\"https:\/\/ronbarcelo.com\/it\/la-nostra-azienda\/certificazioni\/#primaryimage\"},\"thumbnailUrl\":\"https:\/\/ronbarcelo.com\/wp-content\/uploads\/2021\/04\/certificaciones-main.jpg\",\"datePublished\":\"2021-06-08T13:54:09+00:00\",\"dateModified\":\"2021-06-14T11:05:37+00:00\",\"breadcrumb\":{\"@id\":\"https:\/\/ronbarcelo.com\/it\/la-nostra-azienda\/certificazioni\/#breadcrumb\"},\"inLanguage\":\"it-IT\",\"potentialAction\":[{\"@type\":\"ReadAction\",\"target\":[\"https:\/\/ronbarcelo.com\/it\/la-nostra-azienda\/certificazioni\/\"]}]},{\"@type\":\"ImageObject\",\"inLanguage\":\"it-IT\",\"@id\":\"https:\/\/ronbarcelo.com\/it\/la-nostra-azienda\/certificazioni\/#primaryimage\",\"url\":\"https:\/\/ronbarcelo.com\/wp-content\/uploads\/2021\/04\/certificaciones-main.jpg\",\"contentUrl\":\"https:\/\/ronbarcelo.com\/wp-content\/uploads\/2021\/04\/certificaciones-main.jpg\",\"width\":1600,\"height\":740},{\"@type\":\"BreadcrumbList\",\"@id\":\"https:\/\/ronbarcelo.com\/it\/la-nostra-azienda\/certificazioni\/#breadcrumb\",\"itemListElement\":[{\"@type\":\"ListItem\",\"position\":1,\"name\":\"Portada\",\"item\":\"https:\/\/ronbarcelo.com\/it\/\"},{\"@type\":\"ListItem\",\"position\":2,\"name\":\"La nostra Azienda\",\"item\":\"https:\/\/ronbarcelo.com\/it\/la-nostra-azienda\/\"},{\"@type\":\"ListItem\",\"position\":3,\"name\":\"Certificazioni\"}]},{\"@type\":\"WebSite\",\"@id\":\"https:\/\/ronbarcelo.com\/it\/#website\",\"url\":\"https:\/\/ronbarcelo.com\/it\/\",\"name\":\"Ron Barcel\u00f3\",\"description\":\"Ron Dominicano\",\"publisher\":{\"@id\":\"https:\/\/ronbarcelo.com\/it\/#organization\"},\"potentialAction\":[{\"@type\":\"SearchAction\",\"target\":{\"@type\":\"EntryPoint\",\"urlTemplate\":\"https:\/\/ronbarcelo.com\/it\/?s={search_term_string}\"},\"query-input\":{\"@type\":\"PropertyValueSpecification\",\"valueRequired\":true,\"valueName\":\"search_term_string\"}}],\"inLanguage\":\"it-IT\"},{\"@type\":\"Organization\",\"@id\":\"https:\/\/ronbarcelo.com\/it\/#organization\",\"name\":\"Barcel\u00f3 - Ron Dominicano\",\"url\":\"https:\/\/ronbarcelo.com\/it\/\",\"logo\":{\"@type\":\"ImageObject\",\"inLanguage\":\"it-IT\",\"@id\":\"https:\/\/ronbarcelo.com\/it\/#\/schema\/logo\/image\/\",\"url\":\"https:\/\/ronbarcelo.com\/wp-content\/uploads\/2021\/05\/logo-email.png\",\"contentUrl\":\"https:\/\/ronbarcelo.com\/wp-content\/uploads\/2021\/05\/logo-email.png\",\"width\":150,\"height\":109,\"caption\":\"Barcel\u00f3 - Ron Dominicano\"},\"image\":{\"@id\":\"https:\/\/ronbarcelo.com\/it\/#\/schema\/logo\/image\/\"},\"sameAs\":[\"https:\/\/www.linkedin.com\/company\/ronbarcelo\/\"]}]}<\/script>\n<!-- \/ Yoast SEO plugin. -->","yoast_head_json":{"title":"Certificazioni - Ron Barcel\u00f3","robots":{"index":"index","follow":"follow","max-snippet":"max-snippet:-1","max-image-preview":"max-image-preview:large","max-video-preview":"max-video-preview:-1"},"canonical":"https:\/\/ronbarcelo.com\/it\/la-nostra-azienda\/certificazioni\/","og_locale":"it_IT","og_type":"article","og_title":"Certificazioni - Ron Barcel\u00f3","og_description":"[vc_row][vc_column][vc_column_text][\/vc_column_text][\/vc_column][\/vc_row][vc_row][vc_column][\/vc_column][\/vc_row]","og_url":"https:\/\/ronbarcelo.com\/it\/la-nostra-azienda\/certificazioni\/","og_site_name":"Ron Barcel\u00f3","article_modified_time":"2021-06-14T11:05:37+00:00","og_image":[{"width":1600,"height":740,"url":"https:\/\/ronbarcelo.com\/wp-content\/uploads\/2021\/04\/certificaciones-main.jpg","type":"image\/jpeg"}],"twitter_card":"summary_large_image","twitter_misc":{"Tempo di lettura stimato":"1 minuto"},"schema":{"@context":"https:\/\/schema.org","@graph":[{"@type":"WebPage","@id":"https:\/\/ronbarcelo.com\/it\/la-nostra-azienda\/certificazioni\/","url":"https:\/\/ronbarcelo.com\/it\/la-nostra-azienda\/certificazioni\/","name":"Certificazioni - Ron Barcel\u00f3","isPartOf":{"@id":"https:\/\/ronbarcelo.com\/it\/#website"},"primaryImageOfPage":{"@id":"https:\/\/ronbarcelo.com\/it\/la-nostra-azienda\/certificazioni\/#primaryimage"},"image":{"@id":"https:\/\/ronbarcelo.com\/it\/la-nostra-azienda\/certificazioni\/#primaryimage"},"thumbnailUrl":"https:\/\/ronbarcelo.com\/wp-content\/uploads\/2021\/04\/certificaciones-main.jpg","datePublished":"2021-06-08T13:54:09+00:00","dateModified":"2021-06-14T11:05:37+00:00","breadcrumb":{"@id":"https:\/\/ronbarcelo.com\/it\/la-nostra-azienda\/certificazioni\/#breadcrumb"},"inLanguage":"it-IT","potentialAction":[{"@type":"ReadAction","target":["https:\/\/ronbarcelo.com\/it\/la-nostra-azienda\/certificazioni\/"]}]},{"@type":"ImageObject","inLanguage":"it-IT","@id":"https:\/\/ronbarcelo.com\/it\/la-nostra-azienda\/certificazioni\/#primaryimage","url":"https:\/\/ronbarcelo.com\/wp-content\/uploads\/2021\/04\/certificaciones-main.jpg","contentUrl":"https:\/\/ronbarcelo.com\/wp-content\/uploads\/2021\/04\/certificaciones-main.jpg","width":1600,"height":740},{"@type":"BreadcrumbList","@id":"https:\/\/ronbarcelo.com\/it\/la-nostra-azienda\/certificazioni\/#breadcrumb","itemListElement":[{"@type":"ListItem","position":1,"name":"Portada","item":"https:\/\/ronbarcelo.com\/it\/"},{"@type":"ListItem","position":2,"name":"La nostra Azienda","item":"https:\/\/ronbarcelo.com\/it\/la-nostra-azienda\/"},{"@type":"ListItem","position":3,"name":"Certificazioni"}]},{"@type":"WebSite","@id":"https:\/\/ronbarcelo.com\/it\/#website","url":"https:\/\/ronbarcelo.com\/it\/","name":"Ron Barcel\u00f3","description":"Ron Dominicano","publisher":{"@id":"https:\/\/ronbarcelo.com\/it\/#organization"},"potentialAction":[{"@type":"SearchAction","target":{"@type":"EntryPoint","urlTemplate":"https:\/\/ronbarcelo.com\/it\/?s={search_term_string}"},"query-input":{"@type":"PropertyValueSpecification","valueRequired":true,"valueName":"search_term_string"}}],"inLanguage":"it-IT"},{"@type":"Organization","@id":"https:\/\/ronbarcelo.com\/it\/#organization","name":"Barcel\u00f3 - Ron Dominicano","url":"https:\/\/ronbarcelo.com\/it\/","logo":{"@type":"ImageObject","inLanguage":"it-IT","@id":"https:\/\/ronbarcelo.com\/it\/#\/schema\/logo\/image\/","url":"https:\/\/ronbarcelo.com\/wp-content\/uploads\/2021\/05\/logo-email.png","contentUrl":"https:\/\/ronbarcelo.com\/wp-content\/uploads\/2021\/05\/logo-email.png","width":150,"height":109,"caption":"Barcel\u00f3 - Ron Dominicano"},"image":{"@id":"https:\/\/ronbarcelo.com\/it\/#\/schema\/logo\/image\/"},"sameAs":["https:\/\/www.linkedin.com\/company\/ronbarcelo\/"]}]}},"_links":{"self":[{"href":"https:\/\/ronbarcelo.com\/it\/wp-json\/wp\/v2\/pages\/6104","targetHints":{"allow":["GET"]}}],"collection":[{"href":"https:\/\/ronbarcelo.com\/it\/wp-json\/wp\/v2\/pages"}],"about":[{"href":"https:\/\/ronbarcelo.com\/it\/wp-json\/wp\/v2\/types\/page"}],"author":[{"embeddable":true,"href":"https:\/\/ronbarcelo.com\/it\/wp-json\/wp\/v2\/users\/1"}],"replies":[{"embeddable":true,"href":"https:\/\/ronbarcelo.com\/it\/wp-json\/wp\/v2\/comments?post=6104"}],"version-history":[{"count":4,"href":"https:\/\/ronbarcelo.com\/it\/wp-json\/wp\/v2\/pages\/6104\/revisions"}],"predecessor-version":[{"id":6461,"href":"https:\/\/ronbarcelo.com\/it\/wp-json\/wp\/v2\/pages\/6104\/revisions\/6461"}],"up":[{"embeddable":true,"href":"https:\/\/ronbarcelo.com\/it\/wp-json\/wp\/v2\/pages\/6089"}],"wp:featuredmedia":[{"embeddable":true,"href":"https:\/\/ronbarcelo.com\/it\/wp-json\/wp\/v2\/media\/5432"}],"wp:attachment":[{"href":"https:\/\/ronbarcelo.com\/it\/wp-json\/wp\/v2\/media?parent=6104"}],"curies":[{"name":"wp","href":"https:\/\/api.w.org\/{rel}","templated":true}]}}