{"id":6235,"date":"2021-06-13T17:02:29","date_gmt":"2021-06-13T15:02:29","guid":{"rendered":"https:\/\/ronbarcelo.com\/fundacion\/"},"modified":"2021-06-13T17:10:48","modified_gmt":"2021-06-13T15:10:48","slug":"la-fondazione","status":"publish","type":"page","link":"https:\/\/ronbarcelo.com\/it\/la-fondazione\/","title":{"rendered":"La Fondazione"},"content":{"rendered":"<p>[vc_row equal_height=&#8221;yes&#8221; content_placement=&#8221;middle&#8221; css=&#8221;.vc_custom_1616953978988{padding-right: 5% !important;padding-left: 5% !important;}&#8221;][vc_column][vc_single_image image=&#8221;4943&#8243; img_size=&#8221;300&#8243; alignment=&#8221;center&#8221; el_id=&#8221;afd-logo&#8221;]\n\t<blockquote  class=\"gg-vc-quote  remove_blockquotes font_size_small text-align-center vc_custom_1623596762852\">\n\tLa Fondazione AFD Ron Barcel\u00f3 \u00e8 un\u2019organizzazione senza scopo di lucro che si dedica allo sviluppo di programmi sociali a beneficio delle comunit\u00e0 limitrofe alle aziende Alcoholes Finos Dominicano e Ron Barcel\u00f3.\n\t<\/blockquote>[\/vc_column][\/vc_row][vc_row el_id=&#8221;our-values&#8221;][vc_column css=&#8221;.vc_custom_1617049100200{background-image: url(https:\/\/ronbarcelo.com\/wp-content\/uploads\/2021\/03\/afd-text-bg.jpg?id=4949) !important;background-position: center !important;background-repeat: no-repeat !important;background-size: cover !important;}&#8221;]\n\t<div class=\"values-grid-wrapper  vc_custom_1623596916345 columns-2 wow\">\n\t<div class=\"values-grid-bg\"><\/div>\n\t<div class=\"values-grid-content\">\n\t<div class=\"col-1\">\n\t<\/div>\n\t<div class=\"col-2\">\n\t<\/div>\n\t<div class=\"values-grid-area\"><ul class=\"values-grid\"><li data-bg=\"\"><h4>FILOSOFIA<\/h4><div class=\"description\">Istituzione senza scopo di lucro dedicata all\u2019implementazione di programmi sociali nelle comunit\u00e0 e nelle aree abitate pi\u00f9 vulnerabili adiacenti alle piantagioni, attraverso un\u2019educazione basata sui valori che consenta loro di sviluppare le proprie potenzialit\u00e0 di autogestione e lavoro di squadra.<\/div><\/li><li data-bg=\"\"><h4>VISION<\/h4><div class=\"description\">Essere un fondamento di trascendenza nella Repubblica Dominicana che consenta di soddisfare i bisogni degli abitanti delle comunit\u00e0 dell\u2019area d\u2019influenza al fine di promuovere l\u2019impegno e la partecipazione dei suoi membri.<\/div><\/li><li data-bg=\"\"><h4>MISSION<\/h4><div class=\"description\">Contribuire allo sviluppo socioeconomico ed al miglioramento della qualit\u00e0 della vita delle comunit\u00e0 nell\u2019area d\u2019influenza della Fondazione, attraverso l\u2019attuazione di programmi e progetti in aree di base quali la salute, l\u2019istruzione, l\u2019alimentazione, la formazione, le infrastrutture e lo sviluppo.<\/div><\/li><li data-bg=\"\"><h4>VALORI<\/h4><div class=\"description\"><span>Onest\u00e0<\/span>: Agire con trasparenza, fedelt\u00e0 e onest\u00e0. Fare ci\u00f2 che diciamo senza arrecare danno agli altri. Onorare la fiducia riposta.<br\/>\n<span>Rispetto<\/span>: Riconoscere la dignit\u00e0 e i diritti di tutti.<br\/>\n<span>Responsabilit\u00e0<\/span>: Adempiere tempestivamente agli obblighi e agli impegni, assumendosi le conseguenze dei risultati ottenuti.<br\/>\n<span>Solidariet\u00e0<\/span>: Promuovere opportunit\u00e0 che ci permettano di raggiungere i nostri obiettivi, senza distinzione di razza, sesso, nazionalit\u00e0 e religione.<\/div><\/li><\/ul>\n\t<\/div>\n\t<\/div>\n\t<\/div>\n\t<div class=\"gg-special-button-wrapper  vc_custom_1623597017181 special-button-align-left special-button-style-btn-primary\"><a class=\"btn btn-primary\" href=\"http:\/\/fundacionafdronbarcelo.org\/\" title=\"Scopri di pi\u00f9\" target=\" _blank\">Scopri di pi\u00f9<\/a><\/div>[\/vc_column][\/vc_row][vc_row][vc_column css=&#8221;.vc_custom_1616947417578{padding-right: 0px !important;padding-left: 0px !important;}&#8221;]\n\t<div class=\"\">\n\t<div class=\"gg-media-carousel use_pagination use_navigation\">\n\t\t<div class=\"swiper-container\" data-uid=\"swiper-1965643600\"  data-slidesperview =\"3\" data-slidespercolumn =\"1\" data-spacebetween =\"30\" data-initialslide =\"0\" data-direction =\"horizontal\" data-speed =\"300\" data-loop =\"true\" data-centeredslides =\"false\" data-effect =\"slide\" data-autoplay =\"\" data-paginationtype =\"bullets\"  >\n\t\t\t<div class=\"swiper-wrapper\"><div class=\"swiper-slide\"><img loading=\"lazy\" decoding=\"async\" width=\"1000\" height=\"898\" src=\"https:\/\/ronbarcelo.com\/wp-content\/uploads\/2021\/03\/afd3.jpg\" class=\"attachment-large\" alt=\"\" srcset=\"https:\/\/ronbarcelo.com\/wp-content\/uploads\/2021\/03\/afd3.jpg 1000w, https:\/\/ronbarcelo.com\/wp-content\/uploads\/2021\/03\/afd3-300x269.jpg 300w, https:\/\/ronbarcelo.com\/wp-content\/uploads\/2021\/03\/afd3-768x690.jpg 768w\" sizes=\"auto, (max-width: 1000px) 100vw, 1000px\" \/><\/div><div class=\"swiper-slide\"><img loading=\"lazy\" decoding=\"async\" width=\"1000\" height=\"901\" src=\"https:\/\/ronbarcelo.com\/wp-content\/uploads\/2021\/03\/afd2.jpg\" class=\"attachment-large\" alt=\"\" srcset=\"https:\/\/ronbarcelo.com\/wp-content\/uploads\/2021\/03\/afd2.jpg 1000w, https:\/\/ronbarcelo.com\/wp-content\/uploads\/2021\/03\/afd2-300x270.jpg 300w, https:\/\/ronbarcelo.com\/wp-content\/uploads\/2021\/03\/afd2-768x692.jpg 768w\" sizes=\"auto, (max-width: 1000px) 100vw, 1000px\" \/><\/div><div class=\"swiper-slide\"><img loading=\"lazy\" decoding=\"async\" width=\"1000\" height=\"901\" src=\"https:\/\/ronbarcelo.com\/wp-content\/uploads\/2021\/03\/afd4.jpg\" class=\"attachment-large\" alt=\"\" srcset=\"https:\/\/ronbarcelo.com\/wp-content\/uploads\/2021\/03\/afd4.jpg 1000w, https:\/\/ronbarcelo.com\/wp-content\/uploads\/2021\/03\/afd4-300x270.jpg 300w, https:\/\/ronbarcelo.com\/wp-content\/uploads\/2021\/03\/afd4-768x692.jpg 768w\" sizes=\"auto, (max-width: 1000px) 100vw, 1000px\" \/><\/div><div class=\"swiper-slide\"><img loading=\"lazy\" decoding=\"async\" width=\"1000\" height=\"900\" src=\"https:\/\/ronbarcelo.com\/wp-content\/uploads\/2021\/03\/afd5.jpg\" class=\"attachment-large\" alt=\"\" srcset=\"https:\/\/ronbarcelo.com\/wp-content\/uploads\/2021\/03\/afd5.jpg 1000w, https:\/\/ronbarcelo.com\/wp-content\/uploads\/2021\/03\/afd5-300x270.jpg 300w, https:\/\/ronbarcelo.com\/wp-content\/uploads\/2021\/03\/afd5-768x691.jpg 768w\" sizes=\"auto, (max-width: 1000px) 100vw, 1000px\" \/><\/div><div class=\"swiper-slide\"><img loading=\"lazy\" decoding=\"async\" width=\"1000\" height=\"899\" src=\"https:\/\/ronbarcelo.com\/wp-content\/uploads\/2021\/03\/afd6.jpg\" class=\"attachment-large\" alt=\"\" srcset=\"https:\/\/ronbarcelo.com\/wp-content\/uploads\/2021\/03\/afd6.jpg 1000w, https:\/\/ronbarcelo.com\/wp-content\/uploads\/2021\/03\/afd6-300x270.jpg 300w, https:\/\/ronbarcelo.com\/wp-content\/uploads\/2021\/03\/afd6-768x690.jpg 768w\" sizes=\"auto, (max-width: 1000px) 100vw, 1000px\" \/><\/div><div class=\"swiper-slide\"><img loading=\"lazy\" decoding=\"async\" width=\"1000\" height=\"899\" src=\"https:\/\/ronbarcelo.com\/wp-content\/uploads\/2021\/03\/afd7.jpg\" class=\"attachment-large\" alt=\"\" srcset=\"https:\/\/ronbarcelo.com\/wp-content\/uploads\/2021\/03\/afd7.jpg 1000w, https:\/\/ronbarcelo.com\/wp-content\/uploads\/2021\/03\/afd7-300x270.jpg 300w, https:\/\/ronbarcelo.com\/wp-content\/uploads\/2021\/03\/afd7-768x690.jpg 768w\" sizes=\"auto, (max-width: 1000px) 100vw, 1000px\" \/><\/div><div class=\"swiper-slide\"><img loading=\"lazy\" decoding=\"async\" width=\"1000\" height=\"899\" src=\"https:\/\/ronbarcelo.com\/wp-content\/uploads\/2021\/03\/afd8.jpg\" class=\"attachment-large\" alt=\"\" srcset=\"https:\/\/ronbarcelo.com\/wp-content\/uploads\/2021\/03\/afd8.jpg 1000w, https:\/\/ronbarcelo.com\/wp-content\/uploads\/2021\/03\/afd8-300x270.jpg 300w, https:\/\/ronbarcelo.com\/wp-content\/uploads\/2021\/03\/afd8-768x690.jpg 768w\" sizes=\"auto, (max-width: 1000px) 100vw, 1000px\" \/><\/div>\n\t\t\t<\/div>\n\t\t<\/div>\n\t\t<div id=\"pagination-swiper-1965643600\" class=\"swiper-pagination\"><\/div>\n\t\t<div class=\"media-button-container swiper-nav-container\">\n\t\t<div id=\"btn-next-swiper-1965643600\" class=\"swiper-nav-next\"><svg id=\"swiper-arrow-right\" viewBox=\"0 0 50 12\" width=\"100%\" height=\"100%\"><path fill-rule=\"evenodd\" d=\"M48.078 6.096H.008v.966h48.07l-4.254 4.255.683.683 5.541-5.538L44.507.924l-.683.683z\"><\/path><\/svg><\/div>\n\t\t<div id=\"btn-prev-swiper-1965643600\" class=\"swiper-nav-prev\"><svg id=\"swiper-arrow-left\" viewBox=\"0 0 50 12\" width=\"100%\" height=\"100%\"><path fill-rule=\"evenodd\" d=\"M1.922 5.904h48.07v-.966H1.922L6.176.683 5.493 0-.048 5.538l5.541 5.538.683-.683z\"><\/path><\/svg><\/div>\n\t\t<\/div>\n\t<\/div>\n\t<\/div>[\/vc_column][\/vc_row][vc_row equal_height=&#8221;yes&#8221; content_placement=&#8221;middle&#8221; css=&#8221;.vc_custom_1616954003349{padding-right: 5% !important;padding-left: 5% !important;}&#8221;][vc_column]\n\t<div class=\"title-subtitle-box  \" style=\" text-align: center;\">\n\t\t<h4 style=\" font-size:30px; line-height:30px; color:#ffffff;  font-weight: normal;\" class=\"special-title\" >Visita il sito web della Fondazione<\/h4>\n\t\t<span class=\"gg-horizontal-line\"><\/span>\n\t\t<div class=\"box-description\"><h4><a href=\"http:\/\/fundacionafdronbarcelo.org\/\" target=\"_blank\" rel=\"noopener\">fundacionafdronbarcelo.org<\/a><\/h4>\n<\/div>\n\t<\/div> [\/vc_column][\/vc_row][vc_row equal_height=&#8221;yes&#8221; content_placement=&#8221;middle&#8221; css=&#8221;.vc_custom_1578650736162{margin-top: 0px !important;}&#8221;][vc_column width=&#8221;1\/2&#8243; css=&#8221;.vc_custom_1616952555825{padding-top: 15% !important;padding-right: 15% !important;padding-bottom: 15% !important;padding-left: 15% !important;background-color: #2c2c2c !important;}&#8221;][vc_row_inner css=&#8221;.vc_custom_1616952395655{border-top-width: 1px !important;border-right-width: 1px !important;border-bottom-width: 1px !important;border-left-width: 1px !important;padding-top: 5% !important;padding-right: 5% !important;padding-bottom: 5% !important;padding-left: 5% !important;border-left-color: #9d5135 !important;border-left-style: solid !important;border-right-color: #9d5135 !important;border-right-style: solid !important;border-top-color: #9d5135 !important;border-top-style: solid !important;border-bottom-color: #9d5135 !important;border-bottom-style: solid !important;}&#8221;][vc_column_inner el_id=&#8221;box-horarios&#8221;]\n\t<div class=\"title-subtitle-box  vc_custom_1623596953200\" style=\" text-align: center;\">\n\t\t<h5 style=\" font-size:25px; line-height:25px; font-weight: normal; text-transform: uppercase;\" class=\"special-title\" >Indirizzo<\/h5>\n\t\t<span class=\"gg-horizontal-line\"><\/span>\n\t\t<div class=\"box-description\"><p>Paraje Casualidado, Batey Consuelito, Municipio Consuelo, San Pedro de Macor\u00eds, Repubblica Dominicana<\/p>\n<\/div>\n\t<\/div> \n\t<div class=\"title-subtitle-box  vc_custom_1623596971456\" style=\" text-align: center;\">\n\t\t<h5 style=\" font-size:25px; line-height:25px; font-weight: normal; text-transform: uppercase;\" class=\"special-title\" >Contatti<\/h5>\n\t\t<span class=\"gg-horizontal-line\"><\/span>\n\t\t<div class=\"box-description\"><p>Telefono: +1.809.334.2000<br \/>\nFax: +1.809.221.8883<\/p>\n<\/div>\n\t<\/div> \n\t<div class=\"title-subtitle-box  vc_custom_1619731369369\" style=\" text-align: center;\">\n\t\t<h5 style=\" font-size:25px; line-height:25px; font-weight: normal; text-transform: uppercase;\" class=\"special-title\" >Email<\/h5>\n\t\t<span class=\"gg-horizontal-line\"><\/span>\n\t\t<div class=\"box-description\"><p>info@fundacionafdronbarcelo.org<\/p>\n<\/div>\n\t<\/div> [\/vc_column_inner][\/vc_row_inner][\/vc_column][vc_column width=&#8221;1\/2&#8243; add_reveal_effect=&#8221;yes&#8221; css=&#8221;.vc_custom_1617052027762{padding-top: 0px !important;padding-right: 0px !important;padding-bottom: 0px !important;padding-left: 0px !important;background: #2c2c2c url(https:\/\/ronbarcelo.com\/wp-content\/uploads\/2021\/03\/side-img.jpg?id=5012) !important;background-position: center !important;background-repeat: no-repeat !important;background-size: cover !important;}&#8221; el_class=&#8221;reveal-effect masker wow&#8221;][vc_empty_space height=&#8221;400px&#8221;][\/vc_column][\/vc_row]<\/p>\n","protected":false},"excerpt":{"rendered":"<p>[vc_row equal_height=&#8221;yes&#8221; content_placement=&#8221;middle&#8221; css=&#8221;.vc_custom_1616953978988{padding-right: 5% !important;padding-left: 5% !important;}&#8221;][vc_column][vc_single_image image=&#8221;4943&#8243; img_size=&#8221;300&#8243; alignment=&#8221;center&#8221; el_id=&#8221;afd-logo&#8221;][\/vc_column][\/vc_row][vc_row el_id=&#8221;our-values&#8221;][vc_column css=&#8221;.vc_custom_1617049100200{background-image: url(https:\/\/ronbarcelo.com\/wp-content\/uploads\/2021\/03\/afd-text-bg.jpg?id=4949) !important;background-position: center !important;background-repeat: no-repeat !important;background-size: cover !important;}&#8221;][\/vc_column][\/vc_row][vc_row][vc_column css=&#8221;.vc_custom_1616947417578{padding-right: 0px !important;padding-left: 0px !important;}&#8221;][\/vc_column][\/vc_row][vc_row equal_height=&#8221;yes&#8221; content_placement=&#8221;middle&#8221; css=&#8221;.vc_custom_1616954003349{padding-right: 5% !important;padding-left: 5% !important;}&#8221;][vc_column][\/vc_column][\/vc_row][vc_row equal_height=&#8221;yes&#8221; content_placement=&#8221;middle&#8221; css=&#8221;.vc_custom_1578650736162{margin-top: 0px !important;}&#8221;][vc_column width=&#8221;1\/2&#8243; css=&#8221;.vc_custom_1616952555825{padding-top: 15% !important;padding-right: 15% !important;padding-bottom: 15% !important;padding-left: 15% !important;background-color: #2c2c2c !important;}&#8221;][vc_row_inner css=&#8221;.vc_custom_1616952395655{border-top-width: 1px !important;border-right-width: 1px<\/p>\n<p class=\"more-link-wrapper\"><a class=\"btn btn-primary\" href=\"https:\/\/ronbarcelo.com\/it\/la-fondazione\/\">Read More<\/a><\/p>\n","protected":false},"author":1,"featured_media":4933,"parent":0,"menu_order":0,"comment_status":"closed","ping_status":"closed","template":"","meta":{"footnotes":""},"class_list":["post-6235","page","type-page","status-publish","has-post-thumbnail","hentry","has_thumb"],"yoast_head":"<!-- This site is optimized with the Yoast SEO plugin v24.9 - https:\/\/yoast.com\/wordpress\/plugins\/seo\/ -->\n<title>La Fondazione - Ron Barcel\u00f3<\/title>\n<meta name=\"robots\" content=\"index, follow, max-snippet:-1, max-image-preview:large, max-video-preview:-1\" \/>\n<link rel=\"canonical\" href=\"https:\/\/ronbarcelo.com\/it\/la-fondazione\/\" \/>\n<meta property=\"og:locale\" content=\"it_IT\" \/>\n<meta property=\"og:type\" content=\"article\" \/>\n<meta property=\"og:title\" content=\"La Fondazione - Ron Barcel\u00f3\" \/>\n<meta property=\"og:description\" content=\"[vc_row equal_height=&#8221;yes&#8221; content_placement=&#8221;middle&#8221; css=&#8221;.vc_custom_1616953978988{padding-right: 5% !important;padding-left: 5% !important;}&#8221;][vc_column][vc_single_image image=&#8221;4943&#8243; img_size=&#8221;300&#8243; alignment=&#8221;center&#8221; el_id=&#8221;afd-logo&#8221;][\/vc_column][\/vc_row][vc_row el_id=&#8221;our-values&#8221;][vc_column css=&#8221;.vc_custom_1617049100200{background-image: url(https:\/\/ronbarcelo.com\/wp-content\/uploads\/2021\/03\/afd-text-bg.jpg?id=4949) !important;background-position: center !important;background-repeat: no-repeat !important;background-size: cover !important;}&#8221;][\/vc_column][\/vc_row][vc_row][vc_column css=&#8221;.vc_custom_1616947417578{padding-right: 0px !important;padding-left: 0px !important;}&#8221;][\/vc_column][\/vc_row][vc_row equal_height=&#8221;yes&#8221; content_placement=&#8221;middle&#8221; css=&#8221;.vc_custom_1616954003349{padding-right: 5% !important;padding-left: 5% !important;}&#8221;][vc_column][\/vc_column][\/vc_row][vc_row equal_height=&#8221;yes&#8221; content_placement=&#8221;middle&#8221; css=&#8221;.vc_custom_1578650736162{margin-top: 0px !important;}&#8221;][vc_column width=&#8221;1\/2&#8243; css=&#8221;.vc_custom_1616952555825{padding-top: 15% !important;padding-right: 15% !important;padding-bottom: 15% !important;padding-left: 15% !important;background-color: #2c2c2c !important;}&#8221;][vc_row_inner css=&#8221;.vc_custom_1616952395655{border-top-width: 1px !important;border-right-width: 1pxRead More\" \/>\n<meta property=\"og:url\" content=\"https:\/\/ronbarcelo.com\/it\/la-fondazione\/\" \/>\n<meta property=\"og:site_name\" content=\"Ron Barcel\u00f3\" \/>\n<meta property=\"article:modified_time\" content=\"2021-06-13T15:10:48+00:00\" \/>\n<meta property=\"og:image\" content=\"https:\/\/ronbarcelo.com\/wp-content\/uploads\/2021\/03\/fundacionAFD_main.jpg\" \/>\n\t<meta property=\"og:image:width\" content=\"1600\" \/>\n\t<meta property=\"og:image:height\" content=\"689\" \/>\n\t<meta property=\"og:image:type\" content=\"image\/jpeg\" \/>\n<meta name=\"twitter:card\" content=\"summary_large_image\" \/>\n<meta name=\"twitter:label1\" content=\"Tempo di lettura stimato\" \/>\n\t<meta name=\"twitter:data1\" content=\"2 minuti\" \/>\n<script type=\"application\/ld+json\" class=\"yoast-schema-graph\">{\"@context\":\"https:\/\/schema.org\",\"@graph\":[{\"@type\":\"WebPage\",\"@id\":\"https:\/\/ronbarcelo.com\/it\/la-fondazione\/\",\"url\":\"https:\/\/ronbarcelo.com\/it\/la-fondazione\/\",\"name\":\"La Fondazione - Ron Barcel\u00f3\",\"isPartOf\":{\"@id\":\"https:\/\/ronbarcelo.com\/it\/#website\"},\"primaryImageOfPage\":{\"@id\":\"https:\/\/ronbarcelo.com\/it\/la-fondazione\/#primaryimage\"},\"image\":{\"@id\":\"https:\/\/ronbarcelo.com\/it\/la-fondazione\/#primaryimage\"},\"thumbnailUrl\":\"https:\/\/ronbarcelo.com\/wp-content\/uploads\/2021\/03\/fundacionAFD_main.jpg\",\"datePublished\":\"2021-06-13T15:02:29+00:00\",\"dateModified\":\"2021-06-13T15:10:48+00:00\",\"breadcrumb\":{\"@id\":\"https:\/\/ronbarcelo.com\/it\/la-fondazione\/#breadcrumb\"},\"inLanguage\":\"it-IT\",\"potentialAction\":[{\"@type\":\"ReadAction\",\"target\":[\"https:\/\/ronbarcelo.com\/it\/la-fondazione\/\"]}]},{\"@type\":\"ImageObject\",\"inLanguage\":\"it-IT\",\"@id\":\"https:\/\/ronbarcelo.com\/it\/la-fondazione\/#primaryimage\",\"url\":\"https:\/\/ronbarcelo.com\/wp-content\/uploads\/2021\/03\/fundacionAFD_main.jpg\",\"contentUrl\":\"https:\/\/ronbarcelo.com\/wp-content\/uploads\/2021\/03\/fundacionAFD_main.jpg\",\"width\":1600,\"height\":689},{\"@type\":\"BreadcrumbList\",\"@id\":\"https:\/\/ronbarcelo.com\/it\/la-fondazione\/#breadcrumb\",\"itemListElement\":[{\"@type\":\"ListItem\",\"position\":1,\"name\":\"Portada\",\"item\":\"https:\/\/ronbarcelo.com\/it\/\"},{\"@type\":\"ListItem\",\"position\":2,\"name\":\"La Fondazione\"}]},{\"@type\":\"WebSite\",\"@id\":\"https:\/\/ronbarcelo.com\/it\/#website\",\"url\":\"https:\/\/ronbarcelo.com\/it\/\",\"name\":\"Ron Barcel\u00f3\",\"description\":\"Ron Dominicano\",\"publisher\":{\"@id\":\"https:\/\/ronbarcelo.com\/it\/#organization\"},\"potentialAction\":[{\"@type\":\"SearchAction\",\"target\":{\"@type\":\"EntryPoint\",\"urlTemplate\":\"https:\/\/ronbarcelo.com\/it\/?s={search_term_string}\"},\"query-input\":{\"@type\":\"PropertyValueSpecification\",\"valueRequired\":true,\"valueName\":\"search_term_string\"}}],\"inLanguage\":\"it-IT\"},{\"@type\":\"Organization\",\"@id\":\"https:\/\/ronbarcelo.com\/it\/#organization\",\"name\":\"Barcel\u00f3 - Ron Dominicano\",\"url\":\"https:\/\/ronbarcelo.com\/it\/\",\"logo\":{\"@type\":\"ImageObject\",\"inLanguage\":\"it-IT\",\"@id\":\"https:\/\/ronbarcelo.com\/it\/#\/schema\/logo\/image\/\",\"url\":\"https:\/\/ronbarcelo.com\/wp-content\/uploads\/2021\/05\/logo-email.png\",\"contentUrl\":\"https:\/\/ronbarcelo.com\/wp-content\/uploads\/2021\/05\/logo-email.png\",\"width\":150,\"height\":109,\"caption\":\"Barcel\u00f3 - Ron Dominicano\"},\"image\":{\"@id\":\"https:\/\/ronbarcelo.com\/it\/#\/schema\/logo\/image\/\"},\"sameAs\":[\"https:\/\/www.linkedin.com\/company\/ronbarcelo\/\"]}]}<\/script>\n<!-- \/ Yoast SEO plugin. -->","yoast_head_json":{"title":"La Fondazione - Ron Barcel\u00f3","robots":{"index":"index","follow":"follow","max-snippet":"max-snippet:-1","max-image-preview":"max-image-preview:large","max-video-preview":"max-video-preview:-1"},"canonical":"https:\/\/ronbarcelo.com\/it\/la-fondazione\/","og_locale":"it_IT","og_type":"article","og_title":"La Fondazione - Ron Barcel\u00f3","og_description":"[vc_row equal_height=&#8221;yes&#8221; content_placement=&#8221;middle&#8221; css=&#8221;.vc_custom_1616953978988{padding-right: 5% !important;padding-left: 5% !important;}&#8221;][vc_column][vc_single_image image=&#8221;4943&#8243; img_size=&#8221;300&#8243; alignment=&#8221;center&#8221; el_id=&#8221;afd-logo&#8221;][\/vc_column][\/vc_row][vc_row el_id=&#8221;our-values&#8221;][vc_column css=&#8221;.vc_custom_1617049100200{background-image: url(https:\/\/ronbarcelo.com\/wp-content\/uploads\/2021\/03\/afd-text-bg.jpg?id=4949) !important;background-position: center !important;background-repeat: no-repeat !important;background-size: cover !important;}&#8221;][\/vc_column][\/vc_row][vc_row][vc_column css=&#8221;.vc_custom_1616947417578{padding-right: 0px !important;padding-left: 0px !important;}&#8221;][\/vc_column][\/vc_row][vc_row equal_height=&#8221;yes&#8221; content_placement=&#8221;middle&#8221; css=&#8221;.vc_custom_1616954003349{padding-right: 5% !important;padding-left: 5% !important;}&#8221;][vc_column][\/vc_column][\/vc_row][vc_row equal_height=&#8221;yes&#8221; content_placement=&#8221;middle&#8221; css=&#8221;.vc_custom_1578650736162{margin-top: 0px !important;}&#8221;][vc_column width=&#8221;1\/2&#8243; css=&#8221;.vc_custom_1616952555825{padding-top: 15% !important;padding-right: 15% !important;padding-bottom: 15% !important;padding-left: 15% !important;background-color: #2c2c2c !important;}&#8221;][vc_row_inner css=&#8221;.vc_custom_1616952395655{border-top-width: 1px !important;border-right-width: 1pxRead More","og_url":"https:\/\/ronbarcelo.com\/it\/la-fondazione\/","og_site_name":"Ron Barcel\u00f3","article_modified_time":"2021-06-13T15:10:48+00:00","og_image":[{"width":1600,"height":689,"url":"https:\/\/ronbarcelo.com\/wp-content\/uploads\/2021\/03\/fundacionAFD_main.jpg","type":"image\/jpeg"}],"twitter_card":"summary_large_image","twitter_misc":{"Tempo di lettura stimato":"2 minuti"},"schema":{"@context":"https:\/\/schema.org","@graph":[{"@type":"WebPage","@id":"https:\/\/ronbarcelo.com\/it\/la-fondazione\/","url":"https:\/\/ronbarcelo.com\/it\/la-fondazione\/","name":"La Fondazione - Ron Barcel\u00f3","isPartOf":{"@id":"https:\/\/ronbarcelo.com\/it\/#website"},"primaryImageOfPage":{"@id":"https:\/\/ronbarcelo.com\/it\/la-fondazione\/#primaryimage"},"image":{"@id":"https:\/\/ronbarcelo.com\/it\/la-fondazione\/#primaryimage"},"thumbnailUrl":"https:\/\/ronbarcelo.com\/wp-content\/uploads\/2021\/03\/fundacionAFD_main.jpg","datePublished":"2021-06-13T15:02:29+00:00","dateModified":"2021-06-13T15:10:48+00:00","breadcrumb":{"@id":"https:\/\/ronbarcelo.com\/it\/la-fondazione\/#breadcrumb"},"inLanguage":"it-IT","potentialAction":[{"@type":"ReadAction","target":["https:\/\/ronbarcelo.com\/it\/la-fondazione\/"]}]},{"@type":"ImageObject","inLanguage":"it-IT","@id":"https:\/\/ronbarcelo.com\/it\/la-fondazione\/#primaryimage","url":"https:\/\/ronbarcelo.com\/wp-content\/uploads\/2021\/03\/fundacionAFD_main.jpg","contentUrl":"https:\/\/ronbarcelo.com\/wp-content\/uploads\/2021\/03\/fundacionAFD_main.jpg","width":1600,"height":689},{"@type":"BreadcrumbList","@id":"https:\/\/ronbarcelo.com\/it\/la-fondazione\/#breadcrumb","itemListElement":[{"@type":"ListItem","position":1,"name":"Portada","item":"https:\/\/ronbarcelo.com\/it\/"},{"@type":"ListItem","position":2,"name":"La Fondazione"}]},{"@type":"WebSite","@id":"https:\/\/ronbarcelo.com\/it\/#website","url":"https:\/\/ronbarcelo.com\/it\/","name":"Ron Barcel\u00f3","description":"Ron Dominicano","publisher":{"@id":"https:\/\/ronbarcelo.com\/it\/#organization"},"potentialAction":[{"@type":"SearchAction","target":{"@type":"EntryPoint","urlTemplate":"https:\/\/ronbarcelo.com\/it\/?s={search_term_string}"},"query-input":{"@type":"PropertyValueSpecification","valueRequired":true,"valueName":"search_term_string"}}],"inLanguage":"it-IT"},{"@type":"Organization","@id":"https:\/\/ronbarcelo.com\/it\/#organization","name":"Barcel\u00f3 - Ron Dominicano","url":"https:\/\/ronbarcelo.com\/it\/","logo":{"@type":"ImageObject","inLanguage":"it-IT","@id":"https:\/\/ronbarcelo.com\/it\/#\/schema\/logo\/image\/","url":"https:\/\/ronbarcelo.com\/wp-content\/uploads\/2021\/05\/logo-email.png","contentUrl":"https:\/\/ronbarcelo.com\/wp-content\/uploads\/2021\/05\/logo-email.png","width":150,"height":109,"caption":"Barcel\u00f3 - Ron Dominicano"},"image":{"@id":"https:\/\/ronbarcelo.com\/it\/#\/schema\/logo\/image\/"},"sameAs":["https:\/\/www.linkedin.com\/company\/ronbarcelo\/"]}]}},"_links":{"self":[{"href":"https:\/\/ronbarcelo.com\/it\/wp-json\/wp\/v2\/pages\/6235","targetHints":{"allow":["GET"]}}],"collection":[{"href":"https:\/\/ronbarcelo.com\/it\/wp-json\/wp\/v2\/pages"}],"about":[{"href":"https:\/\/ronbarcelo.com\/it\/wp-json\/wp\/v2\/types\/page"}],"author":[{"embeddable":true,"href":"https:\/\/ronbarcelo.com\/it\/wp-json\/wp\/v2\/users\/1"}],"replies":[{"embeddable":true,"href":"https:\/\/ronbarcelo.com\/it\/wp-json\/wp\/v2\/comments?post=6235"}],"version-history":[{"count":8,"href":"https:\/\/ronbarcelo.com\/it\/wp-json\/wp\/v2\/pages\/6235\/revisions"}],"predecessor-version":[{"id":6243,"href":"https:\/\/ronbarcelo.com\/it\/wp-json\/wp\/v2\/pages\/6235\/revisions\/6243"}],"wp:featuredmedia":[{"embeddable":true,"href":"https:\/\/ronbarcelo.com\/it\/wp-json\/wp\/v2\/media\/4933"}],"wp:attachment":[{"href":"https:\/\/ronbarcelo.com\/it\/wp-json\/wp\/v2\/media?parent=6235"}],"curies":[{"name":"wp","href":"https:\/\/api.w.org\/{rel}","templated":true}]}}