{"id":6276,"date":"2021-06-13T17:47:52","date_gmt":"2021-06-13T15:47:52","guid":{"rendered":"https:\/\/ronbarcelo.com\/?page_id=6276"},"modified":"2025-11-28T17:24:33","modified_gmt":"2025-11-28T21:24:33","slug":"tour","status":"publish","type":"page","link":"https:\/\/ronbarcelo.com\/it\/tour\/","title":{"rendered":"Tour"},"content":{"rendered":"<p>[vc_row][vc_column width=&#8221;1\/4&#8243;][\/vc_column][vc_column width=&#8221;1\/2&#8243;]\n\t<div class=\"title-subtitle-box  vc_custom_1623599365796\" style=\" text-align: center;\">\n\t\t<h1 style=\" font-weight: normal;\" class=\"special-title\" >\n\t\t<span class=\"toptitle\" style=\"\">TOUR &amp; PRENOTAZIONI<\/span>Barcel\u00f2 Experience<\/h1>\n\t\t<div class=\"box-description\"><p>Immergiti nel ricco aroma delle nostre riserve di maggior invecchiamento e scopri i processi e l\u2019ubicazione delle nostre barrique botti.<\/p>\n<\/div>\n\t<\/div> [\/vc_column][vc_column width=&#8221;1\/4&#8243;][\/vc_column][\/vc_row][vc_row equal_height=&#8221;yes&#8221; css=&#8221;.vc_custom_1621014517044{padding-right: 0px !important;padding-left: 0px !important;}&#8221;][vc_column width=&#8221;1\/2&#8243; add_reveal_effect=&#8221;yes&#8221;]\n\t<div class=\"gg-clubbox \" style=\"text-align:left;\">\n\t\t<div class=\"club-image\"> <img decoding=\"async\" class=\"wp-post-image\" src=\" https:\/\/ronbarcelo.com\/wp-content\/uploads\/2021\/06\/Fondo-Ticket-Tour-BAN.jpg \" alt=\"Fondo-Ticket-Tour-BAN\" \/> <\/div>\n\t\t<div class=\"gg-clubbox-content gg-left\">\n\t\t<span class=\"club-top-title\" >Tour<\/span>\n\t\t<h3 class=\"club-title\" >A\u00f1ejo Experience<\/h3>\n\t\t<div class=\"club-description\" ><p>Tour interattivo in cui potrai imparare come produciamo il nostro rum e conoscere un po\u2019 della nostra storia mentre gusti un cocktail della casa. Termina il tour nel nostro bar assaporando i nostri rum A\u00f1ejo, Gran A\u00f1ejo e Gran A\u00f1ejo Dark. E non dimenticare di fare una tappa nel nostro negozio di articoli da regalo!<\/p>\n<p>Durata: 1 ora e 15 minuti.<br \/>\nCapacit\u00e0: massimo 30 persone per tour.<\/p>\n<\/div>\n\t\t<p class=\"club-price\" >Costo: 20 USD\/persona <span class=\"club-price-affix\" >Minori di 17 anni Gratis<\/span><\/p>\n\t<div class=\"clearfix\"><\/div><a class=\"club-link button btn-primary\" href=\"\/it\/prodotto\/anejo-experience\/\" title=\"Prenota ora\" target=\"_self\">Prenota ora<\/a>\n\t<\/div>\n\t<\/div>[\/vc_column][vc_column width=&#8221;1\/2&#8243; add_reveal_effect=&#8221;yes&#8221;]\n\t<div class=\"gg-clubbox \" style=\"text-align:left;\">\n\t\t<div class=\"club-image\"> <img decoding=\"async\" class=\"wp-post-image\" src=\" https:\/\/ronbarcelo.com\/wp-content\/uploads\/2021\/06\/Fondo-Ticket-Tour-Imperial.jpg \" alt=\"Fondo-Ticket-Tour-Imperial\" \/> <\/div>\n\t\t<div class=\"gg-clubbox-content gg-left\">\n\t\t<span class=\"club-top-title\" >Tour<\/span>\n\t\t<h3 class=\"club-title\" >Imperial Experience<\/h3>\n\t\t<div class=\"club-description\" ><p>Vivi tutta l\u2019esperienza del Tour A\u00f1ejo Experience aggiungendo una degustazione privata presso una delle nostre cantine per assaporare i nostri rum pi\u00f9 premiati: Imperial, Imperial Onyx e Premium Blend.<\/p>\n<p>Durata: 1 ora e 45 minuti.<br \/>\nCapacit\u00e0: massimo 10 persone per tour.<\/p>\n<\/div>\n\t\t<p class=\"club-price\" >Costo: 40 USD\/persona. <span class=\"club-price-affix\" >Minori di 17 anni Gratis<\/span><\/p>\n\t<div class=\"clearfix\"><\/div><a class=\"club-link button btn-primary\" href=\"\/it\/prodotto\/imperial-experience\/\" title=\"Prenota ora\" target=\"_self\">Prenota ora<\/a>\n\t<\/div>\n\t<\/div>[\/vc_column][\/vc_row][vc_row equal_height=&#8221;yes&#8221; css=&#8221;.vc_custom_1621014517044{padding-right: 0px !important;padding-left: 0px !important;}&#8221;][vc_column width=&#8221;1\/2&#8243; add_reveal_effect=&#8221;yes&#8221;]\n\t<div class=\"gg-clubbox \" style=\"text-align:left;\">\n\t\t<div class=\"club-image\"> <img decoding=\"async\" class=\"wp-post-image\" src=\" https:\/\/ronbarcelo.com\/wp-content\/uploads\/2023\/06\/Fondo-Ticket-Tour-BAN-PLUS.jpg \" alt=\"\" \/> <\/div>\n\t\t<div class=\"gg-clubbox-content gg-left\">\n\t\t<span class=\"club-top-title\" >Tour<\/span>\n\t\t<h3 class=\"club-title\" >A\u00f1ejo PLUS Experience<\/h3>\n\t\t<div class=\"club-description\" ><p>Provate il tour completo A\u00f1ejo Experience, aggiungendo alla vostra degustazione i nostri pregiati rum Imperial e Imperial Onyx.<\/p>\n<p>Durata: 1 ora e 15 minuti.<br \/>\nCapacit\u00e0: massimo 30 persone per tour.<\/p>\n<\/div>\n\t\t<p class=\"club-price\" >Costo: 30 USD\/persona <span class=\"club-price-affix\" >Minori di 17 anni Gratis<\/span><\/p>\n\t<div class=\"clearfix\"><\/div><a class=\"club-link button btn-primary\" href=\"\/it\/prodotto\/anejo-experience\/\" title=\"Prenota ora\" target=\"_self\">Prenota ora<\/a>\n\t<\/div>\n\t<\/div>[\/vc_column][vc_column width=&#8221;1\/2&#8243; add_reveal_effect=&#8221;yes&#8221;]\n\t<div class=\"gg-clubbox \" style=\"text-align:left;\">\n\t\t<div class=\"club-image\"> <img decoding=\"async\" class=\"wp-post-image\" src=\" https:\/\/ronbarcelo.com\/wp-content\/uploads\/2023\/06\/Fondo-Ticket-Tour-Bartender.jpg \" alt=\"\" \/> <\/div>\n\t\t<div class=\"gg-clubbox-content gg-left\">\n\t\t<span class=\"club-top-title\" >Tour<\/span>\n\t\t<h3 class=\"club-title\" >Bartender Experience<\/h3>\n\t\t<div class=\"club-description\" ><p>Arricchite la vostra esperienza con l&#8217;opportunit\u00e0 di diventare Bartender per un giorno! Esplorate la vostra capacit\u00e0 di preparare un cocktail da zero.<\/p>\n<blockquote><p>\n<em>*\u00c8 necessario selezionare almeno una delle 3 esperienze indicate sopra per poter scegliere questo tour.<\/em>\n<\/p><\/blockquote>\n<p>Durata: 30 minuti.<br \/>\nCapacit\u00e0: massimo 6 persone per tour.<\/p>\n<\/div>\n\t\t<p class=\"club-price\" >Costo: 15 USD\/persona. <span class=\"club-price-affix\" >Solo Adulti<\/span><\/p>\n\t<div class=\"clearfix\"><\/div><a class=\"club-link button btn-primary\" href=\"\/it\/prodotto\/bartender-experience\/\" title=\"Prenota ora\" target=\"_self\">Prenota ora<\/a>\n\t<\/div>\n\t<\/div>[\/vc_column][\/vc_row][vc_row equal_height=&#8221;yes&#8221; disable_element=&#8221;yes&#8221; css=&#8221;.vc_custom_1764365068304{padding-right: 0px !important;padding-left: 0px !important;}&#8221;][vc_column width=&#8221;1\/2&#8243; add_reveal_effect=&#8221;yes&#8221;]\n\t<div class=\"gg-clubbox \" style=\"text-align:left;\">\n\t\t<div class=\"club-image\"> <img decoding=\"async\" class=\"wp-post-image\" src=\" https:\/\/ronbarcelo.com\/wp-content\/uploads\/2025\/04\/WhatsApp-Image-2025-04-21-at-15.05.34.jpeg \" alt=\"Isla Ron barcel\u00f3\" \/> <\/div>\n\t\t<div class=\"gg-clubbox-content gg-left\">\n\t\t<span class=\"club-top-title\" >Tour<\/span>\n\t\t<h3 class=\"club-title\" >Isla Ron Barcel\u00f3 Experience<\/h3>\n\t\t<div class=\"club-description\" ><p>Imbarcati in un&#8217;esperienza unica nell&#8217;Isola Ron Barcel\u00f3, un paradiso inesplorato nella regione orientale della Repubblica Dominicana, dove l&#8217;essenza dei Caraibi prende vita sotto il sole tropicale.<\/p>\n<p>Durata: 6 ore circa.<br \/>\nCapacit\u00e0: massimo 30 persone per tour.<\/p>\n<\/div>\n\t\t<p class=\"club-price\" >Costo: Da 55 USD\/persona <span class=\"club-price-affix\" ><\/span><\/p>\n\t<div class=\"clearfix\"><\/div><a class=\"club-link button btn-primary\" href=\"https:\/\/islaronbarcelo.com\" title=\"Prenota ora\" target=\" _blank\">Prenota ora<\/a>\n\t<\/div>\n\t<\/div>[\/vc_column][vc_column width=&#8221;1\/2&#8243; add_reveal_effect=&#8221;yes&#8221;][\/vc_column][\/vc_row]<\/p>\n","protected":false},"excerpt":{"rendered":"<p>[vc_row][vc_column width=&#8221;1\/4&#8243;][\/vc_column][vc_column width=&#8221;1\/2&#8243;][\/vc_column][vc_column width=&#8221;1\/4&#8243;][\/vc_column][\/vc_row][vc_row equal_height=&#8221;yes&#8221; css=&#8221;.vc_custom_1621014517044{padding-right: 0px !important;padding-left: 0px !important;}&#8221;][vc_column width=&#8221;1\/2&#8243; add_reveal_effect=&#8221;yes&#8221;][\/vc_column][vc_column width=&#8221;1\/2&#8243; add_reveal_effect=&#8221;yes&#8221;][\/vc_column][\/vc_row][vc_row equal_height=&#8221;yes&#8221; css=&#8221;.vc_custom_1621014517044{padding-right: 0px !important;padding-left: 0px !important;}&#8221;][vc_column width=&#8221;1\/2&#8243; add_reveal_effect=&#8221;yes&#8221;][\/vc_column][vc_column width=&#8221;1\/2&#8243; add_reveal_effect=&#8221;yes&#8221;][\/vc_column][\/vc_row][vc_row equal_height=&#8221;yes&#8221; disable_element=&#8221;yes&#8221; css=&#8221;.vc_custom_1764365068304{padding-right: 0px !important;padding-left: 0px !important;}&#8221;][vc_column width=&#8221;1\/2&#8243; add_reveal_effect=&#8221;yes&#8221;][\/vc_column][vc_column width=&#8221;1\/2&#8243; add_reveal_effect=&#8221;yes&#8221;][\/vc_column][\/vc_row]<\/p>\n","protected":false},"author":1,"featured_media":4741,"parent":0,"menu_order":0,"comment_status":"closed","ping_status":"closed","template":"","meta":{"footnotes":""},"class_list":["post-6276","page","type-page","status-publish","has-post-thumbnail","hentry","has_thumb"],"yoast_head":"<!-- This site is optimized with the Yoast SEO plugin v24.9 - https:\/\/yoast.com\/wordpress\/plugins\/seo\/ -->\n<title>Tour - Ron Barcel\u00f3<\/title>\n<meta name=\"description\" content=\"Prenota il tuo Rum Tour di Ron Barcel\u00f3 per vivere un\u2019esperienza unica nel paradiso della Repubblica Dominicana.\" \/>\n<meta name=\"robots\" content=\"index, follow, max-snippet:-1, max-image-preview:large, max-video-preview:-1\" \/>\n<link rel=\"canonical\" href=\"https:\/\/ronbarcelo.com\/it\/tour\/\" \/>\n<meta property=\"og:locale\" content=\"it_IT\" \/>\n<meta property=\"og:type\" content=\"article\" \/>\n<meta property=\"og:title\" content=\"Tour - Ron Barcel\u00f3\" \/>\n<meta property=\"og:description\" content=\"Prenota il tuo Rum Tour di Ron Barcel\u00f3 per vivere un\u2019esperienza unica nel paradiso della Repubblica Dominicana.\" \/>\n<meta property=\"og:url\" content=\"https:\/\/ronbarcelo.com\/it\/tour\/\" \/>\n<meta property=\"og:site_name\" content=\"Ron Barcel\u00f3\" \/>\n<meta property=\"article:modified_time\" content=\"2025-11-28T21:24:33+00:00\" \/>\n<meta property=\"og:image\" content=\"https:\/\/ronbarcelo.com\/wp-content\/uploads\/2021\/03\/centro-historico_main.jpg\" \/>\n\t<meta property=\"og:image:width\" content=\"1600\" \/>\n\t<meta property=\"og:image:height\" content=\"690\" \/>\n\t<meta property=\"og:image:type\" content=\"image\/jpeg\" \/>\n<meta name=\"twitter:card\" content=\"summary_large_image\" \/>\n<meta name=\"twitter:label1\" content=\"Tempo di lettura stimato\" \/>\n\t<meta name=\"twitter:data1\" content=\"2 minuti\" \/>\n<script type=\"application\/ld+json\" class=\"yoast-schema-graph\">{\"@context\":\"https:\/\/schema.org\",\"@graph\":[{\"@type\":\"WebPage\",\"@id\":\"https:\/\/ronbarcelo.com\/it\/tour\/\",\"url\":\"https:\/\/ronbarcelo.com\/it\/tour\/\",\"name\":\"Tour - Ron Barcel\u00f3\",\"isPartOf\":{\"@id\":\"https:\/\/ronbarcelo.com\/it\/#website\"},\"primaryImageOfPage\":{\"@id\":\"https:\/\/ronbarcelo.com\/it\/tour\/#primaryimage\"},\"image\":{\"@id\":\"https:\/\/ronbarcelo.com\/it\/tour\/#primaryimage\"},\"thumbnailUrl\":\"https:\/\/ronbarcelo.com\/wp-content\/uploads\/2021\/03\/centro-historico_main.jpg\",\"datePublished\":\"2021-06-13T15:47:52+00:00\",\"dateModified\":\"2025-11-28T21:24:33+00:00\",\"description\":\"Prenota il tuo Rum Tour di Ron Barcel\u00f3 per vivere un\u2019esperienza unica nel paradiso della Repubblica Dominicana.\",\"breadcrumb\":{\"@id\":\"https:\/\/ronbarcelo.com\/it\/tour\/#breadcrumb\"},\"inLanguage\":\"it-IT\",\"potentialAction\":[{\"@type\":\"ReadAction\",\"target\":[\"https:\/\/ronbarcelo.com\/it\/tour\/\"]}]},{\"@type\":\"ImageObject\",\"inLanguage\":\"it-IT\",\"@id\":\"https:\/\/ronbarcelo.com\/it\/tour\/#primaryimage\",\"url\":\"https:\/\/ronbarcelo.com\/wp-content\/uploads\/2021\/03\/centro-historico_main.jpg\",\"contentUrl\":\"https:\/\/ronbarcelo.com\/wp-content\/uploads\/2021\/03\/centro-historico_main.jpg\",\"width\":1600,\"height\":690,\"caption\":\"dominican republic rum tours\"},{\"@type\":\"BreadcrumbList\",\"@id\":\"https:\/\/ronbarcelo.com\/it\/tour\/#breadcrumb\",\"itemListElement\":[{\"@type\":\"ListItem\",\"position\":1,\"name\":\"Portada\",\"item\":\"https:\/\/ronbarcelo.com\/it\/\"},{\"@type\":\"ListItem\",\"position\":2,\"name\":\"Tour\"}]},{\"@type\":\"WebSite\",\"@id\":\"https:\/\/ronbarcelo.com\/it\/#website\",\"url\":\"https:\/\/ronbarcelo.com\/it\/\",\"name\":\"Ron Barcel\u00f3\",\"description\":\"Ron Dominicano\",\"publisher\":{\"@id\":\"https:\/\/ronbarcelo.com\/it\/#organization\"},\"potentialAction\":[{\"@type\":\"SearchAction\",\"target\":{\"@type\":\"EntryPoint\",\"urlTemplate\":\"https:\/\/ronbarcelo.com\/it\/?s={search_term_string}\"},\"query-input\":{\"@type\":\"PropertyValueSpecification\",\"valueRequired\":true,\"valueName\":\"search_term_string\"}}],\"inLanguage\":\"it-IT\"},{\"@type\":\"Organization\",\"@id\":\"https:\/\/ronbarcelo.com\/it\/#organization\",\"name\":\"Barcel\u00f3 - Ron Dominicano\",\"url\":\"https:\/\/ronbarcelo.com\/it\/\",\"logo\":{\"@type\":\"ImageObject\",\"inLanguage\":\"it-IT\",\"@id\":\"https:\/\/ronbarcelo.com\/it\/#\/schema\/logo\/image\/\",\"url\":\"https:\/\/ronbarcelo.com\/wp-content\/uploads\/2021\/05\/logo-email.png\",\"contentUrl\":\"https:\/\/ronbarcelo.com\/wp-content\/uploads\/2021\/05\/logo-email.png\",\"width\":150,\"height\":109,\"caption\":\"Barcel\u00f3 - Ron Dominicano\"},\"image\":{\"@id\":\"https:\/\/ronbarcelo.com\/it\/#\/schema\/logo\/image\/\"},\"sameAs\":[\"https:\/\/www.linkedin.com\/company\/ronbarcelo\/\"]}]}<\/script>\n<!-- \/ Yoast SEO plugin. -->","yoast_head_json":{"title":"Tour - Ron Barcel\u00f3","description":"Prenota il tuo Rum Tour di Ron Barcel\u00f3 per vivere un\u2019esperienza unica nel paradiso della Repubblica Dominicana.","robots":{"index":"index","follow":"follow","max-snippet":"max-snippet:-1","max-image-preview":"max-image-preview:large","max-video-preview":"max-video-preview:-1"},"canonical":"https:\/\/ronbarcelo.com\/it\/tour\/","og_locale":"it_IT","og_type":"article","og_title":"Tour - Ron Barcel\u00f3","og_description":"Prenota il tuo Rum Tour di Ron Barcel\u00f3 per vivere un\u2019esperienza unica nel paradiso della Repubblica Dominicana.","og_url":"https:\/\/ronbarcelo.com\/it\/tour\/","og_site_name":"Ron Barcel\u00f3","article_modified_time":"2025-11-28T21:24:33+00:00","og_image":[{"width":1600,"height":690,"url":"https:\/\/ronbarcelo.com\/wp-content\/uploads\/2021\/03\/centro-historico_main.jpg","type":"image\/jpeg"}],"twitter_card":"summary_large_image","twitter_misc":{"Tempo di lettura stimato":"2 minuti"},"schema":{"@context":"https:\/\/schema.org","@graph":[{"@type":"WebPage","@id":"https:\/\/ronbarcelo.com\/it\/tour\/","url":"https:\/\/ronbarcelo.com\/it\/tour\/","name":"Tour - Ron Barcel\u00f3","isPartOf":{"@id":"https:\/\/ronbarcelo.com\/it\/#website"},"primaryImageOfPage":{"@id":"https:\/\/ronbarcelo.com\/it\/tour\/#primaryimage"},"image":{"@id":"https:\/\/ronbarcelo.com\/it\/tour\/#primaryimage"},"thumbnailUrl":"https:\/\/ronbarcelo.com\/wp-content\/uploads\/2021\/03\/centro-historico_main.jpg","datePublished":"2021-06-13T15:47:52+00:00","dateModified":"2025-11-28T21:24:33+00:00","description":"Prenota il tuo Rum Tour di Ron Barcel\u00f3 per vivere un\u2019esperienza unica nel paradiso della Repubblica Dominicana.","breadcrumb":{"@id":"https:\/\/ronbarcelo.com\/it\/tour\/#breadcrumb"},"inLanguage":"it-IT","potentialAction":[{"@type":"ReadAction","target":["https:\/\/ronbarcelo.com\/it\/tour\/"]}]},{"@type":"ImageObject","inLanguage":"it-IT","@id":"https:\/\/ronbarcelo.com\/it\/tour\/#primaryimage","url":"https:\/\/ronbarcelo.com\/wp-content\/uploads\/2021\/03\/centro-historico_main.jpg","contentUrl":"https:\/\/ronbarcelo.com\/wp-content\/uploads\/2021\/03\/centro-historico_main.jpg","width":1600,"height":690,"caption":"dominican republic rum tours"},{"@type":"BreadcrumbList","@id":"https:\/\/ronbarcelo.com\/it\/tour\/#breadcrumb","itemListElement":[{"@type":"ListItem","position":1,"name":"Portada","item":"https:\/\/ronbarcelo.com\/it\/"},{"@type":"ListItem","position":2,"name":"Tour"}]},{"@type":"WebSite","@id":"https:\/\/ronbarcelo.com\/it\/#website","url":"https:\/\/ronbarcelo.com\/it\/","name":"Ron Barcel\u00f3","description":"Ron Dominicano","publisher":{"@id":"https:\/\/ronbarcelo.com\/it\/#organization"},"potentialAction":[{"@type":"SearchAction","target":{"@type":"EntryPoint","urlTemplate":"https:\/\/ronbarcelo.com\/it\/?s={search_term_string}"},"query-input":{"@type":"PropertyValueSpecification","valueRequired":true,"valueName":"search_term_string"}}],"inLanguage":"it-IT"},{"@type":"Organization","@id":"https:\/\/ronbarcelo.com\/it\/#organization","name":"Barcel\u00f3 - Ron Dominicano","url":"https:\/\/ronbarcelo.com\/it\/","logo":{"@type":"ImageObject","inLanguage":"it-IT","@id":"https:\/\/ronbarcelo.com\/it\/#\/schema\/logo\/image\/","url":"https:\/\/ronbarcelo.com\/wp-content\/uploads\/2021\/05\/logo-email.png","contentUrl":"https:\/\/ronbarcelo.com\/wp-content\/uploads\/2021\/05\/logo-email.png","width":150,"height":109,"caption":"Barcel\u00f3 - Ron Dominicano"},"image":{"@id":"https:\/\/ronbarcelo.com\/it\/#\/schema\/logo\/image\/"},"sameAs":["https:\/\/www.linkedin.com\/company\/ronbarcelo\/"]}]}},"_links":{"self":[{"href":"https:\/\/ronbarcelo.com\/it\/wp-json\/wp\/v2\/pages\/6276","targetHints":{"allow":["GET"]}}],"collection":[{"href":"https:\/\/ronbarcelo.com\/it\/wp-json\/wp\/v2\/pages"}],"about":[{"href":"https:\/\/ronbarcelo.com\/it\/wp-json\/wp\/v2\/types\/page"}],"author":[{"embeddable":true,"href":"https:\/\/ronbarcelo.com\/it\/wp-json\/wp\/v2\/users\/1"}],"replies":[{"embeddable":true,"href":"https:\/\/ronbarcelo.com\/it\/wp-json\/wp\/v2\/comments?post=6276"}],"version-history":[{"count":19,"href":"https:\/\/ronbarcelo.com\/it\/wp-json\/wp\/v2\/pages\/6276\/revisions"}],"predecessor-version":[{"id":13189,"href":"https:\/\/ronbarcelo.com\/it\/wp-json\/wp\/v2\/pages\/6276\/revisions\/13189"}],"wp:featuredmedia":[{"embeddable":true,"href":"https:\/\/ronbarcelo.com\/it\/wp-json\/wp\/v2\/media\/4741"}],"wp:attachment":[{"href":"https:\/\/ronbarcelo.com\/it\/wp-json\/wp\/v2\/media?parent=6276"}],"curies":[{"name":"wp","href":"https:\/\/api.w.org\/{rel}","templated":true}]}}